{"id":1924,"date":"2017-10-09T19:54:31","date_gmt":"2017-10-09T16:54:31","guid":{"rendered":"https:\/\/nordlinekumblustunnid.ee\/fiberglass-work\/"},"modified":"2021-09-03T14:40:27","modified_gmt":"2021-09-03T11:40:27","slug":"fiberglass-work","status":"publish","type":"page","link":"https:\/\/nordlinekumblustunnid.ee\/en\/fiberglass-work\/","title":{"rendered":"Fiberglass work"},"content":{"rendered":"<h1>Fiberglass work<\/h1>\n<p>Klaasplast (klaasfiiber) on v\u00e4ga tugev ja ilmastikukindel materjal. S\u00f5ltuvalt paksusest v\u00f5ib sellega saavutada \u00e4\u00e4rmiselt suure vastupidavuse ja pika kasutusaja. Detaile saab valmistada v\u00e4ga erinevate kujudega ja disainiga. Klaasplasti v\u00e4rvivalikus on k\u00f5ik <a href=\"http:\/\/www.ralcolor.com\/\" target=\"_blank\" rel=\"noopener\">RAL<\/a> v\u00e4rvitoonid.<\/p>\n<p>Klaasplastik t\u00f6\u00f6d on meie igap\u00e4evane tegevus. Oleme p\u00e4devad tegema mistahes t\u00f6id ja uuendusi. Meie juurest saab kogu teenuse. Valmistame v\u00e4ga erinevaid tooteid autodele, ehitustele, reklaamifirmadele ning oleme abiks olnud erivaldkonna toodete parandamisel.<\/p>\n<p>Meie k\u00f5ige suurem projekt on olnud <a href=\"http:\/\/www.shee.eu\/news\" target=\"_blank\" rel=\"noopener\">MARSIMAJA<\/a> ehitus, kus olime kaasatud klaasplastt\u00f6\u00f6de tegemisel.<\/p>\n<figure id=\"attachment_1570\" aria-describedby=\"caption-attachment-1570\" style=\"width: 384px\" class=\"wp-caption alignnone\"><img loading=\"lazy\" decoding=\"async\" class=\" wp-image-1570\" src=\"https:\/\/nordlinekumblustunnid.ee\/wp-content\/uploads\/2017\/10\/Moorotpaat-Nordline-51-6.jpg\" alt=\"Marsimaja\" width=\"384\" height=\"229\" \/><figcaption id=\"caption-attachment-1570\" class=\"wp-caption-text\">Marsimaja<\/figcaption><\/figure>\n<h1>Detailide ja vormide valmistamine<\/h1>\n<p>Klaasfiibrist on v\u00f5imalik valmistada v\u00e4ga erinevaid tooteid. Materjal ise on v\u00e4ga tugev, kerge ja ilmastikukindel. V\u00f5imalik on detaile klaasfiibriga katta v\u00f5i teha juba spetsiaalsed vormid, millega toodete valmistamine hiljem on tunduvalt lihtsam ja odavam. Vormide hinnad kujunevad alati l\u00e4bir\u00e4\u00e4kimiste k\u00e4igus.<\/p>\n<p><iframe loading=\"lazy\" src=\"https:\/\/www.youtube.com\/embed\/pJN-VRU9_4g\" width=\"460\" height=\"215\" frameborder=\"0\" allowfullscreen=\"allowfullscreen\"><\/iframe><\/p>\n<p><em>Klaasplast toote eemaldamine vormist.<\/em><\/p>\n<h1>Klaasfiiber toodete parandamine<\/h1>\n<p>Tihti tuleb parandada mitte ainult paate, vaid erinevaid klaasfiiber detaile. Lisaks klaasfiibrile on v\u00f5imalik parandada mitmeid plastikdetaile. Selleks, et saada t\u00e4psemat hinda, palume v\u00f5tta meiega \u00fchendust. Hind kujuneb plastiku kulust ja kulunud t\u00f6\u00f6ajast.\u00a0Lisaks plastikt\u00f6\u00f6dele teeme viimistlust\u00f6id ja v\u00e4rvimist.<\/p>\n<p><img loading=\"lazy\" decoding=\"async\" class=\"alignnone wp-image-2024 size-medium\" src=\"https:\/\/nordlinekumblustunnid.ee\/wp-content\/uploads\/2017\/10\/Klaasplast-parandus-225x300.jpg\" alt=\"\" width=\"225\" height=\"300\" srcset=\"https:\/\/nordlinekumblustunnid.ee\/wp-content\/uploads\/2017\/10\/Klaasplast-parandus-225x300.jpg 225w, https:\/\/nordlinekumblustunnid.ee\/wp-content\/uploads\/2017\/10\/Klaasplast-parandus-768x1024.jpg 768w, https:\/\/nordlinekumblustunnid.ee\/wp-content\/uploads\/2017\/10\/Klaasplast-parandus-555x740.jpg 555w, https:\/\/nordlinekumblustunnid.ee\/wp-content\/uploads\/2017\/10\/Klaasplast-parandus.jpg 960w\" sizes=\"auto, (max-width: 225px) 100vw, 225px\" \/><\/p>\n<h1>Paatide parandamine ja\u00a0restaureerimine<\/h1>\n<p>Paadipood O\u00dc peamiseks tegevusalaks on klaasfiibrist toodete valmistamine. Enamuse meie tootevalikust moodustavad paadid. Oleme parandanud hulgaliselt paate, teinud tugevdust\u00f6id ja ehitanud \u00fcmber. Lisaks paatide tootmisele on meil ka \u00f5igus l\u00e4bi viia katsetusi.<\/p>\n<p><img loading=\"lazy\" decoding=\"async\" class=\"alignnone wp-image-2018 size-medium\" src=\"https:\/\/nordlinekumblustunnid.ee\/wp-content\/uploads\/2017\/10\/klaasplast-t\u00f6\u00f6d-300x225-300x225.jpg\" alt=\"\" width=\"300\" height=\"225\" \/><\/p>\n<p><em>Paadi\u00a0restaureerimine<\/em><\/p>\n<p><strong>Tasuta konsultatsiooniks ja hinnapakkumiseks helista meile\u00a0+372 5055152<\/strong><br \/>\n<strong> v\u00f5i kirjuta\u00a0paadipood(at)paadipood.ee<\/strong><br \/>\n<p class=\"wpcf7-contact-form-not-found\"><strong>Error:<\/strong> Contact form not found.<\/p><\/p>\n","protected":false},"excerpt":{"rendered":"<p>Fiberglass work Klaasplast (klaasfiiber) on v\u00e4ga tugev ja ilmastikukindel materjal. S\u00f5ltuvalt paksusest v\u00f5ib sellega saavutada \u00e4\u00e4rmiselt suure vastupidavuse ja pika kasutusaja. Detaile saab valmistada v\u00e4ga erinevate kujudega ja disainiga. Klaasplasti v\u00e4rvivalikus on k\u00f5ik RAL v\u00e4rvitoonid. Klaasplastik t\u00f6\u00f6d on meie igap\u00e4evane tegevus. Oleme p\u00e4devad tegema mistahes t\u00f6id ja uuendusi. Meie juurest saab kogu teenuse. Valmistame v\u00e4ga&#8230;<\/p>\n","protected":false},"author":2,"featured_media":0,"parent":0,"menu_order":0,"comment_status":"closed","ping_status":"closed","template":"","meta":{"_kad_blocks_custom_css":"","_kad_blocks_head_custom_js":"","_kad_blocks_body_custom_js":"","_kad_blocks_footer_custom_js":"","_kad_post_transparent":"","_kad_post_title":"","_kad_post_layout":"left","_kad_post_sidebar_id":"sidebar-secondary","_kad_post_content_style":"","_kad_post_vertical_padding":"","_kad_post_feature":"","_kad_post_feature_position":"","_kad_post_header":false,"_kad_post_footer":false,"_kad_post_classname":"","footnotes":""},"class_list":["post-1924","page","type-page","status-publish","hentry"],"yoast_head":"<!-- This site is optimized with the Yoast SEO plugin v27.5 - https:\/\/yoast.com\/product\/yoast-seo-wordpress\/ -->\n<title>Fiberglass work - NordLine k\u00fcmblust\u00fcnnide tootja<\/title>\n<meta name=\"robots\" content=\"index, follow, max-snippet:-1, max-image-preview:large, max-video-preview:-1\" \/>\n<link rel=\"canonical\" href=\"https:\/\/nordlinekumblustunnid.ee\/en\/fiberglass-work\/\" \/>\n<meta property=\"og:locale\" content=\"en_US\" \/>\n<meta property=\"og:type\" content=\"article\" \/>\n<meta property=\"og:title\" content=\"Fiberglass work - NordLine k\u00fcmblust\u00fcnnide tootja\" \/>\n<meta property=\"og:description\" content=\"Fiberglass work Klaasplast (klaasfiiber) on v\u00e4ga tugev ja ilmastikukindel materjal. S\u00f5ltuvalt paksusest v\u00f5ib sellega saavutada \u00e4\u00e4rmiselt suure vastupidavuse ja pika kasutusaja. Detaile saab valmistada v\u00e4ga erinevate kujudega ja disainiga. Klaasplasti v\u00e4rvivalikus on k\u00f5ik RAL v\u00e4rvitoonid. Klaasplastik t\u00f6\u00f6d on meie igap\u00e4evane tegevus. Oleme p\u00e4devad tegema mistahes t\u00f6id ja uuendusi. Meie juurest saab kogu teenuse. Valmistame v\u00e4ga...\" \/>\n<meta property=\"og:url\" content=\"https:\/\/nordlinekumblustunnid.ee\/en\/fiberglass-work\/\" \/>\n<meta property=\"og:site_name\" content=\"NordLine k\u00fcmblust\u00fcnnide tootja\" \/>\n<meta property=\"article:publisher\" content=\"https:\/\/www.facebook.com\/nordlineboats\" \/>\n<meta property=\"article:modified_time\" content=\"2021-09-03T11:40:27+00:00\" \/>\n<meta property=\"og:image\" content=\"https:\/\/nordlinekumblustunnid.ee\/wp-content\/uploads\/2017\/10\/Moorotpaat-Nordline-51-6.jpg\" \/>\n<meta name=\"twitter:card\" content=\"summary_large_image\" \/>\n<meta name=\"twitter:label1\" content=\"Est. reading time\" \/>\n\t<meta name=\"twitter:data1\" content=\"2 minutes\" \/>\n<script type=\"application\/ld+json\" class=\"yoast-schema-graph\">{\"@context\":\"https:\\\/\\\/schema.org\",\"@graph\":[{\"@type\":\"WebPage\",\"@id\":\"https:\\\/\\\/nordlinekumblustunnid.ee\\\/en\\\/fiberglass-work\\\/\",\"url\":\"https:\\\/\\\/nordlinekumblustunnid.ee\\\/en\\\/fiberglass-work\\\/\",\"name\":\"Fiberglass work - NordLine k\u00fcmblust\u00fcnnide tootja\",\"isPartOf\":{\"@id\":\"https:\\\/\\\/nordlinekumblustunnid.ee\\\/en\\\/#website\"},\"primaryImageOfPage\":{\"@id\":\"https:\\\/\\\/nordlinekumblustunnid.ee\\\/en\\\/fiberglass-work\\\/#primaryimage\"},\"image\":{\"@id\":\"https:\\\/\\\/nordlinekumblustunnid.ee\\\/en\\\/fiberglass-work\\\/#primaryimage\"},\"thumbnailUrl\":\"https:\\\/\\\/nordlinekumblustunnid.ee\\\/wp-content\\\/uploads\\\/2017\\\/10\\\/Moorotpaat-Nordline-51-6.jpg\",\"datePublished\":\"2017-10-09T16:54:31+00:00\",\"dateModified\":\"2021-09-03T11:40:27+00:00\",\"breadcrumb\":{\"@id\":\"https:\\\/\\\/nordlinekumblustunnid.ee\\\/en\\\/fiberglass-work\\\/#breadcrumb\"},\"inLanguage\":\"en-US\",\"potentialAction\":[{\"@type\":\"ReadAction\",\"target\":[\"https:\\\/\\\/nordlinekumblustunnid.ee\\\/en\\\/fiberglass-work\\\/\"]}]},{\"@type\":\"ImageObject\",\"inLanguage\":\"en-US\",\"@id\":\"https:\\\/\\\/nordlinekumblustunnid.ee\\\/en\\\/fiberglass-work\\\/#primaryimage\",\"url\":\"https:\\\/\\\/nordlinekumblustunnid.ee\\\/wp-content\\\/uploads\\\/2017\\\/10\\\/Moorotpaat-Nordline-51-6.jpg\",\"contentUrl\":\"https:\\\/\\\/nordlinekumblustunnid.ee\\\/wp-content\\\/uploads\\\/2017\\\/10\\\/Moorotpaat-Nordline-51-6.jpg\"},{\"@type\":\"BreadcrumbList\",\"@id\":\"https:\\\/\\\/nordlinekumblustunnid.ee\\\/en\\\/fiberglass-work\\\/#breadcrumb\",\"itemListElement\":[{\"@type\":\"ListItem\",\"position\":1,\"name\":\"Home\",\"item\":\"https:\\\/\\\/nordlinekumblustunnid.ee\\\/en\\\/\"},{\"@type\":\"ListItem\",\"position\":2,\"name\":\"Fiberglass work\"}]},{\"@type\":\"WebSite\",\"@id\":\"https:\\\/\\\/nordlinekumblustunnid.ee\\\/en\\\/#website\",\"url\":\"https:\\\/\\\/nordlinekumblustunnid.ee\\\/en\\\/\",\"name\":\"NordLine k\u00fcmblust\u00fcnnide tootja\",\"description\":\"\",\"potentialAction\":[{\"@type\":\"SearchAction\",\"target\":{\"@type\":\"EntryPoint\",\"urlTemplate\":\"https:\\\/\\\/nordlinekumblustunnid.ee\\\/en\\\/?s={search_term_string}\"},\"query-input\":{\"@type\":\"PropertyValueSpecification\",\"valueRequired\":true,\"valueName\":\"search_term_string\"}}],\"inLanguage\":\"en-US\"}]}<\/script>\n<!-- \/ Yoast SEO plugin. -->","yoast_head_json":{"title":"Fiberglass work - NordLine k\u00fcmblust\u00fcnnide tootja","robots":{"index":"index","follow":"follow","max-snippet":"max-snippet:-1","max-image-preview":"max-image-preview:large","max-video-preview":"max-video-preview:-1"},"canonical":"https:\/\/nordlinekumblustunnid.ee\/en\/fiberglass-work\/","og_locale":"en_US","og_type":"article","og_title":"Fiberglass work - NordLine k\u00fcmblust\u00fcnnide tootja","og_description":"Fiberglass work Klaasplast (klaasfiiber) on v\u00e4ga tugev ja ilmastikukindel materjal. S\u00f5ltuvalt paksusest v\u00f5ib sellega saavutada \u00e4\u00e4rmiselt suure vastupidavuse ja pika kasutusaja. Detaile saab valmistada v\u00e4ga erinevate kujudega ja disainiga. Klaasplasti v\u00e4rvivalikus on k\u00f5ik RAL v\u00e4rvitoonid. Klaasplastik t\u00f6\u00f6d on meie igap\u00e4evane tegevus. Oleme p\u00e4devad tegema mistahes t\u00f6id ja uuendusi. Meie juurest saab kogu teenuse. Valmistame v\u00e4ga...","og_url":"https:\/\/nordlinekumblustunnid.ee\/en\/fiberglass-work\/","og_site_name":"NordLine k\u00fcmblust\u00fcnnide tootja","article_publisher":"https:\/\/www.facebook.com\/nordlineboats","article_modified_time":"2021-09-03T11:40:27+00:00","og_image":[{"url":"https:\/\/nordlinekumblustunnid.ee\/wp-content\/uploads\/2017\/10\/Moorotpaat-Nordline-51-6.jpg","type":"","width":"","height":""}],"twitter_card":"summary_large_image","twitter_misc":{"Est. reading time":"2 minutes"},"schema":{"@context":"https:\/\/schema.org","@graph":[{"@type":"WebPage","@id":"https:\/\/nordlinekumblustunnid.ee\/en\/fiberglass-work\/","url":"https:\/\/nordlinekumblustunnid.ee\/en\/fiberglass-work\/","name":"Fiberglass work - NordLine k\u00fcmblust\u00fcnnide tootja","isPartOf":{"@id":"https:\/\/nordlinekumblustunnid.ee\/en\/#website"},"primaryImageOfPage":{"@id":"https:\/\/nordlinekumblustunnid.ee\/en\/fiberglass-work\/#primaryimage"},"image":{"@id":"https:\/\/nordlinekumblustunnid.ee\/en\/fiberglass-work\/#primaryimage"},"thumbnailUrl":"https:\/\/nordlinekumblustunnid.ee\/wp-content\/uploads\/2017\/10\/Moorotpaat-Nordline-51-6.jpg","datePublished":"2017-10-09T16:54:31+00:00","dateModified":"2021-09-03T11:40:27+00:00","breadcrumb":{"@id":"https:\/\/nordlinekumblustunnid.ee\/en\/fiberglass-work\/#breadcrumb"},"inLanguage":"en-US","potentialAction":[{"@type":"ReadAction","target":["https:\/\/nordlinekumblustunnid.ee\/en\/fiberglass-work\/"]}]},{"@type":"ImageObject","inLanguage":"en-US","@id":"https:\/\/nordlinekumblustunnid.ee\/en\/fiberglass-work\/#primaryimage","url":"https:\/\/nordlinekumblustunnid.ee\/wp-content\/uploads\/2017\/10\/Moorotpaat-Nordline-51-6.jpg","contentUrl":"https:\/\/nordlinekumblustunnid.ee\/wp-content\/uploads\/2017\/10\/Moorotpaat-Nordline-51-6.jpg"},{"@type":"BreadcrumbList","@id":"https:\/\/nordlinekumblustunnid.ee\/en\/fiberglass-work\/#breadcrumb","itemListElement":[{"@type":"ListItem","position":1,"name":"Home","item":"https:\/\/nordlinekumblustunnid.ee\/en\/"},{"@type":"ListItem","position":2,"name":"Fiberglass work"}]},{"@type":"WebSite","@id":"https:\/\/nordlinekumblustunnid.ee\/en\/#website","url":"https:\/\/nordlinekumblustunnid.ee\/en\/","name":"NordLine k\u00fcmblust\u00fcnnide tootja","description":"","potentialAction":[{"@type":"SearchAction","target":{"@type":"EntryPoint","urlTemplate":"https:\/\/nordlinekumblustunnid.ee\/en\/?s={search_term_string}"},"query-input":{"@type":"PropertyValueSpecification","valueRequired":true,"valueName":"search_term_string"}}],"inLanguage":"en-US"}]}},"taxonomy_info":[],"featured_image_src_large":false,"author_info":{"display_name":"Hannes K\u00e4rsna","author_link":"https:\/\/nordlinekumblustunnid.ee\/en\/author\/hannes\/"},"comment_info":"","_links":{"self":[{"href":"https:\/\/nordlinekumblustunnid.ee\/en\/wp-json\/wp\/v2\/pages\/1924","targetHints":{"allow":["GET"]}}],"collection":[{"href":"https:\/\/nordlinekumblustunnid.ee\/en\/wp-json\/wp\/v2\/pages"}],"about":[{"href":"https:\/\/nordlinekumblustunnid.ee\/en\/wp-json\/wp\/v2\/types\/page"}],"author":[{"embeddable":true,"href":"https:\/\/nordlinekumblustunnid.ee\/en\/wp-json\/wp\/v2\/users\/2"}],"replies":[{"embeddable":true,"href":"https:\/\/nordlinekumblustunnid.ee\/en\/wp-json\/wp\/v2\/comments?post=1924"}],"version-history":[{"count":2,"href":"https:\/\/nordlinekumblustunnid.ee\/en\/wp-json\/wp\/v2\/pages\/1924\/revisions"}],"predecessor-version":[{"id":5403,"href":"https:\/\/nordlinekumblustunnid.ee\/en\/wp-json\/wp\/v2\/pages\/1924\/revisions\/5403"}],"wp:attachment":[{"href":"https:\/\/nordlinekumblustunnid.ee\/en\/wp-json\/wp\/v2\/media?parent=1924"}],"curies":[{"name":"wp","href":"https:\/\/api.w.org\/{rel}","templated":true}]}}