{"id":1936,"date":"2017-10-09T20:33:18","date_gmt":"2017-10-09T17:33:18","guid":{"rendered":"https:\/\/nordlinekumblustunnid.ee\/paadipood-ou\/"},"modified":"2018-02-25T13:42:51","modified_gmt":"2018-02-25T11:42:51","slug":"paadipood-ou","status":"publish","type":"page","link":"https:\/\/nordlinekumblustunnid.ee\/en\/paadipood-ou\/","title":{"rendered":"Paadipood O\u00dc"},"content":{"rendered":"<h1>Paadipood O\u00dc<\/h1>\n<p>on arvestatava paadivalikuga ettev\u00f5te, mis on loodud aastal 2006, kuid kompetentsi selles vallas omame juba aastast 2000. Meie valikusse kuuluvad v\u00e4ga erinevaks otstarbeks m\u00f5eldud s\u00f5ude- ja mootorpaadid. Meie\u00a0mudelid on v\u00e4lja t\u00f6\u00f6tatud ja testitud pika aja jooksul ning\u00a0omadustelt kindlasti \u00fched parimatest p\u00f5hjamaade paatidest.<\/p>\n<h2>Ettev\u00f5te on sertifitseeritud paatide valmistaja ja katsetaja.<\/h2>\n<p>K\u00f5ik meie tooted on <strong><a href=\"http:\/\/europa.eu\/youreurope\/business\/product\/ce-mark\/index_et.htm\" target=\"_blank\" rel=\"noopener\">CE sertifitseritud<\/a><\/strong>. Enamus\u00a0protsesse toimub <a href=\"http:\/\/www.evs.ee\/\" target=\"_blank\" rel=\"noopener\">ISO standardite<\/a> j\u00e4rgi. Kaubam\u00e4rk NordLine on Paadipood O\u00dc-le kuuluv ning k\u00f5ik paadid toodetakse just selle kaubam\u00e4rgi all.<br \/>\nMeie peamine tugevus\u00a0on paatide ja muude <strong>klaasfiiber<\/strong> toodete valmistamine. Oleme koost\u00f6\u00f6d teinud paljude firmadega erinevate toodete valmistamisel ja vormide v\u00e4ljat\u00f6\u00f6tamisel. Seega oleme avatud mistahes koost\u00f6\u00f6ks erinevates valdkondades. Meie\u00a0partnerid aitavad meil tooteid turustada Skandinaavias, Euroopas ja mujal v\u00e4ljaspool Eestit. Kontrollitud kvaliteet\u00a0on \u00fcks meie t\u00e4htsamaid v\u00e4\u00e4rtusi. Kasutame vaid v\u00e4ga kvaliteetseid ja l\u00e4biproovitud materjale, et tagada v\u00f5imalikult tugev,\u00a0kestev\u00a0ja turvaline toode. K\u00f5ik lisaseadmed ja komponendid on tarnitud suurtelt ja tuntud tootjatelt.<\/p>\n<p>Soovime Teile m\u00f5nusat aega vetel, \u00f5nnestunud kalap\u00fc\u00fcki ja puhkust!<\/p>\n<p>Lugupidamisega<\/p>\n<p>Hannes K\u00e4rsna<br \/>\nPaadipood O\u00dc juhataja<\/p>\n<p>&nbsp;<\/p>\n<figure id=\"attachment_2315\" aria-describedby=\"caption-attachment-2315\" style=\"width: 300px\" class=\"wp-caption alignnone\"><img loading=\"lazy\" decoding=\"async\" class=\"wp-image-2315 size-medium\" src=\"https:\/\/nordlinekumblustunnid.ee\/wp-content\/uploads\/2018\/02\/Paadipood-O\u00dc-300x118.jpg\" alt=\"Paadipood O\u00dc Nordline paadid\" width=\"300\" height=\"118\" srcset=\"https:\/\/nordlinekumblustunnid.ee\/wp-content\/uploads\/2018\/02\/Paadipood-O\u00dc-300x118.jpg 300w, https:\/\/nordlinekumblustunnid.ee\/wp-content\/uploads\/2018\/02\/Paadipood-O\u00dc-768x302.jpg 768w, https:\/\/nordlinekumblustunnid.ee\/wp-content\/uploads\/2018\/02\/Paadipood-O\u00dc-555x218.jpg 555w, https:\/\/nordlinekumblustunnid.ee\/wp-content\/uploads\/2018\/02\/Paadipood-O\u00dc.jpg 920w\" sizes=\"auto, (max-width: 300px) 100vw, 300px\" \/><figcaption id=\"caption-attachment-2315\" class=\"wp-caption-text\">Paadipood O\u00dc Nordline paadid<\/figcaption><\/figure>\n<p>&nbsp;<\/p>\n","protected":false},"excerpt":{"rendered":"<p>Paadipood O\u00dc on arvestatava paadivalikuga ettev\u00f5te, mis on loodud aastal 2006, kuid kompetentsi selles vallas omame juba aastast 2000. Meie valikusse kuuluvad v\u00e4ga erinevaks otstarbeks m\u00f5eldud s\u00f5ude- ja mootorpaadid. Meie\u00a0mudelid on v\u00e4lja t\u00f6\u00f6tatud ja testitud pika aja jooksul ning\u00a0omadustelt kindlasti \u00fched parimatest p\u00f5hjamaade paatidest. Ettev\u00f5te on sertifitseeritud paatide valmistaja ja katsetaja. K\u00f5ik meie tooted on&#8230;<\/p>\n","protected":false},"author":2,"featured_media":0,"parent":0,"menu_order":0,"comment_status":"closed","ping_status":"closed","template":"","meta":{"_kad_blocks_custom_css":"","_kad_blocks_head_custom_js":"","_kad_blocks_body_custom_js":"","_kad_blocks_footer_custom_js":"","_kad_post_transparent":"","_kad_post_title":"","_kad_post_layout":"","_kad_post_sidebar_id":"","_kad_post_content_style":"","_kad_post_vertical_padding":"","_kad_post_feature":"","_kad_post_feature_position":"","_kad_post_header":false,"_kad_post_footer":false,"_kad_post_classname":"","footnotes":""},"class_list":["post-1936","page","type-page","status-publish","hentry"],"yoast_head":"<!-- This site is optimized with the Yoast SEO plugin v27.5 - https:\/\/yoast.com\/product\/yoast-seo-wordpress\/ -->\n<title>Paadipood O\u00dc is a manufacturer and distributor of Nordline boats. We have been operating since 2004.<\/title>\n<meta name=\"description\" content=\"Paadipood O\u00dc is engaged in the production of fiberglass products. The main items are boats and hot tubs. We also manufacture forms and models.\" \/>\n<meta name=\"robots\" content=\"index, follow, max-snippet:-1, max-image-preview:large, max-video-preview:-1\" \/>\n<link rel=\"canonical\" href=\"https:\/\/nordlinekumblustunnid.ee\/en\/paadipood-ou\/\" \/>\n<meta property=\"og:locale\" content=\"en_US\" \/>\n<meta property=\"og:type\" content=\"article\" \/>\n<meta property=\"og:title\" content=\"Paadipood O\u00dc is a manufacturer and distributor of Nordline boats. We have been operating since 2004.\" \/>\n<meta property=\"og:description\" content=\"Paadipood O\u00dc is engaged in the production of fiberglass products. The main items are boats and hot tubs. We also manufacture forms and models.\" \/>\n<meta property=\"og:url\" content=\"https:\/\/nordlinekumblustunnid.ee\/en\/paadipood-ou\/\" \/>\n<meta property=\"og:site_name\" content=\"NordLine k\u00fcmblust\u00fcnnide tootja\" \/>\n<meta property=\"article:publisher\" content=\"https:\/\/www.facebook.com\/nordlineboats\" \/>\n<meta property=\"article:modified_time\" content=\"2018-02-25T11:42:51+00:00\" \/>\n<meta name=\"twitter:card\" content=\"summary_large_image\" \/>\n<meta name=\"twitter:label1\" content=\"Est. reading time\" \/>\n\t<meta name=\"twitter:data1\" content=\"1 minute\" \/>\n<script type=\"application\/ld+json\" class=\"yoast-schema-graph\">{\"@context\":\"https:\\\/\\\/schema.org\",\"@graph\":[{\"@type\":\"WebPage\",\"@id\":\"https:\\\/\\\/nordlinekumblustunnid.ee\\\/en\\\/paadipood-ou\\\/\",\"url\":\"https:\\\/\\\/nordlinekumblustunnid.ee\\\/en\\\/paadipood-ou\\\/\",\"name\":\"Paadipood O\u00dc is a manufacturer and distributor of Nordline boats. We have been operating since 2004.\",\"isPartOf\":{\"@id\":\"https:\\\/\\\/nordlinekumblustunnid.ee\\\/en\\\/#website\"},\"datePublished\":\"2017-10-09T17:33:18+00:00\",\"dateModified\":\"2018-02-25T11:42:51+00:00\",\"description\":\"Paadipood O\u00dc is engaged in the production of fiberglass products. The main items are boats and hot tubs. We also manufacture forms and models.\",\"breadcrumb\":{\"@id\":\"https:\\\/\\\/nordlinekumblustunnid.ee\\\/en\\\/paadipood-ou\\\/#breadcrumb\"},\"inLanguage\":\"en-US\",\"potentialAction\":[{\"@type\":\"ReadAction\",\"target\":[\"https:\\\/\\\/nordlinekumblustunnid.ee\\\/en\\\/paadipood-ou\\\/\"]}]},{\"@type\":\"BreadcrumbList\",\"@id\":\"https:\\\/\\\/nordlinekumblustunnid.ee\\\/en\\\/paadipood-ou\\\/#breadcrumb\",\"itemListElement\":[{\"@type\":\"ListItem\",\"position\":1,\"name\":\"Home\",\"item\":\"https:\\\/\\\/nordlinekumblustunnid.ee\\\/en\\\/\"},{\"@type\":\"ListItem\",\"position\":2,\"name\":\"Paadipood O\u00dc\"}]},{\"@type\":\"WebSite\",\"@id\":\"https:\\\/\\\/nordlinekumblustunnid.ee\\\/en\\\/#website\",\"url\":\"https:\\\/\\\/nordlinekumblustunnid.ee\\\/en\\\/\",\"name\":\"NordLine k\u00fcmblust\u00fcnnide tootja\",\"description\":\"\",\"potentialAction\":[{\"@type\":\"SearchAction\",\"target\":{\"@type\":\"EntryPoint\",\"urlTemplate\":\"https:\\\/\\\/nordlinekumblustunnid.ee\\\/en\\\/?s={search_term_string}\"},\"query-input\":{\"@type\":\"PropertyValueSpecification\",\"valueRequired\":true,\"valueName\":\"search_term_string\"}}],\"inLanguage\":\"en-US\"}]}<\/script>\n<!-- \/ Yoast SEO plugin. -->","yoast_head_json":{"title":"Paadipood O\u00dc is a manufacturer and distributor of Nordline boats. We have been operating since 2004.","description":"Paadipood O\u00dc is engaged in the production of fiberglass products. The main items are boats and hot tubs. We also manufacture forms and models.","robots":{"index":"index","follow":"follow","max-snippet":"max-snippet:-1","max-image-preview":"max-image-preview:large","max-video-preview":"max-video-preview:-1"},"canonical":"https:\/\/nordlinekumblustunnid.ee\/en\/paadipood-ou\/","og_locale":"en_US","og_type":"article","og_title":"Paadipood O\u00dc is a manufacturer and distributor of Nordline boats. We have been operating since 2004.","og_description":"Paadipood O\u00dc is engaged in the production of fiberglass products. The main items are boats and hot tubs. We also manufacture forms and models.","og_url":"https:\/\/nordlinekumblustunnid.ee\/en\/paadipood-ou\/","og_site_name":"NordLine k\u00fcmblust\u00fcnnide tootja","article_publisher":"https:\/\/www.facebook.com\/nordlineboats","article_modified_time":"2018-02-25T11:42:51+00:00","twitter_card":"summary_large_image","twitter_misc":{"Est. reading time":"1 minute"},"schema":{"@context":"https:\/\/schema.org","@graph":[{"@type":"WebPage","@id":"https:\/\/nordlinekumblustunnid.ee\/en\/paadipood-ou\/","url":"https:\/\/nordlinekumblustunnid.ee\/en\/paadipood-ou\/","name":"Paadipood O\u00dc is a manufacturer and distributor of Nordline boats. We have been operating since 2004.","isPartOf":{"@id":"https:\/\/nordlinekumblustunnid.ee\/en\/#website"},"datePublished":"2017-10-09T17:33:18+00:00","dateModified":"2018-02-25T11:42:51+00:00","description":"Paadipood O\u00dc is engaged in the production of fiberglass products. The main items are boats and hot tubs. We also manufacture forms and models.","breadcrumb":{"@id":"https:\/\/nordlinekumblustunnid.ee\/en\/paadipood-ou\/#breadcrumb"},"inLanguage":"en-US","potentialAction":[{"@type":"ReadAction","target":["https:\/\/nordlinekumblustunnid.ee\/en\/paadipood-ou\/"]}]},{"@type":"BreadcrumbList","@id":"https:\/\/nordlinekumblustunnid.ee\/en\/paadipood-ou\/#breadcrumb","itemListElement":[{"@type":"ListItem","position":1,"name":"Home","item":"https:\/\/nordlinekumblustunnid.ee\/en\/"},{"@type":"ListItem","position":2,"name":"Paadipood O\u00dc"}]},{"@type":"WebSite","@id":"https:\/\/nordlinekumblustunnid.ee\/en\/#website","url":"https:\/\/nordlinekumblustunnid.ee\/en\/","name":"NordLine k\u00fcmblust\u00fcnnide tootja","description":"","potentialAction":[{"@type":"SearchAction","target":{"@type":"EntryPoint","urlTemplate":"https:\/\/nordlinekumblustunnid.ee\/en\/?s={search_term_string}"},"query-input":{"@type":"PropertyValueSpecification","valueRequired":true,"valueName":"search_term_string"}}],"inLanguage":"en-US"}]}},"taxonomy_info":[],"featured_image_src_large":false,"author_info":{"display_name":"Hannes K\u00e4rsna","author_link":"https:\/\/nordlinekumblustunnid.ee\/en\/author\/hannes\/"},"comment_info":"","_links":{"self":[{"href":"https:\/\/nordlinekumblustunnid.ee\/en\/wp-json\/wp\/v2\/pages\/1936","targetHints":{"allow":["GET"]}}],"collection":[{"href":"https:\/\/nordlinekumblustunnid.ee\/en\/wp-json\/wp\/v2\/pages"}],"about":[{"href":"https:\/\/nordlinekumblustunnid.ee\/en\/wp-json\/wp\/v2\/types\/page"}],"author":[{"embeddable":true,"href":"https:\/\/nordlinekumblustunnid.ee\/en\/wp-json\/wp\/v2\/users\/2"}],"replies":[{"embeddable":true,"href":"https:\/\/nordlinekumblustunnid.ee\/en\/wp-json\/wp\/v2\/comments?post=1936"}],"version-history":[{"count":2,"href":"https:\/\/nordlinekumblustunnid.ee\/en\/wp-json\/wp\/v2\/pages\/1936\/revisions"}],"predecessor-version":[{"id":2321,"href":"https:\/\/nordlinekumblustunnid.ee\/en\/wp-json\/wp\/v2\/pages\/1936\/revisions\/2321"}],"wp:attachment":[{"href":"https:\/\/nordlinekumblustunnid.ee\/en\/wp-json\/wp\/v2\/media?parent=1936"}],"curies":[{"name":"wp","href":"https:\/\/api.w.org\/{rel}","templated":true}]}}