{"id":2171,"date":"2017-11-22T13:16:51","date_gmt":"2017-11-22T11:16:51","guid":{"rendered":"https:\/\/nordlinekumblustunnid.ee\/toode\/hot-tube-1850\/"},"modified":"2017-11-22T13:16:51","modified_gmt":"2017-11-22T11:16:51","slug":"hot-tube-1850","status":"publish","type":"product","link":"https:\/\/nordlinekumblustunnid.ee\/en\/toode\/hot-tube-1850\/","title":{"rendered":"Hot Tube 1850"},"content":{"rendered":"<h1>Hot Tube 1850<\/h1>\n<p>K\u00fcmblust\u00fcnn 1850 on kvaliteetsetest klaasfiiber materjalidest ja mahukas kuni 8 inimesele m\u00f5eldud k\u00fcmblust\u00fcnn. T\u00fcnni k\u00fctmisaeg \u00a0s\u00f5ltuvalt vee ja ilma temperatuurist on orienteeruvalt 2,5 tundi. T\u00fcnni l\u00e4bim\u00f5\u00f5t on 1850mm, jalgade osa k\u00f5rgus 350mm ja laius 830mm, istumise osa laius 350mm.<\/p>\n<h2><strong>V\u00f5imalus ise komplektreerida<\/strong><\/h2>\n<p>Komplekti saab valida t\u00e4pselt sellise nagu soovite. V\u00f5ib osta ka ainult sisu, kui soovite k\u00fcmblust\u00fcnni s\u00fcvistada terrassi sisse.<\/p>\n<ul>\n<li>T\u00fcnnisauna klaasfiibrit sisu<\/li>\n<li>Puidust lauast \u00fcmbris, pruuni v\u00f5i hall v\u00e4rvi. Eritellimusel k\u00f5ik v\u00e4rvid<\/li>\n<li>Korstnaga ahi. Valikus ka v\u00f5imsam ahi<\/li>\n<li>\u00c4ravoolu trapp<\/li>\n<li>Korstna kuumakaitse<\/li>\n<li>LED valgustus<\/li>\n<li>T\u00fcnni plastikust kaaned<\/li>\n<li>Trepp<\/li>\n<li>Joogipudelite hoidja<\/li>\n<li>T\u00fcnni soojustus<\/li>\n<li>M\u00f5la<\/li>\n<li>Tuhalabidas<\/li>\n<li>K\u00f5ik paigaldamiseks vajalikud tarvikud. Soovi korral paigaldus.<\/li>\n<\/ul>\n<h2>V\u00e4rvivalik<\/h2>\n<p>V\u00e4rvivalik on vastavalt soovile <a href=\"http:\/\/www.ralcolors.com\" target=\"_blank\" rel=\"noopener\">RAL v\u00e4rvikaardi<\/a> j\u00e4rgi. M\u00f5ningate toonide puhul v\u00f5ib hind erineda standardsest hinnast. Standardselt saadaval tumehallid, hallid, helehallid, sinised.<\/p>\n<p>&nbsp;<\/p>\n<h2>Vee \u00e4ravoolus\u00fcsteem<\/h2>\n<p>Vee \u00e4ravooluks on t\u00fcnn varustatud vastava kraaniga.<\/p>\n<h2>K\u00fcmblust\u00fcnni ahi<\/h2>\n<p>K\u00fcmblust\u00fcnni v\u00e4lisahi on valmistatud merealumiiniumist, mis on k\u00f5rge korrosioonitaluvusega ning kiire soojusvahetusega.\u00a0Vee kiiremaks soojenemiseks on ahju sisemuses 105mm l\u00e4bim\u00f5\u00f5duga l\u00e4bivoolutoru.\u00a0Ahju sisemuses on malmist tuharest ja terasest leegisuunaja.<\/p>\n<h2>Paigaldamine<\/h2>\n<p>Pakume t\u00fcnni paigaldust. T\u00e4psema paigaldushinna saamiseks palju meiega \u00fchendust v\u00f5tta. K\u00fcmblust\u00fcnn on hea paigaldada tasasele pinnale. Maapind tuleks katta kruusa v\u00f5i killustikuga, et saavutada \u00fchtlane pind ja tagada puitkonstruktsiooni isoleeritus pinnasest. Pinnase reguleerimiseks v\u00f5ib kasutada silikaatkive.<\/p>\n<p><strong>Helista 50 55 152 v\u00f5i kirjuta ja me saadame sulle 24 tunni jooksul pakkumise. Uuri ka <a href=\"https:\/\/nordlinekumblustunnid.ee\/et\/?page_id=258\">j\u00e4relmaksu<\/a> v\u00f5imalust.<\/strong><br \/>\n\n<div class=\"wpcf7 no-js\" id=\"wpcf7-f1976-o1\" lang=\"en-US\" dir=\"ltr\" data-wpcf7-id=\"1976\">\n<div class=\"screen-reader-response\"><p role=\"status\" aria-live=\"polite\" aria-atomic=\"true\"><\/p> <ul><\/ul><\/div>\n<form action=\"\/en\/wp-json\/wp\/v2\/product\/2171#wpcf7-f1976-o1\" method=\"post\" class=\"wpcf7-form init\" aria-label=\"Contact form\" novalidate=\"novalidate\" data-status=\"init\">\n<fieldset class=\"hidden-fields-container\"><input type=\"hidden\" name=\"_wpcf7\" value=\"1976\" \/><input type=\"hidden\" name=\"_wpcf7_version\" value=\"6.1.5\" \/><input type=\"hidden\" name=\"_wpcf7_locale\" value=\"en_US\" \/><input type=\"hidden\" name=\"_wpcf7_unit_tag\" value=\"wpcf7-f1976-o1\" \/><input type=\"hidden\" name=\"_wpcf7_container_post\" value=\"0\" \/><input type=\"hidden\" name=\"_wpcf7_posted_data_hash\" value=\"\" \/>\n<\/fieldset>\n<p><span class=\"wpcf7-form-control-wrap\" data-name=\"your-email\"><input size=\"40\" maxlength=\"400\" class=\"wpcf7-form-control wpcf7-email wpcf7-validates-as-required wpcf7-text wpcf7-validates-as-email\" aria-required=\"true\" aria-invalid=\"false\" placeholder=\"Teie Email\" value=\"\" type=\"email\" name=\"your-email\" \/><\/span>\n<\/p>\n<p><span class=\"wpcf7-form-control-wrap\" data-name=\"your-message\"><textarea cols=\"40\" rows=\"10\" maxlength=\"2000\" class=\"wpcf7-form-control wpcf7-textarea\" aria-invalid=\"false\" placeholder=\"Saada oma k\u00fcsimus ja vastame Teile esimesel v\u00f5imalusel\" name=\"your-message\"><\/textarea><\/span>\n<\/p>\n<p>[recaptcha size:compact]\n<\/p>\n<p><span id=\"wpcf7-69f563939e17d-wrapper\" class=\"wpcf7-form-control-wrap tre-wrap\" style=\"display:none !important; visibility:hidden !important;\"><label for=\"wpcf7-69f563939e17d-field\" class=\"hp-message\">Please leave this field empty.<\/label><input id=\"wpcf7-69f563939e17d-field\"  class=\"wpcf7-form-control wpcf7-text\" type=\"text\" name=\"tre\" value=\"\" size=\"40\" tabindex=\"-1\" autocomplete=\"new-password\" \/><\/span>\n<\/p>\n<p><input class=\"wpcf7-form-control wpcf7-submit has-spinner\" type=\"submit\" value=\"Saada\" \/>\n<\/p><div class=\"wpcf7-response-output\" aria-hidden=\"true\"><\/div>\n<\/form>\n<\/div>\n<\/p>\n","protected":false},"excerpt":{"rendered":"<p>K\u00fcmblust\u00fcnn 1850 on ergonoomilise kujuga klaasplastist basseini on h\u00fcgeeniliselt lihtne hooldada. K\u00fcmblust\u00fcnni konstruktsioon on erakordselt hea mahutavusega ainult 1300 \u2013 1500 liitri juures. T\u00fcnn on varustatud v\u00e4ga \u00f6konoomse ja v\u00f5imsa ahjuga. Ahi mahutab kuni 45cm pikad puud. Selle tulemusena on soojakadu minimaalne.<\/p>\n","protected":false},"featured_media":2111,"template":"","meta":{"_kad_blocks_custom_css":"","_kad_blocks_head_custom_js":"","_kad_blocks_body_custom_js":"","_kad_blocks_footer_custom_js":"","_kad_post_transparent":"","_kad_post_title":"","_kad_post_layout":"","_kad_post_sidebar_id":"","_kad_post_content_style":"","_kad_post_vertical_padding":"","_kad_post_feature":"","_kad_post_feature_position":"","_kad_post_header":false,"_kad_post_footer":false,"_kad_post_classname":""},"product_brand":[],"product_cat":[99],"product_tag":[],"class_list":{"0":"post-2171","1":"product","2":"type-product","3":"status-publish","4":"has-post-thumbnail","6":"product_cat-hot-tube","7":"product_shipping_class-erimoodus-kaup-en","8":"tm-has-options","10":"first","11":"instock","12":"taxable","13":"shipping-taxable","14":"product-type-simple","15":"entry","16":"content-bg","17":"loop-entry"},"yoast_head":"<!-- This site is optimized with the Yoast SEO plugin v27.5 - https:\/\/yoast.com\/product\/yoast-seo-wordpress\/ -->\n<title>K\u00fcmblust\u00fcnn 1850 on v\u00e4lise efektiivse ahjuga ruumikas k\u00fcmblust\u00fcnn.<\/title>\n<meta name=\"description\" content=\"K\u00fcmblust\u00fcnn 1850 on klaasfiiber materjalist valmistatud \u00f6konoomne ja mugav k\u00fcmblust\u00fcnn. Komplekti saab tellida paljude lisadega.\" \/>\n<meta name=\"robots\" content=\"index, follow, max-snippet:-1, max-image-preview:large, max-video-preview:-1\" \/>\n<link rel=\"canonical\" href=\"https:\/\/nordlinekumblustunnid.ee\/en\/toode\/hot-tube-1850\/\" \/>\n<meta property=\"og:locale\" content=\"en_US\" \/>\n<meta property=\"og:type\" content=\"article\" \/>\n<meta property=\"og:title\" content=\"K\u00fcmblust\u00fcnn 1850 on v\u00e4lise efektiivse ahjuga ruumikas k\u00fcmblust\u00fcnn.\" \/>\n<meta property=\"og:description\" content=\"K\u00fcmblust\u00fcnn 1850 on klaasfiiber materjalist valmistatud \u00f6konoomne ja mugav k\u00fcmblust\u00fcnn. Komplekti saab tellida paljude lisadega.\" \/>\n<meta property=\"og:url\" content=\"https:\/\/nordlinekumblustunnid.ee\/en\/toode\/hot-tube-1850\/\" \/>\n<meta property=\"og:site_name\" content=\"NordLine k\u00fcmblust\u00fcnnide tootja\" \/>\n<meta property=\"article:publisher\" content=\"https:\/\/www.facebook.com\/nordlineboats\" \/>\n<meta property=\"og:image\" content=\"https:\/\/nordlinekumblustunnid.ee\/wp-content\/uploads\/2017\/11\/\u00dcmar-k\u00fcmblust\u00fcnn.jpg\" \/>\n\t<meta property=\"og:image:width\" content=\"1366\" \/>\n\t<meta property=\"og:image:height\" content=\"911\" \/>\n\t<meta property=\"og:image:type\" content=\"image\/png\" \/>\n<meta name=\"twitter:card\" content=\"summary_large_image\" \/>\n<meta name=\"twitter:label1\" content=\"Est. reading time\" \/>\n\t<meta name=\"twitter:data1\" content=\"1 minute\" \/>\n<script type=\"application\/ld+json\" class=\"yoast-schema-graph\">{\"@context\":\"https:\\\/\\\/schema.org\",\"@graph\":[{\"@type\":\"WebPage\",\"@id\":\"https:\\\/\\\/nordlinekumblustunnid.ee\\\/en\\\/toode\\\/hot-tube-1850\\\/\",\"url\":\"https:\\\/\\\/nordlinekumblustunnid.ee\\\/en\\\/toode\\\/hot-tube-1850\\\/\",\"name\":\"K\u00fcmblust\u00fcnn 1850 on v\u00e4lise efektiivse ahjuga ruumikas k\u00fcmblust\u00fcnn.\",\"isPartOf\":{\"@id\":\"https:\\\/\\\/nordlinekumblustunnid.ee\\\/en\\\/#website\"},\"primaryImageOfPage\":{\"@id\":\"https:\\\/\\\/nordlinekumblustunnid.ee\\\/en\\\/toode\\\/hot-tube-1850\\\/#primaryimage\"},\"image\":{\"@id\":\"https:\\\/\\\/nordlinekumblustunnid.ee\\\/en\\\/toode\\\/hot-tube-1850\\\/#primaryimage\"},\"thumbnailUrl\":\"https:\\\/\\\/nordlinekumblustunnid.ee\\\/wp-content\\\/uploads\\\/2017\\\/11\\\/\u00dcmar-k\u00fcmblust\u00fcnn.jpg\",\"datePublished\":\"2017-11-22T11:16:51+00:00\",\"description\":\"K\u00fcmblust\u00fcnn 1850 on klaasfiiber materjalist valmistatud \u00f6konoomne ja mugav k\u00fcmblust\u00fcnn. Komplekti saab tellida paljude lisadega.\",\"breadcrumb\":{\"@id\":\"https:\\\/\\\/nordlinekumblustunnid.ee\\\/en\\\/toode\\\/hot-tube-1850\\\/#breadcrumb\"},\"inLanguage\":\"en-US\",\"potentialAction\":[{\"@type\":\"ReadAction\",\"target\":[\"https:\\\/\\\/nordlinekumblustunnid.ee\\\/en\\\/toode\\\/hot-tube-1850\\\/\"]}]},{\"@type\":\"ImageObject\",\"inLanguage\":\"en-US\",\"@id\":\"https:\\\/\\\/nordlinekumblustunnid.ee\\\/en\\\/toode\\\/hot-tube-1850\\\/#primaryimage\",\"url\":\"https:\\\/\\\/nordlinekumblustunnid.ee\\\/wp-content\\\/uploads\\\/2017\\\/11\\\/\u00dcmar-k\u00fcmblust\u00fcnn.jpg\",\"contentUrl\":\"https:\\\/\\\/nordlinekumblustunnid.ee\\\/wp-content\\\/uploads\\\/2017\\\/11\\\/\u00dcmar-k\u00fcmblust\u00fcnn.jpg\",\"width\":1366,\"height\":911,\"caption\":\"\u00dcmar k\u00fcmblust\u00fcnn\"},{\"@type\":\"BreadcrumbList\",\"@id\":\"https:\\\/\\\/nordlinekumblustunnid.ee\\\/en\\\/toode\\\/hot-tube-1850\\\/#breadcrumb\",\"itemListElement\":[{\"@type\":\"ListItem\",\"position\":1,\"name\":\"Home\",\"item\":\"https:\\\/\\\/nordlinekumblustunnid.ee\\\/en\\\/\"},{\"@type\":\"ListItem\",\"position\":2,\"name\":\"Shop\",\"item\":\"https:\\\/\\\/nordlinekumblustunnid.ee\\\/en\\\/shop\\\/\"},{\"@type\":\"ListItem\",\"position\":3,\"name\":\"Hot Tube 1850\"}]},{\"@type\":\"WebSite\",\"@id\":\"https:\\\/\\\/nordlinekumblustunnid.ee\\\/en\\\/#website\",\"url\":\"https:\\\/\\\/nordlinekumblustunnid.ee\\\/en\\\/\",\"name\":\"NordLine k\u00fcmblust\u00fcnnide tootja\",\"description\":\"\",\"potentialAction\":[{\"@type\":\"SearchAction\",\"target\":{\"@type\":\"EntryPoint\",\"urlTemplate\":\"https:\\\/\\\/nordlinekumblustunnid.ee\\\/en\\\/?s={search_term_string}\"},\"query-input\":{\"@type\":\"PropertyValueSpecification\",\"valueRequired\":true,\"valueName\":\"search_term_string\"}}],\"inLanguage\":\"en-US\"}]}<\/script>\n<!-- \/ Yoast SEO plugin. -->","yoast_head_json":{"title":"K\u00fcmblust\u00fcnn 1850 on v\u00e4lise efektiivse ahjuga ruumikas k\u00fcmblust\u00fcnn.","description":"K\u00fcmblust\u00fcnn 1850 on klaasfiiber materjalist valmistatud \u00f6konoomne ja mugav k\u00fcmblust\u00fcnn. Komplekti saab tellida paljude lisadega.","robots":{"index":"index","follow":"follow","max-snippet":"max-snippet:-1","max-image-preview":"max-image-preview:large","max-video-preview":"max-video-preview:-1"},"canonical":"https:\/\/nordlinekumblustunnid.ee\/en\/toode\/hot-tube-1850\/","og_locale":"en_US","og_type":"article","og_title":"K\u00fcmblust\u00fcnn 1850 on v\u00e4lise efektiivse ahjuga ruumikas k\u00fcmblust\u00fcnn.","og_description":"K\u00fcmblust\u00fcnn 1850 on klaasfiiber materjalist valmistatud \u00f6konoomne ja mugav k\u00fcmblust\u00fcnn. Komplekti saab tellida paljude lisadega.","og_url":"https:\/\/nordlinekumblustunnid.ee\/en\/toode\/hot-tube-1850\/","og_site_name":"NordLine k\u00fcmblust\u00fcnnide tootja","article_publisher":"https:\/\/www.facebook.com\/nordlineboats","og_image":[{"width":1366,"height":911,"url":"https:\/\/nordlinekumblustunnid.ee\/wp-content\/uploads\/2017\/11\/\u00dcmar-k\u00fcmblust\u00fcnn.jpg","type":"image\/png"}],"twitter_card":"summary_large_image","twitter_misc":{"Est. reading time":"1 minute"},"schema":{"@context":"https:\/\/schema.org","@graph":[{"@type":"WebPage","@id":"https:\/\/nordlinekumblustunnid.ee\/en\/toode\/hot-tube-1850\/","url":"https:\/\/nordlinekumblustunnid.ee\/en\/toode\/hot-tube-1850\/","name":"K\u00fcmblust\u00fcnn 1850 on v\u00e4lise efektiivse ahjuga ruumikas k\u00fcmblust\u00fcnn.","isPartOf":{"@id":"https:\/\/nordlinekumblustunnid.ee\/en\/#website"},"primaryImageOfPage":{"@id":"https:\/\/nordlinekumblustunnid.ee\/en\/toode\/hot-tube-1850\/#primaryimage"},"image":{"@id":"https:\/\/nordlinekumblustunnid.ee\/en\/toode\/hot-tube-1850\/#primaryimage"},"thumbnailUrl":"https:\/\/nordlinekumblustunnid.ee\/wp-content\/uploads\/2017\/11\/\u00dcmar-k\u00fcmblust\u00fcnn.jpg","datePublished":"2017-11-22T11:16:51+00:00","description":"K\u00fcmblust\u00fcnn 1850 on klaasfiiber materjalist valmistatud \u00f6konoomne ja mugav k\u00fcmblust\u00fcnn. Komplekti saab tellida paljude lisadega.","breadcrumb":{"@id":"https:\/\/nordlinekumblustunnid.ee\/en\/toode\/hot-tube-1850\/#breadcrumb"},"inLanguage":"en-US","potentialAction":[{"@type":"ReadAction","target":["https:\/\/nordlinekumblustunnid.ee\/en\/toode\/hot-tube-1850\/"]}]},{"@type":"ImageObject","inLanguage":"en-US","@id":"https:\/\/nordlinekumblustunnid.ee\/en\/toode\/hot-tube-1850\/#primaryimage","url":"https:\/\/nordlinekumblustunnid.ee\/wp-content\/uploads\/2017\/11\/\u00dcmar-k\u00fcmblust\u00fcnn.jpg","contentUrl":"https:\/\/nordlinekumblustunnid.ee\/wp-content\/uploads\/2017\/11\/\u00dcmar-k\u00fcmblust\u00fcnn.jpg","width":1366,"height":911,"caption":"\u00dcmar k\u00fcmblust\u00fcnn"},{"@type":"BreadcrumbList","@id":"https:\/\/nordlinekumblustunnid.ee\/en\/toode\/hot-tube-1850\/#breadcrumb","itemListElement":[{"@type":"ListItem","position":1,"name":"Home","item":"https:\/\/nordlinekumblustunnid.ee\/en\/"},{"@type":"ListItem","position":2,"name":"Shop","item":"https:\/\/nordlinekumblustunnid.ee\/en\/shop\/"},{"@type":"ListItem","position":3,"name":"Hot Tube 1850"}]},{"@type":"WebSite","@id":"https:\/\/nordlinekumblustunnid.ee\/en\/#website","url":"https:\/\/nordlinekumblustunnid.ee\/en\/","name":"NordLine k\u00fcmblust\u00fcnnide tootja","description":"","potentialAction":[{"@type":"SearchAction","target":{"@type":"EntryPoint","urlTemplate":"https:\/\/nordlinekumblustunnid.ee\/en\/?s={search_term_string}"},"query-input":{"@type":"PropertyValueSpecification","valueRequired":true,"valueName":"search_term_string"}}],"inLanguage":"en-US"}]}},"taxonomy_info":{"product_cat":[{"value":99,"label":"Hot Tube"}]},"featured_image_src_large":["https:\/\/nordlinekumblustunnid.ee\/wp-content\/uploads\/2017\/11\/\u00dcmar-k\u00fcmblust\u00fcnn-1024x683.jpg",1024,683,true],"author_info":[],"comment_info":"","_links":{"self":[{"href":"https:\/\/nordlinekumblustunnid.ee\/en\/wp-json\/wp\/v2\/product\/2171","targetHints":{"allow":["GET"]}}],"collection":[{"href":"https:\/\/nordlinekumblustunnid.ee\/en\/wp-json\/wp\/v2\/product"}],"about":[{"href":"https:\/\/nordlinekumblustunnid.ee\/en\/wp-json\/wp\/v2\/types\/product"}],"wp:featuredmedia":[{"embeddable":true,"href":"https:\/\/nordlinekumblustunnid.ee\/en\/wp-json\/wp\/v2\/media\/2111"}],"wp:attachment":[{"href":"https:\/\/nordlinekumblustunnid.ee\/en\/wp-json\/wp\/v2\/media?parent=2171"}],"wp:term":[{"taxonomy":"product_brand","embeddable":true,"href":"https:\/\/nordlinekumblustunnid.ee\/en\/wp-json\/wp\/v2\/product_brand?post=2171"},{"taxonomy":"product_cat","embeddable":true,"href":"https:\/\/nordlinekumblustunnid.ee\/en\/wp-json\/wp\/v2\/product_cat?post=2171"},{"taxonomy":"product_tag","embeddable":true,"href":"https:\/\/nordlinekumblustunnid.ee\/en\/wp-json\/wp\/v2\/product_tag?post=2171"}],"curies":[{"name":"wp","href":"https:\/\/api.w.org\/{rel}","templated":true}]}}