{"id":2172,"date":"2017-11-22T13:01:24","date_gmt":"2017-11-22T11:01:24","guid":{"rendered":"https:\/\/nordlinekumblustunnid.ee\/toode\/hot-tube-2200\/"},"modified":"2017-11-22T13:01:24","modified_gmt":"2017-11-22T11:01:24","slug":"hot-tube-2200","status":"publish","type":"product","link":"https:\/\/nordlinekumblustunnid.ee\/en\/toode\/hot-tube-2200\/","title":{"rendered":"Hot Tube 2200"},"content":{"rendered":"<h1>Hot Tube 2200<\/h1>\n<p>K\u00fcmblust\u00fcnn 2200 on kvaliteetsetest klaasfiiber materjalidest ja mahukas k\u00fcmblust\u00fcnn. K\u00fcmblust\u00fcnn on v\u00e4ga ergonoomilise ehitusega ning \u00fclimalt mugav. Spetsiaalselt mugava istumise jaoks v\u00e4ljat\u00f6\u00f6tatud disain. V\u00f5imalik on valida erinevate v\u00e4rvide vahel, kaasa arvatud struktuurne 3D kuldse v\u00f5i h\u00f5bedase teraga v\u00e4rvid.<\/p>\n<p>&nbsp;<\/p>\n<h2><strong>V\u00f5imalus ise komplektreerida<\/strong><\/h2>\n<p>Komplekti saab valida t\u00e4pselt sellise nagu soovite. V\u00f5ib osta ka ainult sisu, kui soovite k\u00fcmblust\u00fcnni s\u00fcvistada terrassi sisse.<\/p>\n<ul>\n<li>T\u00fcnnisauna klaasfiibrit sisu<\/li>\n<li>Puidust v\u00f5i composiit lauast \u00fcmbris, pruuni v\u00f5i hall v\u00e4rvi. Eritellimusel k\u00f5ik v\u00e4rvid<\/li>\n<li>Korstnaga ahi. Valikus ka v\u00f5imsam ahi<\/li>\n<li>\u00c4ravoolu trapp<\/li>\n<li>Korstna kuumakaitse<\/li>\n<li>LED valgustus<\/li>\n<li>T\u00fcnni plastikust kaaned<\/li>\n<li>Trepp<\/li>\n<li>Joogipudelite hoidja<\/li>\n<li>T\u00fcnni soojustus<\/li>\n<li>M\u00f5la<\/li>\n<li>Tuhalabidas<\/li>\n<li>K\u00f5ik paigaldamiseks vajalikud tarvikud. Soovi korral paigaldus.<\/li>\n<\/ul>\n<h2><strong>Klaasfiibrist sisu<\/strong><\/h2>\n<p>Klaasfiibrist sisu on v\u00e4ga tugev ja pika elueaga. T\u00fcnn on valmistatud 4-6 kihilisest materjalist ja peab h\u00e4sti vastu l\u00f6\u00f6kidele ja p\u00f5rutustele. Klaasfiibri pind on absoluutselt veekindel ja vastupidav p\u00e4iksele. Kasutatud on ultraviolett kiirgusele eriti vastupidavat pinnakatet. Pinda on v\u00e4ga kerge puhtana hoida ja pesta. Pind s\u00e4ilib pikka aega l\u00e4ikivana ja tuhmudes on seda v\u00f5imalik poleerida suurema l\u00e4ike saamiseks. Klaasfiibri sisse on v\u00e4ga lihtne paigaldada lisaseadmeid nagu led tuled ja mullis\u00fcsteem.<\/p>\n<h2><strong>V\u00e4rvivalik<\/strong><\/h2>\n<p>V\u00e4rvivalik on vastavalt soovile <a href=\"http:\/\/www.ralcolors.com\">RAL v\u00e4rvikaardi<\/a> j\u00e4rgi. M\u00f5ningate toonide puhul v\u00f5ib hind erineda standardsest hinnast. Standardselt saadaval tumehallid, hallid, helehallid, sinised.<\/p>\n<p>Eritellimusena on saadaval 3D kolmekihiline struktuurv\u00e4rv.<\/p>\n<h2><strong>Vee \u00e4ravoolus\u00fcsteem<\/strong><\/h2>\n<p>Vee \u00e4ravooluks on t\u00fcnn varustatud vastava kraaniga. Pole vajadust p\u00f5hjakorgi paigaldamiseks ega eemaldamiseks. Vesi v\u00e4ljub k\u00fcljelt kraani kaudu, kuhu saab \u00fchendada vooliku vee kaugemale juhtimiseks.<\/p>\n<h2><strong>K\u00fcmblust\u00fcnni ahi<\/strong><\/h2>\n<p>K\u00fcmblust\u00fcnni v\u00e4lisahi TK-35 on valmistatud merealumiiniumist, mis on k\u00f5rge korrosioonitaluvusega ning kiire soojusvahetusega.\u00a0Vee kiiremaks soojenemiseks on ahju sisemuses 105mm l\u00e4bim\u00f5\u00f5duga l\u00e4bivoolutoru.\u00a0Ahju sisemuses on malmist tuharest ja terasest leegisuunaja. Ahi soojeneb s\u00f5ltuvalt ilmast 10-15 kraadi tunnis. Seega paari tunniga v\u00f5ib vesi olla juba kasutusvalmis.<\/p>\n<h2><strong>Soojustus<\/strong><\/h2>\n<p>K\u00fcmblust\u00fcnni soojapidavuse s\u00e4ilitamiseks ja kiiremaks soojenemiseks on v\u00f5imalik t\u00fcnn soojustada vahuga. Umbes 5 cm paksune soojustus annab oluliselt soojapidavust ning teeb t\u00fcnni veel rohkem tugevamaks.<\/p>\n<h2><strong>Paigaldamine<\/strong><\/h2>\n<p>Pakume t\u00fcnni paigaldust. T\u00e4psema paigaldushinna saamiseks palju meiega \u00fchendust v\u00f5tta. K\u00fcmblust\u00fcnn on hea paigaldada tasasele pinnale. Maapind tuleks katta kruusa v\u00f5i killustikuga, et saavutada \u00fchtlane pind ja tagada puitkonstruktsiooni isoleeritus pinnasest. Pinnase reguleerimiseks v\u00f5ib kasutada n\u00e4iteks silikaatkive.<\/p>\n<p>&nbsp;<\/p>\n<p><strong>Helista 50 55 152 v\u00f5i kirjuta ja me saadame sulle 24 tunni jooksul pakkumise. Uuri ka j\u00e4relmaksu v\u00f5imalust.<\/strong><br \/>\n\n<div class=\"wpcf7 no-js\" id=\"wpcf7-f1976-o1\" lang=\"en-US\" dir=\"ltr\" data-wpcf7-id=\"1976\">\n<div class=\"screen-reader-response\"><p role=\"status\" aria-live=\"polite\" aria-atomic=\"true\"><\/p> <ul><\/ul><\/div>\n<form action=\"\/en\/wp-json\/wp\/v2\/product\/2172#wpcf7-f1976-o1\" method=\"post\" class=\"wpcf7-form init\" aria-label=\"Contact form\" novalidate=\"novalidate\" data-status=\"init\">\n<fieldset class=\"hidden-fields-container\"><input type=\"hidden\" name=\"_wpcf7\" value=\"1976\" \/><input type=\"hidden\" name=\"_wpcf7_version\" value=\"6.1.5\" \/><input type=\"hidden\" name=\"_wpcf7_locale\" value=\"en_US\" \/><input type=\"hidden\" name=\"_wpcf7_unit_tag\" value=\"wpcf7-f1976-o1\" \/><input type=\"hidden\" name=\"_wpcf7_container_post\" value=\"0\" \/><input type=\"hidden\" name=\"_wpcf7_posted_data_hash\" value=\"\" \/>\n<\/fieldset>\n<p><span class=\"wpcf7-form-control-wrap\" data-name=\"your-email\"><input size=\"40\" maxlength=\"400\" class=\"wpcf7-form-control wpcf7-email wpcf7-validates-as-required wpcf7-text wpcf7-validates-as-email\" aria-required=\"true\" aria-invalid=\"false\" placeholder=\"Teie Email\" value=\"\" type=\"email\" name=\"your-email\" \/><\/span>\n<\/p>\n<p><span class=\"wpcf7-form-control-wrap\" data-name=\"your-message\"><textarea cols=\"40\" rows=\"10\" maxlength=\"2000\" class=\"wpcf7-form-control wpcf7-textarea\" aria-invalid=\"false\" placeholder=\"Saada oma k\u00fcsimus ja vastame Teile esimesel v\u00f5imalusel\" name=\"your-message\"><\/textarea><\/span>\n<\/p>\n<p>[recaptcha size:compact]\n<\/p>\n<p><span id=\"wpcf7-69f5630e0a1f1-wrapper\" class=\"wpcf7-form-control-wrap tre-wrap\" style=\"display:none !important; visibility:hidden !important;\"><label for=\"wpcf7-69f5630e0a1f1-field\" class=\"hp-message\">Please leave this field empty.<\/label><input id=\"wpcf7-69f5630e0a1f1-field\"  class=\"wpcf7-form-control wpcf7-text\" type=\"text\" name=\"tre\" value=\"\" size=\"40\" tabindex=\"-1\" autocomplete=\"new-password\" \/><\/span>\n<\/p>\n<p><input class=\"wpcf7-form-control wpcf7-submit has-spinner\" type=\"submit\" value=\"Saada\" \/>\n<\/p><div class=\"wpcf7-response-output\" aria-hidden=\"true\"><\/div>\n<\/form>\n<\/div>\n<\/p>\n<p>&nbsp;<\/p>\n","protected":false},"excerpt":{"rendered":"<p>K\u00fcmblust\u00fcnn 2200 on klaasplastist, ergonoomilise kujuga ja h\u00fcgeeniliselt lihtne hooldada. V\u00f5imalik tellida nii maapealne kui ka terrassi sisse s\u00fcvistatav versioon. K\u00fcmblust\u00fcnn on v\u00f5imalik valida puiduk\u00fcttel ahjuga v\u00f5i soojuspumbaga versioon. Viimasel juhul v\u00f5ib k\u00fcmblust\u00fcnn olla 24\/7 pidevalt kasutusvalmis, kasutades seejuures v\u00e4ga v\u00e4he elektrit. Valikus palju erinevaid v\u00e4rve.<\/p>\n","protected":false},"featured_media":5790,"template":"","meta":{"_kad_blocks_custom_css":"","_kad_blocks_head_custom_js":"","_kad_blocks_body_custom_js":"","_kad_blocks_footer_custom_js":"","_kad_post_transparent":"","_kad_post_title":"","_kad_post_layout":"","_kad_post_sidebar_id":"","_kad_post_content_style":"","_kad_post_vertical_padding":"","_kad_post_feature":"","_kad_post_feature_position":"","_kad_post_header":false,"_kad_post_footer":false,"_kad_post_classname":""},"product_brand":[],"product_cat":[99],"product_tag":[],"class_list":{"0":"post-2172","1":"product","2":"type-product","3":"status-publish","4":"has-post-thumbnail","6":"product_cat-hot-tube","7":"product_shipping_class-erimoodus-kaup-en","8":"tm-has-options","10":"first","11":"instock","12":"taxable","13":"shipping-taxable","14":"purchasable","15":"product-type-simple","16":"entry","17":"content-bg","18":"loop-entry"},"yoast_head":"<!-- This site is optimized with the Yoast SEO plugin v27.5 - https:\/\/yoast.com\/product\/yoast-seo-wordpress\/ -->\n<title>K\u00fcmblust\u00fcnn 2200 - soojuspumbaga v\u00f5i puitk\u00fcttel ahjuga versioon.<\/title>\n<meta name=\"description\" content=\"K\u00fcmblust\u00fcnn 2200 on ainulaadse disainiga mugav ja efektse v\u00e4rvistruktuuriga k\u00fcmblust\u00fcnn. V\u00f5imalik varustada automaatse soojuspumbaga.\" \/>\n<meta name=\"robots\" content=\"index, follow, max-snippet:-1, max-image-preview:large, max-video-preview:-1\" \/>\n<link rel=\"canonical\" href=\"https:\/\/nordlinekumblustunnid.ee\/en\/toode\/hot-tube-2200\/\" \/>\n<meta property=\"og:locale\" content=\"en_US\" \/>\n<meta property=\"og:type\" content=\"article\" \/>\n<meta property=\"og:title\" content=\"K\u00fcmblust\u00fcnn 2200 - soojuspumbaga v\u00f5i puitk\u00fcttel ahjuga versioon.\" \/>\n<meta property=\"og:description\" content=\"K\u00fcmblust\u00fcnn 2200 on ainulaadse disainiga mugav ja efektse v\u00e4rvistruktuuriga k\u00fcmblust\u00fcnn. V\u00f5imalik varustada automaatse soojuspumbaga.\" \/>\n<meta property=\"og:url\" content=\"https:\/\/nordlinekumblustunnid.ee\/en\/toode\/hot-tube-2200\/\" \/>\n<meta property=\"og:site_name\" content=\"NordLine k\u00fcmblust\u00fcnnide tootja\" \/>\n<meta property=\"article:publisher\" content=\"https:\/\/www.facebook.com\/nordlineboats\" \/>\n<meta property=\"og:image\" content=\"https:\/\/nordlinekumblustunnid.ee\/wp-content\/uploads\/2017\/11\/Nordline-kumblustunn-Deluxe-umar-ahjuga-2.jpg\" \/>\n\t<meta property=\"og:image:width\" content=\"877\" \/>\n\t<meta property=\"og:image:height\" content=\"598\" \/>\n\t<meta property=\"og:image:type\" content=\"image\/jpeg\" \/>\n<meta name=\"twitter:card\" content=\"summary_large_image\" \/>\n<meta name=\"twitter:label1\" content=\"Est. reading time\" \/>\n\t<meta name=\"twitter:data1\" content=\"2 minutes\" \/>\n<script type=\"application\/ld+json\" class=\"yoast-schema-graph\">{\"@context\":\"https:\\\/\\\/schema.org\",\"@graph\":[{\"@type\":\"WebPage\",\"@id\":\"https:\\\/\\\/nordlinekumblustunnid.ee\\\/en\\\/toode\\\/hot-tube-2200\\\/\",\"url\":\"https:\\\/\\\/nordlinekumblustunnid.ee\\\/en\\\/toode\\\/hot-tube-2200\\\/\",\"name\":\"K\u00fcmblust\u00fcnn 2200 - soojuspumbaga v\u00f5i puitk\u00fcttel ahjuga versioon.\",\"isPartOf\":{\"@id\":\"https:\\\/\\\/nordlinekumblustunnid.ee\\\/en\\\/#website\"},\"primaryImageOfPage\":{\"@id\":\"https:\\\/\\\/nordlinekumblustunnid.ee\\\/en\\\/toode\\\/hot-tube-2200\\\/#primaryimage\"},\"image\":{\"@id\":\"https:\\\/\\\/nordlinekumblustunnid.ee\\\/en\\\/toode\\\/hot-tube-2200\\\/#primaryimage\"},\"thumbnailUrl\":\"https:\\\/\\\/nordlinekumblustunnid.ee\\\/wp-content\\\/uploads\\\/2017\\\/11\\\/Nordline-kumblustunn-Deluxe-umar-ahjuga-2.jpg\",\"datePublished\":\"2017-11-22T11:01:24+00:00\",\"description\":\"K\u00fcmblust\u00fcnn 2200 on ainulaadse disainiga mugav ja efektse v\u00e4rvistruktuuriga k\u00fcmblust\u00fcnn. V\u00f5imalik varustada automaatse soojuspumbaga.\",\"breadcrumb\":{\"@id\":\"https:\\\/\\\/nordlinekumblustunnid.ee\\\/en\\\/toode\\\/hot-tube-2200\\\/#breadcrumb\"},\"inLanguage\":\"en-US\",\"potentialAction\":[{\"@type\":\"ReadAction\",\"target\":[\"https:\\\/\\\/nordlinekumblustunnid.ee\\\/en\\\/toode\\\/hot-tube-2200\\\/\"]}]},{\"@type\":\"ImageObject\",\"inLanguage\":\"en-US\",\"@id\":\"https:\\\/\\\/nordlinekumblustunnid.ee\\\/en\\\/toode\\\/hot-tube-2200\\\/#primaryimage\",\"url\":\"https:\\\/\\\/nordlinekumblustunnid.ee\\\/wp-content\\\/uploads\\\/2017\\\/11\\\/Nordline-kumblustunn-Deluxe-umar-ahjuga-2.jpg\",\"contentUrl\":\"https:\\\/\\\/nordlinekumblustunnid.ee\\\/wp-content\\\/uploads\\\/2017\\\/11\\\/Nordline-kumblustunn-Deluxe-umar-ahjuga-2.jpg\",\"width\":877,\"height\":598,\"caption\":\"Nordline-kumblustunn-Deluxe-umar-ahjuga-2\"},{\"@type\":\"BreadcrumbList\",\"@id\":\"https:\\\/\\\/nordlinekumblustunnid.ee\\\/en\\\/toode\\\/hot-tube-2200\\\/#breadcrumb\",\"itemListElement\":[{\"@type\":\"ListItem\",\"position\":1,\"name\":\"Home\",\"item\":\"https:\\\/\\\/nordlinekumblustunnid.ee\\\/en\\\/\"},{\"@type\":\"ListItem\",\"position\":2,\"name\":\"Shop\",\"item\":\"https:\\\/\\\/nordlinekumblustunnid.ee\\\/en\\\/shop\\\/\"},{\"@type\":\"ListItem\",\"position\":3,\"name\":\"Hot Tube 2200\"}]},{\"@type\":\"WebSite\",\"@id\":\"https:\\\/\\\/nordlinekumblustunnid.ee\\\/en\\\/#website\",\"url\":\"https:\\\/\\\/nordlinekumblustunnid.ee\\\/en\\\/\",\"name\":\"NordLine k\u00fcmblust\u00fcnnide tootja\",\"description\":\"\",\"potentialAction\":[{\"@type\":\"SearchAction\",\"target\":{\"@type\":\"EntryPoint\",\"urlTemplate\":\"https:\\\/\\\/nordlinekumblustunnid.ee\\\/en\\\/?s={search_term_string}\"},\"query-input\":{\"@type\":\"PropertyValueSpecification\",\"valueRequired\":true,\"valueName\":\"search_term_string\"}}],\"inLanguage\":\"en-US\"}]}<\/script>\n<!-- \/ Yoast SEO plugin. -->","yoast_head_json":{"title":"K\u00fcmblust\u00fcnn 2200 - soojuspumbaga v\u00f5i puitk\u00fcttel ahjuga versioon.","description":"K\u00fcmblust\u00fcnn 2200 on ainulaadse disainiga mugav ja efektse v\u00e4rvistruktuuriga k\u00fcmblust\u00fcnn. V\u00f5imalik varustada automaatse soojuspumbaga.","robots":{"index":"index","follow":"follow","max-snippet":"max-snippet:-1","max-image-preview":"max-image-preview:large","max-video-preview":"max-video-preview:-1"},"canonical":"https:\/\/nordlinekumblustunnid.ee\/en\/toode\/hot-tube-2200\/","og_locale":"en_US","og_type":"article","og_title":"K\u00fcmblust\u00fcnn 2200 - soojuspumbaga v\u00f5i puitk\u00fcttel ahjuga versioon.","og_description":"K\u00fcmblust\u00fcnn 2200 on ainulaadse disainiga mugav ja efektse v\u00e4rvistruktuuriga k\u00fcmblust\u00fcnn. V\u00f5imalik varustada automaatse soojuspumbaga.","og_url":"https:\/\/nordlinekumblustunnid.ee\/en\/toode\/hot-tube-2200\/","og_site_name":"NordLine k\u00fcmblust\u00fcnnide tootja","article_publisher":"https:\/\/www.facebook.com\/nordlineboats","og_image":[{"width":877,"height":598,"url":"https:\/\/nordlinekumblustunnid.ee\/wp-content\/uploads\/2017\/11\/Nordline-kumblustunn-Deluxe-umar-ahjuga-2.jpg","type":"image\/jpeg"}],"twitter_card":"summary_large_image","twitter_misc":{"Est. reading time":"2 minutes"},"schema":{"@context":"https:\/\/schema.org","@graph":[{"@type":"WebPage","@id":"https:\/\/nordlinekumblustunnid.ee\/en\/toode\/hot-tube-2200\/","url":"https:\/\/nordlinekumblustunnid.ee\/en\/toode\/hot-tube-2200\/","name":"K\u00fcmblust\u00fcnn 2200 - soojuspumbaga v\u00f5i puitk\u00fcttel ahjuga versioon.","isPartOf":{"@id":"https:\/\/nordlinekumblustunnid.ee\/en\/#website"},"primaryImageOfPage":{"@id":"https:\/\/nordlinekumblustunnid.ee\/en\/toode\/hot-tube-2200\/#primaryimage"},"image":{"@id":"https:\/\/nordlinekumblustunnid.ee\/en\/toode\/hot-tube-2200\/#primaryimage"},"thumbnailUrl":"https:\/\/nordlinekumblustunnid.ee\/wp-content\/uploads\/2017\/11\/Nordline-kumblustunn-Deluxe-umar-ahjuga-2.jpg","datePublished":"2017-11-22T11:01:24+00:00","description":"K\u00fcmblust\u00fcnn 2200 on ainulaadse disainiga mugav ja efektse v\u00e4rvistruktuuriga k\u00fcmblust\u00fcnn. V\u00f5imalik varustada automaatse soojuspumbaga.","breadcrumb":{"@id":"https:\/\/nordlinekumblustunnid.ee\/en\/toode\/hot-tube-2200\/#breadcrumb"},"inLanguage":"en-US","potentialAction":[{"@type":"ReadAction","target":["https:\/\/nordlinekumblustunnid.ee\/en\/toode\/hot-tube-2200\/"]}]},{"@type":"ImageObject","inLanguage":"en-US","@id":"https:\/\/nordlinekumblustunnid.ee\/en\/toode\/hot-tube-2200\/#primaryimage","url":"https:\/\/nordlinekumblustunnid.ee\/wp-content\/uploads\/2017\/11\/Nordline-kumblustunn-Deluxe-umar-ahjuga-2.jpg","contentUrl":"https:\/\/nordlinekumblustunnid.ee\/wp-content\/uploads\/2017\/11\/Nordline-kumblustunn-Deluxe-umar-ahjuga-2.jpg","width":877,"height":598,"caption":"Nordline-kumblustunn-Deluxe-umar-ahjuga-2"},{"@type":"BreadcrumbList","@id":"https:\/\/nordlinekumblustunnid.ee\/en\/toode\/hot-tube-2200\/#breadcrumb","itemListElement":[{"@type":"ListItem","position":1,"name":"Home","item":"https:\/\/nordlinekumblustunnid.ee\/en\/"},{"@type":"ListItem","position":2,"name":"Shop","item":"https:\/\/nordlinekumblustunnid.ee\/en\/shop\/"},{"@type":"ListItem","position":3,"name":"Hot Tube 2200"}]},{"@type":"WebSite","@id":"https:\/\/nordlinekumblustunnid.ee\/en\/#website","url":"https:\/\/nordlinekumblustunnid.ee\/en\/","name":"NordLine k\u00fcmblust\u00fcnnide tootja","description":"","potentialAction":[{"@type":"SearchAction","target":{"@type":"EntryPoint","urlTemplate":"https:\/\/nordlinekumblustunnid.ee\/en\/?s={search_term_string}"},"query-input":{"@type":"PropertyValueSpecification","valueRequired":true,"valueName":"search_term_string"}}],"inLanguage":"en-US"}]}},"taxonomy_info":{"product_cat":[{"value":99,"label":"Hot Tube"}]},"featured_image_src_large":["https:\/\/nordlinekumblustunnid.ee\/wp-content\/uploads\/2017\/11\/Nordline-kumblustunn-Deluxe-umar-ahjuga-2.jpg",877,598,false],"author_info":[],"comment_info":"","_links":{"self":[{"href":"https:\/\/nordlinekumblustunnid.ee\/en\/wp-json\/wp\/v2\/product\/2172","targetHints":{"allow":["GET"]}}],"collection":[{"href":"https:\/\/nordlinekumblustunnid.ee\/en\/wp-json\/wp\/v2\/product"}],"about":[{"href":"https:\/\/nordlinekumblustunnid.ee\/en\/wp-json\/wp\/v2\/types\/product"}],"wp:featuredmedia":[{"embeddable":true,"href":"https:\/\/nordlinekumblustunnid.ee\/en\/wp-json\/wp\/v2\/media\/5790"}],"wp:attachment":[{"href":"https:\/\/nordlinekumblustunnid.ee\/en\/wp-json\/wp\/v2\/media?parent=2172"}],"wp:term":[{"taxonomy":"product_brand","embeddable":true,"href":"https:\/\/nordlinekumblustunnid.ee\/en\/wp-json\/wp\/v2\/product_brand?post=2172"},{"taxonomy":"product_cat","embeddable":true,"href":"https:\/\/nordlinekumblustunnid.ee\/en\/wp-json\/wp\/v2\/product_cat?post=2172"},{"taxonomy":"product_tag","embeddable":true,"href":"https:\/\/nordlinekumblustunnid.ee\/en\/wp-json\/wp\/v2\/product_tag?post=2172"}],"curies":[{"name":"wp","href":"https:\/\/api.w.org\/{rel}","templated":true}]}}