{"id":266,"date":"2017-10-05T14:55:42","date_gmt":"2017-10-05T11:55:42","guid":{"rendered":"https:\/\/nordlinekumblustunnid.ee\/?page_id=266"},"modified":"2019-09-09T12:44:33","modified_gmt":"2019-09-09T09:44:33","slug":"edasimuujad","status":"publish","type":"page","link":"https:\/\/nordlinekumblustunnid.ee\/et\/edasimuujad\/","title":{"rendered":"Edasim\u00fc\u00fcjad"},"content":{"rendered":"<h2><strong><a href=\"http:\/\/mlauto.ee\/\" target=\"_blank\" rel=\"noopener noreferrer\">ML Autoservice<\/a><\/strong><\/h2>\n<p>Tallinna tn. 88, Kuressaare<br \/>\nPuhelin: +372 45 22 550<br \/>\ninfo(at)mlauto.ee<\/p>\n<h2><strong><strong><a href=\"http:\/\/www.fishingvillage.ee\/\" target=\"_blank\" rel=\"noopener noreferrer\">Fishing Village<\/a><\/strong><br \/>\nT\u00f5nis ja Pojad O\u00dc<\/strong><\/h2>\n<p>Uus-Sauga 62,<br \/>\nP\u00e4rnu 80033<br \/>\nTelefon: +372 533 25 400<br \/>\nE-post: info(at)fishingvillage.ee<\/p>\n","protected":false},"excerpt":{"rendered":"<p>ML Autoservice Tallinna tn. 88, Kuressaare Puhelin: +372 45 22 550 info(at)mlauto.ee Fishing Village T\u00f5nis ja Pojad O\u00dc Uus-Sauga 62, P\u00e4rnu 80033 Telefon: +372 533 25 400 E-post: info(at)fishingvillage.ee<\/p>\n","protected":false},"author":2,"featured_media":0,"parent":0,"menu_order":0,"comment_status":"closed","ping_status":"closed","template":"","meta":{"_kad_blocks_custom_css":"","_kad_blocks_head_custom_js":"","_kad_blocks_body_custom_js":"","_kad_blocks_footer_custom_js":"","_kad_post_transparent":"","_kad_post_title":"","_kad_post_layout":"","_kad_post_sidebar_id":"","_kad_post_content_style":"","_kad_post_vertical_padding":"","_kad_post_feature":"","_kad_post_feature_position":"","_kad_post_header":false,"_kad_post_footer":false,"_kad_post_classname":"","footnotes":""},"class_list":["post-266","page","type-page","status-publish","hentry"],"yoast_head":"<!-- This site is optimized with the Yoast SEO plugin v27.5 - https:\/\/yoast.com\/product\/yoast-seo-wordpress\/ -->\n<title>Nordline paatide edasim\u00fc\u00fcjad ja esindused- NORDLINEBOATS<\/title>\n<meta name=\"description\" content=\"Nordline paatide edasim\u00fc\u00fcjad omavad \u00f5igust m\u00fc\u00fca ja hooldada Nordline paate. Teostada vajadusel mootorite ja tarvikute paigaldust.\" \/>\n<meta name=\"robots\" content=\"index, follow, max-snippet:-1, max-image-preview:large, max-video-preview:-1\" \/>\n<link rel=\"canonical\" href=\"https:\/\/nordlinekumblustunnid.ee\/et\/edasimuujad\/\" \/>\n<meta property=\"og:locale\" content=\"et_EE\" \/>\n<meta property=\"og:type\" content=\"article\" \/>\n<meta property=\"og:title\" content=\"Nordline paatide edasim\u00fc\u00fcjad ja esindused- NORDLINEBOATS\" \/>\n<meta property=\"og:description\" content=\"Nordline paatide edasim\u00fc\u00fcjad omavad \u00f5igust m\u00fc\u00fca ja hooldada Nordline paate. Teostada vajadusel mootorite ja tarvikute paigaldust.\" \/>\n<meta property=\"og:url\" content=\"https:\/\/nordlinekumblustunnid.ee\/et\/edasimuujad\/\" \/>\n<meta property=\"og:site_name\" content=\"NordLine k\u00fcmblust\u00fcnnide tootja\" \/>\n<meta property=\"article:publisher\" content=\"https:\/\/www.facebook.com\/nordlineboats\" \/>\n<meta property=\"article:modified_time\" content=\"2019-09-09T09:44:33+00:00\" \/>\n<meta name=\"twitter:card\" content=\"summary_large_image\" \/>\n<script type=\"application\/ld+json\" class=\"yoast-schema-graph\">{\"@context\":\"https:\\\/\\\/schema.org\",\"@graph\":[{\"@type\":\"WebPage\",\"@id\":\"https:\\\/\\\/nordlinekumblustunnid.ee\\\/et\\\/edasimuujad\\\/\",\"url\":\"https:\\\/\\\/nordlinekumblustunnid.ee\\\/et\\\/edasimuujad\\\/\",\"name\":\"Nordline paatide edasim\u00fc\u00fcjad ja esindused- NORDLINEBOATS\",\"isPartOf\":{\"@id\":\"https:\\\/\\\/nordlinekumblustunnid.ee\\\/et\\\/#website\"},\"datePublished\":\"2017-10-05T11:55:42+00:00\",\"dateModified\":\"2019-09-09T09:44:33+00:00\",\"description\":\"Nordline paatide edasim\u00fc\u00fcjad omavad \u00f5igust m\u00fc\u00fca ja hooldada Nordline paate. Teostada vajadusel mootorite ja tarvikute paigaldust.\",\"breadcrumb\":{\"@id\":\"https:\\\/\\\/nordlinekumblustunnid.ee\\\/et\\\/edasimuujad\\\/#breadcrumb\"},\"inLanguage\":\"et\",\"potentialAction\":[{\"@type\":\"ReadAction\",\"target\":[\"https:\\\/\\\/nordlinekumblustunnid.ee\\\/et\\\/edasimuujad\\\/\"]}]},{\"@type\":\"BreadcrumbList\",\"@id\":\"https:\\\/\\\/nordlinekumblustunnid.ee\\\/et\\\/edasimuujad\\\/#breadcrumb\",\"itemListElement\":[{\"@type\":\"ListItem\",\"position\":1,\"name\":\"Home\",\"item\":\"https:\\\/\\\/nordlinekumblustunnid.ee\\\/et\\\/\"},{\"@type\":\"ListItem\",\"position\":2,\"name\":\"Edasim\u00fc\u00fcjad\"}]},{\"@type\":\"WebSite\",\"@id\":\"https:\\\/\\\/nordlinekumblustunnid.ee\\\/et\\\/#website\",\"url\":\"https:\\\/\\\/nordlinekumblustunnid.ee\\\/et\\\/\",\"name\":\"NordLine k\u00fcmblust\u00fcnnide tootja\",\"description\":\"\",\"potentialAction\":[{\"@type\":\"SearchAction\",\"target\":{\"@type\":\"EntryPoint\",\"urlTemplate\":\"https:\\\/\\\/nordlinekumblustunnid.ee\\\/et\\\/?s={search_term_string}\"},\"query-input\":{\"@type\":\"PropertyValueSpecification\",\"valueRequired\":true,\"valueName\":\"search_term_string\"}}],\"inLanguage\":\"et\"}]}<\/script>\n<!-- \/ Yoast SEO plugin. -->","yoast_head_json":{"title":"Nordline paatide edasim\u00fc\u00fcjad ja esindused- NORDLINEBOATS","description":"Nordline paatide edasim\u00fc\u00fcjad omavad \u00f5igust m\u00fc\u00fca ja hooldada Nordline paate. Teostada vajadusel mootorite ja tarvikute paigaldust.","robots":{"index":"index","follow":"follow","max-snippet":"max-snippet:-1","max-image-preview":"max-image-preview:large","max-video-preview":"max-video-preview:-1"},"canonical":"https:\/\/nordlinekumblustunnid.ee\/et\/edasimuujad\/","og_locale":"et_EE","og_type":"article","og_title":"Nordline paatide edasim\u00fc\u00fcjad ja esindused- NORDLINEBOATS","og_description":"Nordline paatide edasim\u00fc\u00fcjad omavad \u00f5igust m\u00fc\u00fca ja hooldada Nordline paate. Teostada vajadusel mootorite ja tarvikute paigaldust.","og_url":"https:\/\/nordlinekumblustunnid.ee\/et\/edasimuujad\/","og_site_name":"NordLine k\u00fcmblust\u00fcnnide tootja","article_publisher":"https:\/\/www.facebook.com\/nordlineboats","article_modified_time":"2019-09-09T09:44:33+00:00","twitter_card":"summary_large_image","schema":{"@context":"https:\/\/schema.org","@graph":[{"@type":"WebPage","@id":"https:\/\/nordlinekumblustunnid.ee\/et\/edasimuujad\/","url":"https:\/\/nordlinekumblustunnid.ee\/et\/edasimuujad\/","name":"Nordline paatide edasim\u00fc\u00fcjad ja esindused- NORDLINEBOATS","isPartOf":{"@id":"https:\/\/nordlinekumblustunnid.ee\/et\/#website"},"datePublished":"2017-10-05T11:55:42+00:00","dateModified":"2019-09-09T09:44:33+00:00","description":"Nordline paatide edasim\u00fc\u00fcjad omavad \u00f5igust m\u00fc\u00fca ja hooldada Nordline paate. Teostada vajadusel mootorite ja tarvikute paigaldust.","breadcrumb":{"@id":"https:\/\/nordlinekumblustunnid.ee\/et\/edasimuujad\/#breadcrumb"},"inLanguage":"et","potentialAction":[{"@type":"ReadAction","target":["https:\/\/nordlinekumblustunnid.ee\/et\/edasimuujad\/"]}]},{"@type":"BreadcrumbList","@id":"https:\/\/nordlinekumblustunnid.ee\/et\/edasimuujad\/#breadcrumb","itemListElement":[{"@type":"ListItem","position":1,"name":"Home","item":"https:\/\/nordlinekumblustunnid.ee\/et\/"},{"@type":"ListItem","position":2,"name":"Edasim\u00fc\u00fcjad"}]},{"@type":"WebSite","@id":"https:\/\/nordlinekumblustunnid.ee\/et\/#website","url":"https:\/\/nordlinekumblustunnid.ee\/et\/","name":"NordLine k\u00fcmblust\u00fcnnide tootja","description":"","potentialAction":[{"@type":"SearchAction","target":{"@type":"EntryPoint","urlTemplate":"https:\/\/nordlinekumblustunnid.ee\/et\/?s={search_term_string}"},"query-input":{"@type":"PropertyValueSpecification","valueRequired":true,"valueName":"search_term_string"}}],"inLanguage":"et"}]}},"taxonomy_info":[],"featured_image_src_large":false,"author_info":{"display_name":"Hannes K\u00e4rsna","author_link":"https:\/\/nordlinekumblustunnid.ee\/et\/author\/hannes\/"},"comment_info":"","_links":{"self":[{"href":"https:\/\/nordlinekumblustunnid.ee\/et\/wp-json\/wp\/v2\/pages\/266","targetHints":{"allow":["GET"]}}],"collection":[{"href":"https:\/\/nordlinekumblustunnid.ee\/et\/wp-json\/wp\/v2\/pages"}],"about":[{"href":"https:\/\/nordlinekumblustunnid.ee\/et\/wp-json\/wp\/v2\/types\/page"}],"author":[{"embeddable":true,"href":"https:\/\/nordlinekumblustunnid.ee\/et\/wp-json\/wp\/v2\/users\/2"}],"replies":[{"embeddable":true,"href":"https:\/\/nordlinekumblustunnid.ee\/et\/wp-json\/wp\/v2\/comments?post=266"}],"version-history":[{"count":2,"href":"https:\/\/nordlinekumblustunnid.ee\/et\/wp-json\/wp\/v2\/pages\/266\/revisions"}],"predecessor-version":[{"id":3395,"href":"https:\/\/nordlinekumblustunnid.ee\/et\/wp-json\/wp\/v2\/pages\/266\/revisions\/3395"}],"wp:attachment":[{"href":"https:\/\/nordlinekumblustunnid.ee\/et\/wp-json\/wp\/v2\/media?parent=266"}],"curies":[{"name":"wp","href":"https:\/\/api.w.org\/{rel}","templated":true}]}}