{"id":3545,"date":"2020-04-16T10:28:20","date_gmt":"2020-04-16T07:28:20","guid":{"rendered":"https:\/\/nordlinekumblustunnid.ee\/?page_id=3545"},"modified":"2021-02-12T11:33:06","modified_gmt":"2021-02-12T09:33:06","slug":"paadi-rent","status":"publish","type":"page","link":"https:\/\/nordlinekumblustunnid.ee\/et\/paadi-rent\/","title":{"rendered":"Paadi rent"},"content":{"rendered":"\n<p>Selleks, et proovida erinevaid meie paate, soovitame p\u00f6\u00f6rduda meie partnerite poole, kes rendivad paate. Saate laenutada paadi ja ise sellega s\u00f5ita. Isiklik kogemus on parim viis teada saada, milline mudel Teile sobib.<\/p>\n\n\n\n<p>Vaata ka meie soovitusi <a href=\"https:\/\/nordlinekumblustunnid.ee\/et\/kuidas-valida-head-paati\/\" target=\"_blank\" rel=\"noreferrer noopener\">&#8220;kuidas valida paati!&#8221;<\/a><\/p>\n\n\n\n<h2 class=\"wp-block-heading\">Nordline 29<\/h2>\n\n\n\n<p>Kaiu puhkebaas &#8211; 56643520<\/p>\n\n\n\n<h2 class=\"wp-block-heading\">Nordline 38<\/h2>\n\n\n\n<p><a href=\"https:\/\/www.tikutalu.ee\/kontakt\/\" target=\"_blank\" rel=\"noreferrer noopener\">Tiku puhkemajad<\/a> &#8211; +372 530 000 10<\/p>\n\n\n\n<p><a href=\"https:\/\/www.vapramae.ee\/kontakt\" target=\"_blank\" rel=\"noreferrer noopener\">Vapram\u00e4e Allika O\u00dc<\/a> &#8211; +372 5362 6666&nbsp;<\/p>\n\n\n\n<p><\/p>\n\n\n\n<h2 class=\"wp-block-heading\">Nordline 41M<\/h2>\n\n\n\n<p>Ergo Viks &#8211; 53405495<\/p>\n\n\n\n<h2 class=\"wp-block-heading\">Nordline 42<\/h2>\n\n\n\n<p>Hillar. Peipsi \u00e4\u00e4res &#8211; 53307245<\/p>\n\n\n\n<p><a rel=\"noreferrer noopener\" href=\"https:\/\/fishingvillage.ee\/kontakt\/\" target=\"_blank\">Fishing Village puhke- ja vabaajakeskus<\/a> &#8211; +372 5097841<\/p>\n\n\n\n<h2 class=\"wp-block-heading\">Nordline 51<\/h2>\n\n\n\n<p><a rel=\"noreferrer noopener\" href=\"https:\/\/fishingvillage.ee\/kontakt\/\" target=\"_blank\">Fishing Village puhke- ja vabaajakeskus<\/a> &#8211; +372 5097841<\/p>\n","protected":false},"excerpt":{"rendered":"<p>Selleks, et proovida erinevaid meie paate, soovitame p\u00f6\u00f6rduda meie partnerite poole, kes rendivad paate. Saate laenutada paadi ja ise sellega s\u00f5ita. Isiklik kogemus on parim viis teada saada, milline mudel Teile sobib. Vaata ka meie soovitusi &#8220;kuidas valida paati!&#8221; Nordline 29 Kaiu puhkebaas &#8211; 56643520 Nordline 38 Tiku puhkemajad &#8211; +372 530 000 10 Vapram\u00e4e&#8230;<\/p>\n","protected":false},"author":2,"featured_media":0,"parent":0,"menu_order":0,"comment_status":"closed","ping_status":"closed","template":"","meta":{"_kad_blocks_custom_css":"","_kad_blocks_head_custom_js":"","_kad_blocks_body_custom_js":"","_kad_blocks_footer_custom_js":"","_kad_post_transparent":"","_kad_post_title":"","_kad_post_layout":"","_kad_post_sidebar_id":"","_kad_post_content_style":"","_kad_post_vertical_padding":"","_kad_post_feature":"","_kad_post_feature_position":"","_kad_post_header":false,"_kad_post_footer":false,"_kad_post_classname":"","footnotes":""},"class_list":["post-3545","page","type-page","status-publish","hentry"],"yoast_head":"<!-- This site is optimized with the Yoast SEO plugin v27.4 - https:\/\/yoast.com\/product\/yoast-seo-wordpress\/ -->\n<title>Paadi rent - NordLine k\u00fcmblust\u00fcnnide tootja<\/title>\n<meta name=\"robots\" content=\"index, follow, max-snippet:-1, max-image-preview:large, max-video-preview:-1\" \/>\n<link rel=\"canonical\" href=\"https:\/\/nordlinekumblustunnid.ee\/et\/paadi-rent\/\" \/>\n<meta property=\"og:locale\" content=\"et_EE\" \/>\n<meta property=\"og:type\" content=\"article\" \/>\n<meta property=\"og:title\" content=\"Paadi rent - NordLine k\u00fcmblust\u00fcnnide tootja\" \/>\n<meta property=\"og:description\" content=\"Selleks, et proovida erinevaid meie paate, soovitame p\u00f6\u00f6rduda meie partnerite poole, kes rendivad paate. Saate laenutada paadi ja ise sellega s\u00f5ita. Isiklik kogemus on parim viis teada saada, milline mudel Teile sobib. Vaata ka meie soovitusi &#8220;kuidas valida paati!&#8221; Nordline 29 Kaiu puhkebaas &#8211; 56643520 Nordline 38 Tiku puhkemajad &#8211; +372 530 000 10 Vapram\u00e4e...\" \/>\n<meta property=\"og:url\" content=\"https:\/\/nordlinekumblustunnid.ee\/et\/paadi-rent\/\" \/>\n<meta property=\"og:site_name\" content=\"NordLine k\u00fcmblust\u00fcnnide tootja\" \/>\n<meta property=\"article:publisher\" content=\"https:\/\/www.facebook.com\/nordlineboats\" \/>\n<meta property=\"article:modified_time\" content=\"2021-02-12T09:33:06+00:00\" \/>\n<meta name=\"twitter:card\" content=\"summary_large_image\" \/>\n<meta name=\"twitter:label1\" content=\"Est. reading time\" \/>\n\t<meta name=\"twitter:data1\" content=\"1 minut\" \/>\n<script type=\"application\/ld+json\" class=\"yoast-schema-graph\">{\"@context\":\"https:\\\/\\\/schema.org\",\"@graph\":[{\"@type\":\"WebPage\",\"@id\":\"https:\\\/\\\/nordlinekumblustunnid.ee\\\/et\\\/paadi-rent\\\/\",\"url\":\"https:\\\/\\\/nordlinekumblustunnid.ee\\\/et\\\/paadi-rent\\\/\",\"name\":\"Paadi rent - NordLine k\u00fcmblust\u00fcnnide tootja\",\"isPartOf\":{\"@id\":\"https:\\\/\\\/nordlinekumblustunnid.ee\\\/et\\\/#website\"},\"datePublished\":\"2020-04-16T07:28:20+00:00\",\"dateModified\":\"2021-02-12T09:33:06+00:00\",\"breadcrumb\":{\"@id\":\"https:\\\/\\\/nordlinekumblustunnid.ee\\\/et\\\/paadi-rent\\\/#breadcrumb\"},\"inLanguage\":\"et\",\"potentialAction\":[{\"@type\":\"ReadAction\",\"target\":[\"https:\\\/\\\/nordlinekumblustunnid.ee\\\/et\\\/paadi-rent\\\/\"]}]},{\"@type\":\"BreadcrumbList\",\"@id\":\"https:\\\/\\\/nordlinekumblustunnid.ee\\\/et\\\/paadi-rent\\\/#breadcrumb\",\"itemListElement\":[{\"@type\":\"ListItem\",\"position\":1,\"name\":\"Home\",\"item\":\"https:\\\/\\\/nordlinekumblustunnid.ee\\\/et\\\/\"},{\"@type\":\"ListItem\",\"position\":2,\"name\":\"Paadi rent\"}]},{\"@type\":\"WebSite\",\"@id\":\"https:\\\/\\\/nordlinekumblustunnid.ee\\\/et\\\/#website\",\"url\":\"https:\\\/\\\/nordlinekumblustunnid.ee\\\/et\\\/\",\"name\":\"NordLine k\u00fcmblust\u00fcnnide tootja\",\"description\":\"\",\"potentialAction\":[{\"@type\":\"SearchAction\",\"target\":{\"@type\":\"EntryPoint\",\"urlTemplate\":\"https:\\\/\\\/nordlinekumblustunnid.ee\\\/et\\\/?s={search_term_string}\"},\"query-input\":{\"@type\":\"PropertyValueSpecification\",\"valueRequired\":true,\"valueName\":\"search_term_string\"}}],\"inLanguage\":\"et\"}]}<\/script>\n<!-- \/ Yoast SEO plugin. -->","yoast_head_json":{"title":"Paadi rent - NordLine k\u00fcmblust\u00fcnnide tootja","robots":{"index":"index","follow":"follow","max-snippet":"max-snippet:-1","max-image-preview":"max-image-preview:large","max-video-preview":"max-video-preview:-1"},"canonical":"https:\/\/nordlinekumblustunnid.ee\/et\/paadi-rent\/","og_locale":"et_EE","og_type":"article","og_title":"Paadi rent - NordLine k\u00fcmblust\u00fcnnide tootja","og_description":"Selleks, et proovida erinevaid meie paate, soovitame p\u00f6\u00f6rduda meie partnerite poole, kes rendivad paate. Saate laenutada paadi ja ise sellega s\u00f5ita. Isiklik kogemus on parim viis teada saada, milline mudel Teile sobib. Vaata ka meie soovitusi &#8220;kuidas valida paati!&#8221; Nordline 29 Kaiu puhkebaas &#8211; 56643520 Nordline 38 Tiku puhkemajad &#8211; +372 530 000 10 Vapram\u00e4e...","og_url":"https:\/\/nordlinekumblustunnid.ee\/et\/paadi-rent\/","og_site_name":"NordLine k\u00fcmblust\u00fcnnide tootja","article_publisher":"https:\/\/www.facebook.com\/nordlineboats","article_modified_time":"2021-02-12T09:33:06+00:00","twitter_card":"summary_large_image","twitter_misc":{"Est. reading time":"1 minut"},"schema":{"@context":"https:\/\/schema.org","@graph":[{"@type":"WebPage","@id":"https:\/\/nordlinekumblustunnid.ee\/et\/paadi-rent\/","url":"https:\/\/nordlinekumblustunnid.ee\/et\/paadi-rent\/","name":"Paadi rent - NordLine k\u00fcmblust\u00fcnnide tootja","isPartOf":{"@id":"https:\/\/nordlinekumblustunnid.ee\/et\/#website"},"datePublished":"2020-04-16T07:28:20+00:00","dateModified":"2021-02-12T09:33:06+00:00","breadcrumb":{"@id":"https:\/\/nordlinekumblustunnid.ee\/et\/paadi-rent\/#breadcrumb"},"inLanguage":"et","potentialAction":[{"@type":"ReadAction","target":["https:\/\/nordlinekumblustunnid.ee\/et\/paadi-rent\/"]}]},{"@type":"BreadcrumbList","@id":"https:\/\/nordlinekumblustunnid.ee\/et\/paadi-rent\/#breadcrumb","itemListElement":[{"@type":"ListItem","position":1,"name":"Home","item":"https:\/\/nordlinekumblustunnid.ee\/et\/"},{"@type":"ListItem","position":2,"name":"Paadi rent"}]},{"@type":"WebSite","@id":"https:\/\/nordlinekumblustunnid.ee\/et\/#website","url":"https:\/\/nordlinekumblustunnid.ee\/et\/","name":"NordLine k\u00fcmblust\u00fcnnide tootja","description":"","potentialAction":[{"@type":"SearchAction","target":{"@type":"EntryPoint","urlTemplate":"https:\/\/nordlinekumblustunnid.ee\/et\/?s={search_term_string}"},"query-input":{"@type":"PropertyValueSpecification","valueRequired":true,"valueName":"search_term_string"}}],"inLanguage":"et"}]}},"taxonomy_info":[],"featured_image_src_large":false,"author_info":{"display_name":"Hannes K\u00e4rsna","author_link":"https:\/\/nordlinekumblustunnid.ee\/et\/author\/hannes\/"},"comment_info":"","_links":{"self":[{"href":"https:\/\/nordlinekumblustunnid.ee\/et\/wp-json\/wp\/v2\/pages\/3545","targetHints":{"allow":["GET"]}}],"collection":[{"href":"https:\/\/nordlinekumblustunnid.ee\/et\/wp-json\/wp\/v2\/pages"}],"about":[{"href":"https:\/\/nordlinekumblustunnid.ee\/et\/wp-json\/wp\/v2\/types\/page"}],"author":[{"embeddable":true,"href":"https:\/\/nordlinekumblustunnid.ee\/et\/wp-json\/wp\/v2\/users\/2"}],"replies":[{"embeddable":true,"href":"https:\/\/nordlinekumblustunnid.ee\/et\/wp-json\/wp\/v2\/comments?post=3545"}],"version-history":[{"count":2,"href":"https:\/\/nordlinekumblustunnid.ee\/et\/wp-json\/wp\/v2\/pages\/3545\/revisions"}],"predecessor-version":[{"id":4663,"href":"https:\/\/nordlinekumblustunnid.ee\/et\/wp-json\/wp\/v2\/pages\/3545\/revisions\/4663"}],"wp:attachment":[{"href":"https:\/\/nordlinekumblustunnid.ee\/et\/wp-json\/wp\/v2\/media?parent=3545"}],"curies":[{"name":"wp","href":"https:\/\/api.w.org\/{rel}","templated":true}]}}