{"id":1200,"date":"2017-10-06T21:40:06","date_gmt":"2017-10-06T18:40:06","guid":{"rendered":"https:\/\/nordlinekumblustunnid.ee\/?post_type=product&#038;p=1200"},"modified":"2024-03-11T10:09:13","modified_gmt":"2024-03-11T08:09:13","slug":"kumblustunn-nordline-comfort","status":"publish","type":"product","link":"https:\/\/nordlinekumblustunnid.ee\/et\/toode\/kumblustunn-nordline-comfort\/","title":{"rendered":"K\u00fcmblust\u00fcnn Comfort"},"content":{"rendered":"<h1>K\u00fcmblust\u00fcnn Comfort<\/h1>\n<p>K\u00fcmblust\u00fcnn Comfort on optimaalse suurusega mahutades 4-7 inimest. T\u00fcnni mahub 1300 &#8211; 1500 liitrit vett. K\u00fcmblust\u00fcnni m\u00f5\u00f5dud on 1900 x 1900 x 1080 mm. Disainilt on t\u00fcnni nurkades mugavamate seljatugedega istumiskohad.<\/p>\n<h2><strong>V\u00f5imalus ise komplektreerida<\/strong><\/h2>\n<p>Komplekti saab valida t\u00e4pselt sellise nagu soovite. V\u00f5ib osta ka ainult sisu, kui soovite k\u00fcmblust\u00fcnni s\u00fcvistada terrassi sisse.<\/p>\n<h2><strong>Klaasfiibrist sisu<\/strong><\/h2>\n<p>K\u00fcmblust\u00fcnni klaasfiibrist sisu on v\u00e4ga tugev ja pika elueaga. T\u00fcnn on valmistatud 4-6 kihilisest materjalist ja peab h\u00e4sti vastu l\u00f6\u00f6kidele ja p\u00f5rutustele. Klaasfiibri pind on absoluutselt veekindel ja vastupidav p\u00e4iksele. Kasutatud on ultraviolett kiirgusele eriti vastupidavat pinnakatet. Pinda on v\u00e4ga kerge puhtana hoida ja pesta. Pind s\u00e4ilib pikka aega l\u00e4ikivana ja tuhmudes on seda v\u00f5imalik poleerida suurema l\u00e4ike saamiseks. Klaasfiibri sisse on v\u00e4ga lihtne paigaldada lisaseadmeid nagu led tuled ja mullis\u00fcsteem.<\/p>\n<h2><strong>V\u00e4rvivalik<\/strong><\/h2>\n<p>V\u00e4rvivalik on vastavalt soovile <a href=\"http:\/\/www.ralcolors.com\" target=\"_blank\" rel=\"noopener noreferrer\">RAL v\u00e4rvikaardi<\/a> j\u00e4rgi. M\u00f5ningate toonide puhul v\u00f5ib hind erineda standardsest hinnast. Standardselt saadaval tumehallid, hallid, helehallid, sinised k\u00fcmblust\u00fcnnid<\/p>\n<p>Eritellimusena on saadaval 3D kolmekihiline struktuurv\u00e4rv.<\/p>\n<h2><strong>Vee \u00e4ravoolus\u00fcsteem<\/strong><\/h2>\n<p>Vee \u00e4ravooluks on t\u00fcnn varustatud vastava kraaniga. Pole vajadust p\u00f5hjakorgi paigaldamiseks ega eemaldamiseks. Vesi v\u00e4ljub k\u00fcljelt kraani kaudu, kuhu saab \u00fchendada vooliku vee kaugemale juhtimiseks.<\/p>\n<h2><strong>K\u00fcmblust\u00fcnni ahi<\/strong><\/h2>\n<p>K\u00fcmblust\u00fcnni v\u00e4lisahi TK-01 on valmistatud merealumiiniumist, mis on k\u00f5rge korrosioonitaluvusega ning kiire soojusvahetusega.\u00a0Vee kiiremaks soojenemiseks on ahju sisemuses 105mm l\u00e4bim\u00f5\u00f5duga l\u00e4bivoolutoru.\u00a0Ahju sisemuses on malmist tuharest ja terasest leegisuunaja. Ahi soojeneb s\u00f5ltuvalt ilmast 10-15 kraadi tunnis. Seega paari tunniga v\u00f5ib vesi olla juba kasutusvalmis.<\/p>\n<h2>Elektrik\u00fcte<\/h2>\n<p>Elekrik\u00fctte puhul lisanduvad t\u00e4iendavad seadmed. Enne ostu konsulteerige tootjaga, milliseid seadmeid on tarvis Teie lahenduse puhul paigaldada.<\/p>\n<h2><strong>Soojustus<\/strong><\/h2>\n<p>K\u00fcmblust\u00fcnni soojapidavuse s\u00e4ilitamiseks ja kiiremaks soojenemiseks on v\u00f5imalik t\u00fcnn soojustada vahuga. Umbes 5 cm paksune soojustus annab oluliselt soojapidavust ning teeb t\u00fcnni veel rohkem tugevamaks.<\/p>\n<h2><strong>Paigaldamine<\/strong><\/h2>\n<p>Pakume t\u00fcnni paigaldust. T\u00e4psema paigaldushinna saamiseks palju meiega \u00fchendust v\u00f5tta. K\u00fcmblust\u00fcnn on hea paigaldada tasasele pinnale. Maapind tuleks katta kruusa v\u00f5i killustikuga, et saavutada \u00fchtlane pind ja tagada puitkonstruktsiooni isoleeritus pinnasest. Pinnase reguleerimiseks v\u00f5ib kasutada n\u00e4iteks silikaatkive. Paljud lisad ei pruugi kohe \u00fchendatud olla ja tuleb paigaldada vastavalt vajadusele. Kui on vajalik, siis saab lisaks paigaldada seadmete kapi v\u00f5i integreerida terassi sisse.<\/p>\n<div class=\"pooleks\">\n<p><strong style=\"font-family: var(--global-body-font-family);\">Helista 50 55 152 v\u00f5i kirjuta meile info@nordlinekumblustunnid.ee \u00a0Vastame sulle esimesel v\u00f5imalusel.<\/strong><\/p>\n<\/div>\n","protected":false},"excerpt":{"rendered":"<p>K\u00fcmblust\u00fcnn Comfort on m\u00f5eldud 4-7 inimesele. M\u00f5\u00f5dud 190x190x97 cm. Ergonoomilise kujuga klaasplastist basseini on h\u00fcgeeniliselt lihtne hooldada. K\u00fcmblust\u00fcnni konstruktsioon on erakordselt hea mahutavusega ainult 1300 \u2013 1500 liitri juures. Ahi mahutab kuni 45cm pikad puud. Paljude lisade hulgast saate komplekteerida sobiva lahenduse.<\/p>\n","protected":false},"featured_media":4266,"template":"","meta":{"_kad_blocks_custom_css":"","_kad_blocks_head_custom_js":"","_kad_blocks_body_custom_js":"","_kad_blocks_footer_custom_js":"","_kad_post_transparent":"default","_kad_post_title":"","_kad_post_layout":"default","_kad_post_sidebar_id":"","_kad_post_content_style":"default","_kad_post_vertical_padding":"default","_kad_post_feature":"","_kad_post_feature_position":"","_kad_post_header":false,"_kad_post_footer":false,"_kad_post_classname":""},"product_brand":[],"product_cat":[29],"product_tag":[],"class_list":{"0":"post-1200","1":"product","2":"type-product","3":"status-publish","4":"has-post-thumbnail","6":"product_cat-kumblustunnid","7":"product_shipping_class-kaup-mis-ei-mahu-euroalusele","8":"tm-has-options","10":"first","11":"instock","12":"taxable","13":"shipping-taxable","14":"purchasable","15":"product-type-simple","16":"entry","17":"content-bg","18":"loop-entry"},"yoast_head":"<!-- This site is optimized with the Yoast SEO plugin v27.5 - https:\/\/yoast.com\/product\/yoast-seo-wordpress\/ -->\n<title>K\u00dcMBLUST\u00dcNN NORDLINE COMFORT - v\u00e4ga mugav ja tugev<\/title>\n<meta name=\"description\" content=\"K\u00fcmblust\u00fcnn on m\u00f5eldud 4-7 inimesele. Vee kulu on 1300 - 1500 liitrit. V\u00f5imalik tellida soojustuse ja erinevate lisadega.\" \/>\n<meta name=\"robots\" content=\"index, follow, max-snippet:-1, max-image-preview:large, max-video-preview:-1\" \/>\n<link rel=\"canonical\" href=\"https:\/\/nordlinekumblustunnid.ee\/et\/toode\/kumblustunn-nordline-comfort\/\" \/>\n<meta property=\"og:locale\" content=\"et_EE\" \/>\n<meta property=\"og:type\" content=\"article\" \/>\n<meta property=\"og:title\" content=\"K\u00dcMBLUST\u00dcNN NORDLINE COMFORT - v\u00e4ga mugav ja tugev\" \/>\n<meta property=\"og:description\" content=\"K\u00fcmblust\u00fcnn on m\u00f5eldud 4-7 inimesele. Vee kulu on 1300 - 1500 liitrit. V\u00f5imalik tellida soojustuse ja erinevate lisadega.\" \/>\n<meta property=\"og:url\" content=\"https:\/\/nordlinekumblustunnid.ee\/et\/toode\/kumblustunn-nordline-comfort\/\" \/>\n<meta property=\"og:site_name\" content=\"NordLine k\u00fcmblust\u00fcnnide tootja\" \/>\n<meta property=\"article:publisher\" content=\"https:\/\/www.facebook.com\/nordlineboats\" \/>\n<meta property=\"article:modified_time\" content=\"2024-03-11T08:09:13+00:00\" \/>\n<meta property=\"og:image\" content=\"https:\/\/nordlinekumblustunnid.ee\/wp-content\/uploads\/2017\/10\/2020-09-22-19.09.05-scaled.jpg\" \/>\n\t<meta property=\"og:image:width\" content=\"2560\" \/>\n\t<meta property=\"og:image:height\" content=\"1920\" \/>\n\t<meta property=\"og:image:type\" content=\"image\/jpeg\" \/>\n<meta name=\"twitter:card\" content=\"summary_large_image\" \/>\n<meta name=\"twitter:label1\" content=\"Est. reading time\" \/>\n\t<meta name=\"twitter:data1\" content=\"3 minutit\" \/>\n<script type=\"application\/ld+json\" class=\"yoast-schema-graph\">{\"@context\":\"https:\\\/\\\/schema.org\",\"@graph\":[{\"@type\":\"WebPage\",\"@id\":\"https:\\\/\\\/nordlinekumblustunnid.ee\\\/et\\\/toode\\\/kumblustunn-nordline-comfort\\\/\",\"url\":\"https:\\\/\\\/nordlinekumblustunnid.ee\\\/et\\\/toode\\\/kumblustunn-nordline-comfort\\\/\",\"name\":\"K\u00dcMBLUST\u00dcNN NORDLINE COMFORT - v\u00e4ga mugav ja tugev\",\"isPartOf\":{\"@id\":\"https:\\\/\\\/nordlinekumblustunnid.ee\\\/et\\\/#website\"},\"primaryImageOfPage\":{\"@id\":\"https:\\\/\\\/nordlinekumblustunnid.ee\\\/et\\\/toode\\\/kumblustunn-nordline-comfort\\\/#primaryimage\"},\"image\":{\"@id\":\"https:\\\/\\\/nordlinekumblustunnid.ee\\\/et\\\/toode\\\/kumblustunn-nordline-comfort\\\/#primaryimage\"},\"thumbnailUrl\":\"https:\\\/\\\/nordlinekumblustunnid.ee\\\/wp-content\\\/uploads\\\/2017\\\/10\\\/2020-09-22-19.09.05-scaled.jpg\",\"datePublished\":\"2017-10-06T18:40:06+00:00\",\"dateModified\":\"2024-03-11T08:09:13+00:00\",\"description\":\"K\u00fcmblust\u00fcnn on m\u00f5eldud 4-7 inimesele. Vee kulu on 1300 - 1500 liitrit. V\u00f5imalik tellida soojustuse ja erinevate lisadega.\",\"breadcrumb\":{\"@id\":\"https:\\\/\\\/nordlinekumblustunnid.ee\\\/et\\\/toode\\\/kumblustunn-nordline-comfort\\\/#breadcrumb\"},\"inLanguage\":\"et\",\"potentialAction\":[{\"@type\":\"ReadAction\",\"target\":[\"https:\\\/\\\/nordlinekumblustunnid.ee\\\/et\\\/toode\\\/kumblustunn-nordline-comfort\\\/\"]}]},{\"@type\":\"ImageObject\",\"inLanguage\":\"et\",\"@id\":\"https:\\\/\\\/nordlinekumblustunnid.ee\\\/et\\\/toode\\\/kumblustunn-nordline-comfort\\\/#primaryimage\",\"url\":\"https:\\\/\\\/nordlinekumblustunnid.ee\\\/wp-content\\\/uploads\\\/2017\\\/10\\\/2020-09-22-19.09.05-scaled.jpg\",\"contentUrl\":\"https:\\\/\\\/nordlinekumblustunnid.ee\\\/wp-content\\\/uploads\\\/2017\\\/10\\\/2020-09-22-19.09.05-scaled.jpg\",\"width\":2560,\"height\":1920,\"caption\":\"K\u00fcmblust\u00fcnn, t\u00fcnnisaun Nordline comfort kandiline\"},{\"@type\":\"BreadcrumbList\",\"@id\":\"https:\\\/\\\/nordlinekumblustunnid.ee\\\/et\\\/toode\\\/kumblustunn-nordline-comfort\\\/#breadcrumb\",\"itemListElement\":[{\"@type\":\"ListItem\",\"position\":1,\"name\":\"Home\",\"item\":\"https:\\\/\\\/nordlinekumblustunnid.ee\\\/et\\\/\"},{\"@type\":\"ListItem\",\"position\":2,\"name\":\"Pood\",\"item\":\"https:\\\/\\\/nordlinekumblustunnid.ee\\\/et\\\/pood\\\/\"},{\"@type\":\"ListItem\",\"position\":3,\"name\":\"K\u00fcmblust\u00fcnn Comfort\"}]},{\"@type\":\"WebSite\",\"@id\":\"https:\\\/\\\/nordlinekumblustunnid.ee\\\/et\\\/#website\",\"url\":\"https:\\\/\\\/nordlinekumblustunnid.ee\\\/et\\\/\",\"name\":\"NordLine k\u00fcmblust\u00fcnnide tootja\",\"description\":\"\",\"potentialAction\":[{\"@type\":\"SearchAction\",\"target\":{\"@type\":\"EntryPoint\",\"urlTemplate\":\"https:\\\/\\\/nordlinekumblustunnid.ee\\\/et\\\/?s={search_term_string}\"},\"query-input\":{\"@type\":\"PropertyValueSpecification\",\"valueRequired\":true,\"valueName\":\"search_term_string\"}}],\"inLanguage\":\"et\"}]}<\/script>\n<!-- \/ Yoast SEO plugin. -->","yoast_head_json":{"title":"K\u00dcMBLUST\u00dcNN NORDLINE COMFORT - v\u00e4ga mugav ja tugev","description":"K\u00fcmblust\u00fcnn on m\u00f5eldud 4-7 inimesele. Vee kulu on 1300 - 1500 liitrit. V\u00f5imalik tellida soojustuse ja erinevate lisadega.","robots":{"index":"index","follow":"follow","max-snippet":"max-snippet:-1","max-image-preview":"max-image-preview:large","max-video-preview":"max-video-preview:-1"},"canonical":"https:\/\/nordlinekumblustunnid.ee\/et\/toode\/kumblustunn-nordline-comfort\/","og_locale":"et_EE","og_type":"article","og_title":"K\u00dcMBLUST\u00dcNN NORDLINE COMFORT - v\u00e4ga mugav ja tugev","og_description":"K\u00fcmblust\u00fcnn on m\u00f5eldud 4-7 inimesele. Vee kulu on 1300 - 1500 liitrit. V\u00f5imalik tellida soojustuse ja erinevate lisadega.","og_url":"https:\/\/nordlinekumblustunnid.ee\/et\/toode\/kumblustunn-nordline-comfort\/","og_site_name":"NordLine k\u00fcmblust\u00fcnnide tootja","article_publisher":"https:\/\/www.facebook.com\/nordlineboats","article_modified_time":"2024-03-11T08:09:13+00:00","og_image":[{"width":2560,"height":1920,"url":"https:\/\/nordlinekumblustunnid.ee\/wp-content\/uploads\/2017\/10\/2020-09-22-19.09.05-scaled.jpg","type":"image\/jpeg"}],"twitter_card":"summary_large_image","twitter_misc":{"Est. reading time":"3 minutit"},"schema":{"@context":"https:\/\/schema.org","@graph":[{"@type":"WebPage","@id":"https:\/\/nordlinekumblustunnid.ee\/et\/toode\/kumblustunn-nordline-comfort\/","url":"https:\/\/nordlinekumblustunnid.ee\/et\/toode\/kumblustunn-nordline-comfort\/","name":"K\u00dcMBLUST\u00dcNN NORDLINE COMFORT - v\u00e4ga mugav ja tugev","isPartOf":{"@id":"https:\/\/nordlinekumblustunnid.ee\/et\/#website"},"primaryImageOfPage":{"@id":"https:\/\/nordlinekumblustunnid.ee\/et\/toode\/kumblustunn-nordline-comfort\/#primaryimage"},"image":{"@id":"https:\/\/nordlinekumblustunnid.ee\/et\/toode\/kumblustunn-nordline-comfort\/#primaryimage"},"thumbnailUrl":"https:\/\/nordlinekumblustunnid.ee\/wp-content\/uploads\/2017\/10\/2020-09-22-19.09.05-scaled.jpg","datePublished":"2017-10-06T18:40:06+00:00","dateModified":"2024-03-11T08:09:13+00:00","description":"K\u00fcmblust\u00fcnn on m\u00f5eldud 4-7 inimesele. Vee kulu on 1300 - 1500 liitrit. V\u00f5imalik tellida soojustuse ja erinevate lisadega.","breadcrumb":{"@id":"https:\/\/nordlinekumblustunnid.ee\/et\/toode\/kumblustunn-nordline-comfort\/#breadcrumb"},"inLanguage":"et","potentialAction":[{"@type":"ReadAction","target":["https:\/\/nordlinekumblustunnid.ee\/et\/toode\/kumblustunn-nordline-comfort\/"]}]},{"@type":"ImageObject","inLanguage":"et","@id":"https:\/\/nordlinekumblustunnid.ee\/et\/toode\/kumblustunn-nordline-comfort\/#primaryimage","url":"https:\/\/nordlinekumblustunnid.ee\/wp-content\/uploads\/2017\/10\/2020-09-22-19.09.05-scaled.jpg","contentUrl":"https:\/\/nordlinekumblustunnid.ee\/wp-content\/uploads\/2017\/10\/2020-09-22-19.09.05-scaled.jpg","width":2560,"height":1920,"caption":"K\u00fcmblust\u00fcnn, t\u00fcnnisaun Nordline comfort kandiline"},{"@type":"BreadcrumbList","@id":"https:\/\/nordlinekumblustunnid.ee\/et\/toode\/kumblustunn-nordline-comfort\/#breadcrumb","itemListElement":[{"@type":"ListItem","position":1,"name":"Home","item":"https:\/\/nordlinekumblustunnid.ee\/et\/"},{"@type":"ListItem","position":2,"name":"Pood","item":"https:\/\/nordlinekumblustunnid.ee\/et\/pood\/"},{"@type":"ListItem","position":3,"name":"K\u00fcmblust\u00fcnn Comfort"}]},{"@type":"WebSite","@id":"https:\/\/nordlinekumblustunnid.ee\/et\/#website","url":"https:\/\/nordlinekumblustunnid.ee\/et\/","name":"NordLine k\u00fcmblust\u00fcnnide tootja","description":"","potentialAction":[{"@type":"SearchAction","target":{"@type":"EntryPoint","urlTemplate":"https:\/\/nordlinekumblustunnid.ee\/et\/?s={search_term_string}"},"query-input":{"@type":"PropertyValueSpecification","valueRequired":true,"valueName":"search_term_string"}}],"inLanguage":"et"}]}},"taxonomy_info":{"product_cat":[{"value":29,"label":"K\u00fcmblust\u00fcnnid"}]},"featured_image_src_large":["https:\/\/nordlinekumblustunnid.ee\/wp-content\/uploads\/2017\/10\/2020-09-22-19.09.05-1024x768.jpg",1024,768,true],"author_info":[],"comment_info":"","_links":{"self":[{"href":"https:\/\/nordlinekumblustunnid.ee\/et\/wp-json\/wp\/v2\/product\/1200","targetHints":{"allow":["GET"]}}],"collection":[{"href":"https:\/\/nordlinekumblustunnid.ee\/et\/wp-json\/wp\/v2\/product"}],"about":[{"href":"https:\/\/nordlinekumblustunnid.ee\/et\/wp-json\/wp\/v2\/types\/product"}],"wp:featuredmedia":[{"embeddable":true,"href":"https:\/\/nordlinekumblustunnid.ee\/et\/wp-json\/wp\/v2\/media\/4266"}],"wp:attachment":[{"href":"https:\/\/nordlinekumblustunnid.ee\/et\/wp-json\/wp\/v2\/media?parent=1200"}],"wp:term":[{"taxonomy":"product_brand","embeddable":true,"href":"https:\/\/nordlinekumblustunnid.ee\/et\/wp-json\/wp\/v2\/product_brand?post=1200"},{"taxonomy":"product_cat","embeddable":true,"href":"https:\/\/nordlinekumblustunnid.ee\/et\/wp-json\/wp\/v2\/product_cat?post=1200"},{"taxonomy":"product_tag","embeddable":true,"href":"https:\/\/nordlinekumblustunnid.ee\/et\/wp-json\/wp\/v2\/product_tag?post=1200"}],"curies":[{"name":"wp","href":"https:\/\/api.w.org\/{rel}","templated":true}]}}