{"id":2088,"date":"2017-11-22T13:01:24","date_gmt":"2017-11-22T11:01:24","guid":{"rendered":"https:\/\/nordlinekumblustunnid.ee\/?post_type=product&#038;p=2088"},"modified":"2024-03-11T10:14:31","modified_gmt":"2024-03-11T08:14:31","slug":"kumblustunn-deluxe","status":"publish","type":"product","link":"https:\/\/nordlinekumblustunnid.ee\/et\/toode\/kumblustunn-deluxe\/","title":{"rendered":"K\u00fcmblust\u00fcnn Deluxe"},"content":{"rendered":"<h1>K\u00fcmblust\u00fcnn Deluxe<\/h1>\n<p>K\u00fcmblust\u00fcnn Deluxe on kvaliteetsetest klaasfiiber materjalidest ja mahukas k\u00fcmblust\u00fcnn. K\u00fcmblust\u00fcnn on v\u00e4ga ergonoomilise ehitusega ning \u00fclimalt mugav. Spetsiaalselt mugava istumise jaoks v\u00e4ljat\u00f6\u00f6tatud disain. V\u00f5imalik on valida erinevate v\u00e4rvide vahel, kaasa arvatud struktuurne 3D kuldse v\u00f5i h\u00f5bedase teraga v\u00e4rvid.<\/p>\n<h2><strong>Klaasfiibrist sisu<\/strong><\/h2>\n<p>Klaasfiibrist sisu on v\u00e4ga tugev ja pika elueaga. T\u00fcnn on valmistatud 4-6 kihilisest materjalist ja peab h\u00e4sti vastu l\u00f6\u00f6kidele ja p\u00f5rutustele. Klaasfiibri pind on absoluutselt veekindel ja vastupidav p\u00e4iksele. Kasutatud on ultraviolett kiirgusele eriti vastupidavat pinnakatet. Pinda on v\u00e4ga kerge puhtana hoida ja pesta. Pind s\u00e4ilib pikka aega l\u00e4ikivana ja tuhmudes on seda v\u00f5imalik poleerida suurema l\u00e4ike saamiseks. Klaasfiibri sisse on v\u00e4ga lihtne paigaldada lisaseadmeid nagu led tuled ja mullis\u00fcsteem.<\/p>\n<h2><strong>V\u00e4rvivalik<\/strong><\/h2>\n<p>V\u00e4rvivalik on vastavalt soovile <a href=\"http:\/\/www.ralcolors.com\">RAL v\u00e4rvikaardi<\/a> j\u00e4rgi. M\u00f5ningate toonide puhul v\u00f5ib hind erineda standardsest hinnast. Standardselt saadaval tumehallid, hallid, helehallid, sinised.<\/p>\n<p>Eritellimusena on saadaval 3D kolmekihiline struktuurv\u00e4rv.<\/p>\n<h2><strong>Vee \u00e4ravoolus\u00fcsteem<\/strong><\/h2>\n<p>Vee \u00e4ravooluks on t\u00fcnn varustatud vastava kraaniga. Pole vajadust p\u00f5hjakorgi paigaldamiseks ega eemaldamiseks. Vesi v\u00e4ljub k\u00fcljelt kraani kaudu, kuhu saab \u00fchendada vooliku vee kaugemale juhtimiseks.<\/p>\n<h2><strong>K\u00fcmblust\u00fcnni ahi<\/strong><\/h2>\n<p>K\u00fcmblust\u00fcnni v\u00e4lisahi TK-35 on valmistatud merealumiiniumist, mis on k\u00f5rge korrosioonitaluvusega ning kiire soojusvahetusega.\u00a0Vee kiiremaks soojenemiseks on ahju sisemuses 105mm l\u00e4bim\u00f5\u00f5duga l\u00e4bivoolutoru.\u00a0Ahju sisemuses on malmist tuharest ja terasest leegisuunaja. Ahi soojeneb s\u00f5ltuvalt ilmast 10-15 kraadi tunnis. Seega paari tunniga v\u00f5ib vesi olla juba kasutusvalmis.<\/p>\n<h2>Elektriahi<\/h2>\n<p>Elektriahjuga kaasneb tavaliselt mitmeid t\u00e4iendavaid komponente. Tungivalt soovituslik on enne k\u00fctteseadet paigaldada <strong>filters\u00fcsteem<\/strong>. Kuna elektrik\u00fctte puhul on k\u00fctteseadmes temperatuur v\u00e4ga k\u00f5rge siis v\u00e4iksemgi paht v\u00f5ib seal tekitada p\u00f5lemise. Lisaks sellele, et vesi ringi k\u00e4iks on tarvis lisada tsirkulatsiooni <strong>pump<\/strong>. Kuna filter tahab puhastamist, siis on vajalik need seadmed paigaldada eraldi <strong>kasti<\/strong>, mis tavaliselt ka kaetakse helisummutava materjaliga. Selle kasti soovitame teha just vastavalt Teie terassi kujundusele ja v\u00e4rvile. Kui soovite, siis on meil olemas ka standardlahenduskapid seadmetele.<\/p>\n<h2><strong>Soojustus<\/strong><\/h2>\n<p>K\u00fcmblust\u00fcnni soojapidavuse s\u00e4ilitamiseks ja kiiremaks soojenemiseks on v\u00f5imalik t\u00fcnn soojustada vahuga. Umbes 5 cm paksune soojustus annab oluliselt soojapidavust ning teeb t\u00fcnni veel rohkem tugevamaks.<\/p>\n<h2><strong>Paigaldamine<\/strong><\/h2>\n<p>Pakume t\u00fcnni paigaldust. T\u00e4psema paigaldushinna saamiseks palju meiega \u00fchendust v\u00f5tta. K\u00fcmblust\u00fcnn on hea paigaldada tasasele pinnale. Maapind tuleks katta kruusa v\u00f5i killustikuga, et saavutada \u00fchtlane pind ja tagada puitkonstruktsiooni isoleeritus pinnasest. Pinnase reguleerimiseks v\u00f5ib kasutada n\u00e4iteks silikaatkive. Paljud lisad ei pruugi kohe \u00fchendatud olla ja tuleb paigaldada vastavalt vajadusele. Kui on vajalik, siis saab lisaks paigaldada seadmete kapi v\u00f5i integreerida terassi sisse.<\/p>\n<p><strong style=\"font-family: var(--global-body-font-family);\">Helista 50 55 152 v\u00f5i kirjuta meile info@nordlinekumblustunnid.ee \u00a0Vastame sulle esimesel v\u00f5imalusel.<\/strong><\/p>\n<div class=\"pooleks\">\n<p>&nbsp;<\/p>\n<\/div>\n","protected":false},"excerpt":{"rendered":"<p>Suurim saadaolev k\u00fcmblust\u00fcnn! Laius 2,2 meetrit. K\u00fcmblust\u00fcnn Deluxe on klaasplastist, ergonoomilise kujuga ja h\u00fcgeeniliselt lihtne hooldada. V\u00f5imalik tellida nii maapealne kui ka terrassi sisse s\u00fcvistatav versioon. Elektri v\u00f5i \u00f5hk-vesi pumbaga v\u00f5ib k\u00fcmblust\u00fcnn olla 24\/7 pidevalt kasutusvalmis, kasutades seejuures v\u00e4ga v\u00e4he elektrit. Valikus palju erinevaid v\u00e4rve.<\/p>\n","protected":false},"featured_media":5789,"template":"","meta":{"_kad_blocks_custom_css":"","_kad_blocks_head_custom_js":"","_kad_blocks_body_custom_js":"","_kad_blocks_footer_custom_js":"","_kad_post_transparent":"default","_kad_post_title":"","_kad_post_layout":"default","_kad_post_sidebar_id":"","_kad_post_content_style":"default","_kad_post_vertical_padding":"default","_kad_post_feature":"","_kad_post_feature_position":"","_kad_post_header":false,"_kad_post_footer":false,"_kad_post_classname":""},"product_brand":[],"product_cat":[29],"product_tag":[],"class_list":{"0":"post-2088","1":"product","2":"type-product","3":"status-publish","4":"has-post-thumbnail","6":"product_cat-kumblustunnid","7":"product_shipping_class-kaup-mis-ei-mahu-euroalusele","8":"tm-has-options","10":"first","11":"instock","12":"taxable","13":"shipping-taxable","14":"purchasable","15":"product-type-simple","16":"entry","17":"content-bg","18":"loop-entry"},"yoast_head":"<!-- This site is optimized with the Yoast SEO plugin v27.5 - https:\/\/yoast.com\/product\/yoast-seo-wordpress\/ -->\n<title>K\u00dcMBLUST\u00dcNN DELUXE - elektri, gaasi v\u00f5i puitk\u00fcttel ahjuga versioon.<\/title>\n<meta name=\"description\" content=\"K\u00fcmblust\u00fcnn deluxe on ainulaadse disainiga mugav ja efektse v\u00e4rvistruktuuriga k\u00fcmblust\u00fcnn. V\u00f5imalik varustada automaatse soojuspumbaga.\" \/>\n<meta name=\"robots\" content=\"index, follow, max-snippet:-1, max-image-preview:large, max-video-preview:-1\" \/>\n<link rel=\"canonical\" href=\"https:\/\/nordlinekumblustunnid.ee\/et\/toode\/kumblustunn-deluxe\/\" \/>\n<meta property=\"og:locale\" content=\"et_EE\" \/>\n<meta property=\"og:type\" content=\"article\" \/>\n<meta property=\"og:title\" content=\"K\u00dcMBLUST\u00dcNN DELUXE - elektri, gaasi v\u00f5i puitk\u00fcttel ahjuga versioon.\" \/>\n<meta property=\"og:description\" content=\"K\u00fcmblust\u00fcnn deluxe on ainulaadse disainiga mugav ja efektse v\u00e4rvistruktuuriga k\u00fcmblust\u00fcnn. V\u00f5imalik varustada automaatse soojuspumbaga.\" \/>\n<meta property=\"og:url\" content=\"https:\/\/nordlinekumblustunnid.ee\/et\/toode\/kumblustunn-deluxe\/\" \/>\n<meta property=\"og:site_name\" content=\"NordLine k\u00fcmblust\u00fcnnide tootja\" \/>\n<meta property=\"article:publisher\" content=\"https:\/\/www.facebook.com\/nordlineboats\" \/>\n<meta property=\"article:modified_time\" content=\"2024-03-11T08:14:31+00:00\" \/>\n<meta property=\"og:image\" content=\"https:\/\/nordlinekumblustunnid.ee\/wp-content\/uploads\/2017\/11\/Nordline-kumblustunn-Deluxe-umar-ahjuga-2.jpg\" \/>\n\t<meta property=\"og:image:width\" content=\"877\" \/>\n\t<meta property=\"og:image:height\" content=\"598\" \/>\n\t<meta property=\"og:image:type\" content=\"image\/jpeg\" \/>\n<meta name=\"twitter:card\" content=\"summary_large_image\" \/>\n<meta name=\"twitter:label1\" content=\"Est. reading time\" \/>\n\t<meta name=\"twitter:data1\" content=\"3 minutit\" \/>\n<script type=\"application\/ld+json\" class=\"yoast-schema-graph\">{\"@context\":\"https:\\\/\\\/schema.org\",\"@graph\":[{\"@type\":\"WebPage\",\"@id\":\"https:\\\/\\\/nordlinekumblustunnid.ee\\\/et\\\/toode\\\/kumblustunn-deluxe\\\/\",\"url\":\"https:\\\/\\\/nordlinekumblustunnid.ee\\\/et\\\/toode\\\/kumblustunn-deluxe\\\/\",\"name\":\"K\u00dcMBLUST\u00dcNN DELUXE - elektri, gaasi v\u00f5i puitk\u00fcttel ahjuga versioon.\",\"isPartOf\":{\"@id\":\"https:\\\/\\\/nordlinekumblustunnid.ee\\\/et\\\/#website\"},\"primaryImageOfPage\":{\"@id\":\"https:\\\/\\\/nordlinekumblustunnid.ee\\\/et\\\/toode\\\/kumblustunn-deluxe\\\/#primaryimage\"},\"image\":{\"@id\":\"https:\\\/\\\/nordlinekumblustunnid.ee\\\/et\\\/toode\\\/kumblustunn-deluxe\\\/#primaryimage\"},\"thumbnailUrl\":\"https:\\\/\\\/nordlinekumblustunnid.ee\\\/wp-content\\\/uploads\\\/2017\\\/11\\\/Nordline-kumblustunn-Deluxe-umar-ahjuga-2.jpg\",\"datePublished\":\"2017-11-22T11:01:24+00:00\",\"dateModified\":\"2024-03-11T08:14:31+00:00\",\"description\":\"K\u00fcmblust\u00fcnn deluxe on ainulaadse disainiga mugav ja efektse v\u00e4rvistruktuuriga k\u00fcmblust\u00fcnn. V\u00f5imalik varustada automaatse soojuspumbaga.\",\"breadcrumb\":{\"@id\":\"https:\\\/\\\/nordlinekumblustunnid.ee\\\/et\\\/toode\\\/kumblustunn-deluxe\\\/#breadcrumb\"},\"inLanguage\":\"et\",\"potentialAction\":[{\"@type\":\"ReadAction\",\"target\":[\"https:\\\/\\\/nordlinekumblustunnid.ee\\\/et\\\/toode\\\/kumblustunn-deluxe\\\/\"]}]},{\"@type\":\"ImageObject\",\"inLanguage\":\"et\",\"@id\":\"https:\\\/\\\/nordlinekumblustunnid.ee\\\/et\\\/toode\\\/kumblustunn-deluxe\\\/#primaryimage\",\"url\":\"https:\\\/\\\/nordlinekumblustunnid.ee\\\/wp-content\\\/uploads\\\/2017\\\/11\\\/Nordline-kumblustunn-Deluxe-umar-ahjuga-2.jpg\",\"contentUrl\":\"https:\\\/\\\/nordlinekumblustunnid.ee\\\/wp-content\\\/uploads\\\/2017\\\/11\\\/Nordline-kumblustunn-Deluxe-umar-ahjuga-2.jpg\",\"width\":877,\"height\":598,\"caption\":\"Nordline-kumblustunn-Deluxe-umar-ahjuga-2\"},{\"@type\":\"BreadcrumbList\",\"@id\":\"https:\\\/\\\/nordlinekumblustunnid.ee\\\/et\\\/toode\\\/kumblustunn-deluxe\\\/#breadcrumb\",\"itemListElement\":[{\"@type\":\"ListItem\",\"position\":1,\"name\":\"Home\",\"item\":\"https:\\\/\\\/nordlinekumblustunnid.ee\\\/et\\\/\"},{\"@type\":\"ListItem\",\"position\":2,\"name\":\"Pood\",\"item\":\"https:\\\/\\\/nordlinekumblustunnid.ee\\\/et\\\/pood\\\/\"},{\"@type\":\"ListItem\",\"position\":3,\"name\":\"K\u00fcmblust\u00fcnn Deluxe\"}]},{\"@type\":\"WebSite\",\"@id\":\"https:\\\/\\\/nordlinekumblustunnid.ee\\\/et\\\/#website\",\"url\":\"https:\\\/\\\/nordlinekumblustunnid.ee\\\/et\\\/\",\"name\":\"NordLine k\u00fcmblust\u00fcnnide tootja\",\"description\":\"\",\"potentialAction\":[{\"@type\":\"SearchAction\",\"target\":{\"@type\":\"EntryPoint\",\"urlTemplate\":\"https:\\\/\\\/nordlinekumblustunnid.ee\\\/et\\\/?s={search_term_string}\"},\"query-input\":{\"@type\":\"PropertyValueSpecification\",\"valueRequired\":true,\"valueName\":\"search_term_string\"}}],\"inLanguage\":\"et\"}]}<\/script>\n<!-- \/ Yoast SEO plugin. -->","yoast_head_json":{"title":"K\u00dcMBLUST\u00dcNN DELUXE - elektri, gaasi v\u00f5i puitk\u00fcttel ahjuga versioon.","description":"K\u00fcmblust\u00fcnn deluxe on ainulaadse disainiga mugav ja efektse v\u00e4rvistruktuuriga k\u00fcmblust\u00fcnn. V\u00f5imalik varustada automaatse soojuspumbaga.","robots":{"index":"index","follow":"follow","max-snippet":"max-snippet:-1","max-image-preview":"max-image-preview:large","max-video-preview":"max-video-preview:-1"},"canonical":"https:\/\/nordlinekumblustunnid.ee\/et\/toode\/kumblustunn-deluxe\/","og_locale":"et_EE","og_type":"article","og_title":"K\u00dcMBLUST\u00dcNN DELUXE - elektri, gaasi v\u00f5i puitk\u00fcttel ahjuga versioon.","og_description":"K\u00fcmblust\u00fcnn deluxe on ainulaadse disainiga mugav ja efektse v\u00e4rvistruktuuriga k\u00fcmblust\u00fcnn. V\u00f5imalik varustada automaatse soojuspumbaga.","og_url":"https:\/\/nordlinekumblustunnid.ee\/et\/toode\/kumblustunn-deluxe\/","og_site_name":"NordLine k\u00fcmblust\u00fcnnide tootja","article_publisher":"https:\/\/www.facebook.com\/nordlineboats","article_modified_time":"2024-03-11T08:14:31+00:00","og_image":[{"width":877,"height":598,"url":"https:\/\/nordlinekumblustunnid.ee\/wp-content\/uploads\/2017\/11\/Nordline-kumblustunn-Deluxe-umar-ahjuga-2.jpg","type":"image\/jpeg"}],"twitter_card":"summary_large_image","twitter_misc":{"Est. reading time":"3 minutit"},"schema":{"@context":"https:\/\/schema.org","@graph":[{"@type":"WebPage","@id":"https:\/\/nordlinekumblustunnid.ee\/et\/toode\/kumblustunn-deluxe\/","url":"https:\/\/nordlinekumblustunnid.ee\/et\/toode\/kumblustunn-deluxe\/","name":"K\u00dcMBLUST\u00dcNN DELUXE - elektri, gaasi v\u00f5i puitk\u00fcttel ahjuga versioon.","isPartOf":{"@id":"https:\/\/nordlinekumblustunnid.ee\/et\/#website"},"primaryImageOfPage":{"@id":"https:\/\/nordlinekumblustunnid.ee\/et\/toode\/kumblustunn-deluxe\/#primaryimage"},"image":{"@id":"https:\/\/nordlinekumblustunnid.ee\/et\/toode\/kumblustunn-deluxe\/#primaryimage"},"thumbnailUrl":"https:\/\/nordlinekumblustunnid.ee\/wp-content\/uploads\/2017\/11\/Nordline-kumblustunn-Deluxe-umar-ahjuga-2.jpg","datePublished":"2017-11-22T11:01:24+00:00","dateModified":"2024-03-11T08:14:31+00:00","description":"K\u00fcmblust\u00fcnn deluxe on ainulaadse disainiga mugav ja efektse v\u00e4rvistruktuuriga k\u00fcmblust\u00fcnn. V\u00f5imalik varustada automaatse soojuspumbaga.","breadcrumb":{"@id":"https:\/\/nordlinekumblustunnid.ee\/et\/toode\/kumblustunn-deluxe\/#breadcrumb"},"inLanguage":"et","potentialAction":[{"@type":"ReadAction","target":["https:\/\/nordlinekumblustunnid.ee\/et\/toode\/kumblustunn-deluxe\/"]}]},{"@type":"ImageObject","inLanguage":"et","@id":"https:\/\/nordlinekumblustunnid.ee\/et\/toode\/kumblustunn-deluxe\/#primaryimage","url":"https:\/\/nordlinekumblustunnid.ee\/wp-content\/uploads\/2017\/11\/Nordline-kumblustunn-Deluxe-umar-ahjuga-2.jpg","contentUrl":"https:\/\/nordlinekumblustunnid.ee\/wp-content\/uploads\/2017\/11\/Nordline-kumblustunn-Deluxe-umar-ahjuga-2.jpg","width":877,"height":598,"caption":"Nordline-kumblustunn-Deluxe-umar-ahjuga-2"},{"@type":"BreadcrumbList","@id":"https:\/\/nordlinekumblustunnid.ee\/et\/toode\/kumblustunn-deluxe\/#breadcrumb","itemListElement":[{"@type":"ListItem","position":1,"name":"Home","item":"https:\/\/nordlinekumblustunnid.ee\/et\/"},{"@type":"ListItem","position":2,"name":"Pood","item":"https:\/\/nordlinekumblustunnid.ee\/et\/pood\/"},{"@type":"ListItem","position":3,"name":"K\u00fcmblust\u00fcnn Deluxe"}]},{"@type":"WebSite","@id":"https:\/\/nordlinekumblustunnid.ee\/et\/#website","url":"https:\/\/nordlinekumblustunnid.ee\/et\/","name":"NordLine k\u00fcmblust\u00fcnnide tootja","description":"","potentialAction":[{"@type":"SearchAction","target":{"@type":"EntryPoint","urlTemplate":"https:\/\/nordlinekumblustunnid.ee\/et\/?s={search_term_string}"},"query-input":{"@type":"PropertyValueSpecification","valueRequired":true,"valueName":"search_term_string"}}],"inLanguage":"et"}]}},"taxonomy_info":{"product_cat":[{"value":29,"label":"K\u00fcmblust\u00fcnnid"}]},"featured_image_src_large":["https:\/\/nordlinekumblustunnid.ee\/wp-content\/uploads\/2017\/11\/Nordline-kumblustunn-Deluxe-umar-ahjuga-2.jpg",877,598,false],"author_info":[],"comment_info":"","_links":{"self":[{"href":"https:\/\/nordlinekumblustunnid.ee\/et\/wp-json\/wp\/v2\/product\/2088","targetHints":{"allow":["GET"]}}],"collection":[{"href":"https:\/\/nordlinekumblustunnid.ee\/et\/wp-json\/wp\/v2\/product"}],"about":[{"href":"https:\/\/nordlinekumblustunnid.ee\/et\/wp-json\/wp\/v2\/types\/product"}],"wp:featuredmedia":[{"embeddable":true,"href":"https:\/\/nordlinekumblustunnid.ee\/et\/wp-json\/wp\/v2\/media\/5789"}],"wp:attachment":[{"href":"https:\/\/nordlinekumblustunnid.ee\/et\/wp-json\/wp\/v2\/media?parent=2088"}],"wp:term":[{"taxonomy":"product_brand","embeddable":true,"href":"https:\/\/nordlinekumblustunnid.ee\/et\/wp-json\/wp\/v2\/product_brand?post=2088"},{"taxonomy":"product_cat","embeddable":true,"href":"https:\/\/nordlinekumblustunnid.ee\/et\/wp-json\/wp\/v2\/product_cat?post=2088"},{"taxonomy":"product_tag","embeddable":true,"href":"https:\/\/nordlinekumblustunnid.ee\/et\/wp-json\/wp\/v2\/product_tag?post=2088"}],"curies":[{"name":"wp","href":"https:\/\/api.w.org\/{rel}","templated":true}]}}