{"id":5762,"date":"2021-11-04T17:10:25","date_gmt":"2021-11-04T15:10:25","guid":{"rendered":"https:\/\/nordlinekumblustunnid.ee\/?post_type=product&#038;p=5762"},"modified":"2025-08-18T13:05:56","modified_gmt":"2025-08-18T10:05:56","slug":"kumblustunni-ahi","status":"publish","type":"product","link":"https:\/\/nordlinekumblustunnid.ee\/et\/toode\/kumblustunni-ahi\/","title":{"rendered":"Puiduk\u00fctteahi 27 kW"},"content":{"rendered":"<h1>Puiduk\u00fctteahi 27 kW<\/h1>\n<p>K\u00fcmblust\u00fcnni v\u00e4lisahi VA-01 on valmistatud kvaliteetsest merealumiiniumist, mis on k\u00f5rge korrosioonitaluvusega ning kiire soojusvahetusega.<br \/>\nVee kiiremaks soojenemiseks on ahju sisemuses 105mm l\u00e4bim\u00f5\u00f5duga l\u00e4bivoolutoru.<br \/>\nAhju sisemuses on malmist tuharest ja terasest leegisuunaja.<\/p>\n<h3>M\u00f5\u00f5dud:<\/h3>\n<p>Laius: 400 mm<br \/>\nK\u00f5rgus: 500 mm<br \/>\nS\u00fcgavus: 600 mm<br \/>\nKaal: 38 kg<\/p>\n<p>Komplekti kuuluvad 2 meetri k\u00f5rgune roostevabast terasest korsten ja \u00fchenduskomplekt ahju \u00fchendamiseks t\u00fcnni k\u00fclge. Vastavalt kliendi soovile on v\u00f5imalik tellida l\u00e4bivoolutorude paigutus kas ahju tagumisele v\u00f5i k\u00fclgmisele k\u00fcljele.<\/p>\n","protected":false},"excerpt":{"rendered":"<p>Puiduk\u00fctteahi 27 kW K\u00fcmblust\u00fcnni v\u00e4lisahi VA-01 on valmistatud kvaliteetsest merealumiiniumist, mis on k\u00f5rge korrosioonitaluvusega ning kiire soojusvahetusega. Vee kiiremaks soojenemiseks on ahju sisemuses 105mm l\u00e4bim\u00f5\u00f5duga l\u00e4bivoolutoru. Ahju sisemuses on malmist tuharest ja terasest leegisuunaja. M\u00f5\u00f5dud: Laius: 400 mm K\u00f5rgus: 500 mm S\u00fcgavus: 600 mm Kaal: 38 kg Komplekti kuuluvad 2 meetri k\u00f5rgune roostevabast terasest korsten&#8230;<\/p>\n","protected":false},"featured_media":5763,"template":"","meta":{"_kad_blocks_custom_css":"","_kad_blocks_head_custom_js":"","_kad_blocks_body_custom_js":"","_kad_blocks_footer_custom_js":"","_kad_post_transparent":"default","_kad_post_title":"","_kad_post_layout":"default","_kad_post_sidebar_id":"","_kad_post_content_style":"default","_kad_post_vertical_padding":"default","_kad_post_feature":"","_kad_post_feature_position":"","_kad_post_header":false,"_kad_post_footer":false,"_kad_post_classname":""},"product_brand":[],"product_cat":[207],"product_tag":[],"class_list":{"0":"post-5762","1":"product","2":"type-product","3":"status-publish","4":"has-post-thumbnail","6":"product_cat-kumblustunni-lisad","7":"tm-has-options","9":"first","10":"instock","11":"sale","12":"taxable","13":"shipping-taxable","14":"purchasable","15":"product-type-simple","16":"entry","17":"content-bg","18":"loop-entry"},"yoast_head":"<!-- This site is optimized with the Yoast SEO plugin v27.5 - https:\/\/yoast.com\/product\/yoast-seo-wordpress\/ -->\n<title>K\u00fcmblust\u00fcnni puuk\u00fctteahi 27kW<\/title>\n<meta name=\"description\" content=\"Merealumiiniumist tugev ja t\u00e4iustatud vees\u00e4rgiga puuk\u00fctteahi. Kaasas 2m korsten koos s\u00e4demep\u00fc\u00fcdjaga, tuharest ja \u00fchendustarvikud.\" \/>\n<meta name=\"robots\" content=\"index, follow, max-snippet:-1, max-image-preview:large, max-video-preview:-1\" \/>\n<link rel=\"canonical\" href=\"https:\/\/nordlinekumblustunnid.ee\/et\/toode\/kumblustunni-ahi\/\" \/>\n<meta property=\"og:locale\" content=\"et_EE\" \/>\n<meta property=\"og:type\" content=\"article\" \/>\n<meta property=\"og:title\" content=\"K\u00fcmblust\u00fcnni puuk\u00fctteahi 27kW\" \/>\n<meta property=\"og:description\" content=\"Merealumiiniumist tugev ja t\u00e4iustatud vees\u00e4rgiga puuk\u00fctteahi. Kaasas 2m korsten koos s\u00e4demep\u00fc\u00fcdjaga, tuharest ja \u00fchendustarvikud.\" \/>\n<meta property=\"og:url\" content=\"https:\/\/nordlinekumblustunnid.ee\/et\/toode\/kumblustunni-ahi\/\" \/>\n<meta property=\"og:site_name\" content=\"NordLine k\u00fcmblust\u00fcnnide tootja\" \/>\n<meta property=\"article:publisher\" content=\"https:\/\/www.facebook.com\/nordlineboats\" \/>\n<meta property=\"article:modified_time\" content=\"2025-08-18T10:05:56+00:00\" \/>\n<meta property=\"og:image\" content=\"https:\/\/nordlinekumblustunnid.ee\/wp-content\/uploads\/2021\/11\/Kumblustunni-ahi-Kumblustunn-Hot-tube-\u041a\u0443\u043f\u0435\u043b\u044c-Kylpytynnyri-Nordline-puukutte.jpg\" \/>\n\t<meta property=\"og:image:width\" content=\"1280\" \/>\n\t<meta property=\"og:image:height\" content=\"953\" \/>\n\t<meta property=\"og:image:type\" content=\"image\/jpeg\" \/>\n<meta name=\"twitter:card\" content=\"summary_large_image\" \/>\n<meta name=\"twitter:label1\" content=\"Est. reading time\" \/>\n\t<meta name=\"twitter:data1\" content=\"1 minut\" \/>\n<script type=\"application\/ld+json\" class=\"yoast-schema-graph\">{\"@context\":\"https:\\\/\\\/schema.org\",\"@graph\":[{\"@type\":\"WebPage\",\"@id\":\"https:\\\/\\\/nordlinekumblustunnid.ee\\\/et\\\/toode\\\/kumblustunni-ahi\\\/\",\"url\":\"https:\\\/\\\/nordlinekumblustunnid.ee\\\/et\\\/toode\\\/kumblustunni-ahi\\\/\",\"name\":\"K\u00fcmblust\u00fcnni puuk\u00fctteahi 27kW\",\"isPartOf\":{\"@id\":\"https:\\\/\\\/nordlinekumblustunnid.ee\\\/et\\\/#website\"},\"primaryImageOfPage\":{\"@id\":\"https:\\\/\\\/nordlinekumblustunnid.ee\\\/et\\\/toode\\\/kumblustunni-ahi\\\/#primaryimage\"},\"image\":{\"@id\":\"https:\\\/\\\/nordlinekumblustunnid.ee\\\/et\\\/toode\\\/kumblustunni-ahi\\\/#primaryimage\"},\"thumbnailUrl\":\"https:\\\/\\\/nordlinekumblustunnid.ee\\\/wp-content\\\/uploads\\\/2021\\\/11\\\/Kumblustunni-ahi-Kumblustunn-Hot-tube-\u041a\u0443\u043f\u0435\u043b\u044c-Kylpytynnyri-Nordline-puukutte.jpg\",\"datePublished\":\"2021-11-04T15:10:25+00:00\",\"dateModified\":\"2025-08-18T10:05:56+00:00\",\"description\":\"Merealumiiniumist tugev ja t\u00e4iustatud vees\u00e4rgiga puuk\u00fctteahi. Kaasas 2m korsten koos s\u00e4demep\u00fc\u00fcdjaga, tuharest ja \u00fchendustarvikud.\",\"breadcrumb\":{\"@id\":\"https:\\\/\\\/nordlinekumblustunnid.ee\\\/et\\\/toode\\\/kumblustunni-ahi\\\/#breadcrumb\"},\"inLanguage\":\"et\",\"potentialAction\":[{\"@type\":\"ReadAction\",\"target\":[\"https:\\\/\\\/nordlinekumblustunnid.ee\\\/et\\\/toode\\\/kumblustunni-ahi\\\/\"]}]},{\"@type\":\"ImageObject\",\"inLanguage\":\"et\",\"@id\":\"https:\\\/\\\/nordlinekumblustunnid.ee\\\/et\\\/toode\\\/kumblustunni-ahi\\\/#primaryimage\",\"url\":\"https:\\\/\\\/nordlinekumblustunnid.ee\\\/wp-content\\\/uploads\\\/2021\\\/11\\\/Kumblustunni-ahi-Kumblustunn-Hot-tube-\u041a\u0443\u043f\u0435\u043b\u044c-Kylpytynnyri-Nordline-puukutte.jpg\",\"contentUrl\":\"https:\\\/\\\/nordlinekumblustunnid.ee\\\/wp-content\\\/uploads\\\/2021\\\/11\\\/Kumblustunni-ahi-Kumblustunn-Hot-tube-\u041a\u0443\u043f\u0435\u043b\u044c-Kylpytynnyri-Nordline-puukutte.jpg\",\"width\":1280,\"height\":953,\"caption\":\"K\u00fcmblust\u00fcnni ahi K\u00fcmblust\u00fcnn, Hot tube, \u041a\u0443\u043f\u0435\u043b\u044c, Kylpytynnyri Nordline puuk\u00fctte\"},{\"@type\":\"BreadcrumbList\",\"@id\":\"https:\\\/\\\/nordlinekumblustunnid.ee\\\/et\\\/toode\\\/kumblustunni-ahi\\\/#breadcrumb\",\"itemListElement\":[{\"@type\":\"ListItem\",\"position\":1,\"name\":\"Home\",\"item\":\"https:\\\/\\\/nordlinekumblustunnid.ee\\\/et\\\/\"},{\"@type\":\"ListItem\",\"position\":2,\"name\":\"Pood\",\"item\":\"https:\\\/\\\/nordlinekumblustunnid.ee\\\/et\\\/pood\\\/\"},{\"@type\":\"ListItem\",\"position\":3,\"name\":\"Puiduk\u00fctteahi 27 kW\"}]},{\"@type\":\"WebSite\",\"@id\":\"https:\\\/\\\/nordlinekumblustunnid.ee\\\/et\\\/#website\",\"url\":\"https:\\\/\\\/nordlinekumblustunnid.ee\\\/et\\\/\",\"name\":\"NordLine k\u00fcmblust\u00fcnnide tootja\",\"description\":\"\",\"potentialAction\":[{\"@type\":\"SearchAction\",\"target\":{\"@type\":\"EntryPoint\",\"urlTemplate\":\"https:\\\/\\\/nordlinekumblustunnid.ee\\\/et\\\/?s={search_term_string}\"},\"query-input\":{\"@type\":\"PropertyValueSpecification\",\"valueRequired\":true,\"valueName\":\"search_term_string\"}}],\"inLanguage\":\"et\"}]}<\/script>\n<!-- \/ Yoast SEO plugin. -->","yoast_head_json":{"title":"K\u00fcmblust\u00fcnni puuk\u00fctteahi 27kW","description":"Merealumiiniumist tugev ja t\u00e4iustatud vees\u00e4rgiga puuk\u00fctteahi. Kaasas 2m korsten koos s\u00e4demep\u00fc\u00fcdjaga, tuharest ja \u00fchendustarvikud.","robots":{"index":"index","follow":"follow","max-snippet":"max-snippet:-1","max-image-preview":"max-image-preview:large","max-video-preview":"max-video-preview:-1"},"canonical":"https:\/\/nordlinekumblustunnid.ee\/et\/toode\/kumblustunni-ahi\/","og_locale":"et_EE","og_type":"article","og_title":"K\u00fcmblust\u00fcnni puuk\u00fctteahi 27kW","og_description":"Merealumiiniumist tugev ja t\u00e4iustatud vees\u00e4rgiga puuk\u00fctteahi. Kaasas 2m korsten koos s\u00e4demep\u00fc\u00fcdjaga, tuharest ja \u00fchendustarvikud.","og_url":"https:\/\/nordlinekumblustunnid.ee\/et\/toode\/kumblustunni-ahi\/","og_site_name":"NordLine k\u00fcmblust\u00fcnnide tootja","article_publisher":"https:\/\/www.facebook.com\/nordlineboats","article_modified_time":"2025-08-18T10:05:56+00:00","og_image":[{"width":1280,"height":953,"url":"https:\/\/nordlinekumblustunnid.ee\/wp-content\/uploads\/2021\/11\/Kumblustunni-ahi-Kumblustunn-Hot-tube-\u041a\u0443\u043f\u0435\u043b\u044c-Kylpytynnyri-Nordline-puukutte.jpg","type":"image\/jpeg"}],"twitter_card":"summary_large_image","twitter_misc":{"Est. reading time":"1 minut"},"schema":{"@context":"https:\/\/schema.org","@graph":[{"@type":"WebPage","@id":"https:\/\/nordlinekumblustunnid.ee\/et\/toode\/kumblustunni-ahi\/","url":"https:\/\/nordlinekumblustunnid.ee\/et\/toode\/kumblustunni-ahi\/","name":"K\u00fcmblust\u00fcnni puuk\u00fctteahi 27kW","isPartOf":{"@id":"https:\/\/nordlinekumblustunnid.ee\/et\/#website"},"primaryImageOfPage":{"@id":"https:\/\/nordlinekumblustunnid.ee\/et\/toode\/kumblustunni-ahi\/#primaryimage"},"image":{"@id":"https:\/\/nordlinekumblustunnid.ee\/et\/toode\/kumblustunni-ahi\/#primaryimage"},"thumbnailUrl":"https:\/\/nordlinekumblustunnid.ee\/wp-content\/uploads\/2021\/11\/Kumblustunni-ahi-Kumblustunn-Hot-tube-\u041a\u0443\u043f\u0435\u043b\u044c-Kylpytynnyri-Nordline-puukutte.jpg","datePublished":"2021-11-04T15:10:25+00:00","dateModified":"2025-08-18T10:05:56+00:00","description":"Merealumiiniumist tugev ja t\u00e4iustatud vees\u00e4rgiga puuk\u00fctteahi. Kaasas 2m korsten koos s\u00e4demep\u00fc\u00fcdjaga, tuharest ja \u00fchendustarvikud.","breadcrumb":{"@id":"https:\/\/nordlinekumblustunnid.ee\/et\/toode\/kumblustunni-ahi\/#breadcrumb"},"inLanguage":"et","potentialAction":[{"@type":"ReadAction","target":["https:\/\/nordlinekumblustunnid.ee\/et\/toode\/kumblustunni-ahi\/"]}]},{"@type":"ImageObject","inLanguage":"et","@id":"https:\/\/nordlinekumblustunnid.ee\/et\/toode\/kumblustunni-ahi\/#primaryimage","url":"https:\/\/nordlinekumblustunnid.ee\/wp-content\/uploads\/2021\/11\/Kumblustunni-ahi-Kumblustunn-Hot-tube-\u041a\u0443\u043f\u0435\u043b\u044c-Kylpytynnyri-Nordline-puukutte.jpg","contentUrl":"https:\/\/nordlinekumblustunnid.ee\/wp-content\/uploads\/2021\/11\/Kumblustunni-ahi-Kumblustunn-Hot-tube-\u041a\u0443\u043f\u0435\u043b\u044c-Kylpytynnyri-Nordline-puukutte.jpg","width":1280,"height":953,"caption":"K\u00fcmblust\u00fcnni ahi K\u00fcmblust\u00fcnn, Hot tube, \u041a\u0443\u043f\u0435\u043b\u044c, Kylpytynnyri Nordline puuk\u00fctte"},{"@type":"BreadcrumbList","@id":"https:\/\/nordlinekumblustunnid.ee\/et\/toode\/kumblustunni-ahi\/#breadcrumb","itemListElement":[{"@type":"ListItem","position":1,"name":"Home","item":"https:\/\/nordlinekumblustunnid.ee\/et\/"},{"@type":"ListItem","position":2,"name":"Pood","item":"https:\/\/nordlinekumblustunnid.ee\/et\/pood\/"},{"@type":"ListItem","position":3,"name":"Puiduk\u00fctteahi 27 kW"}]},{"@type":"WebSite","@id":"https:\/\/nordlinekumblustunnid.ee\/et\/#website","url":"https:\/\/nordlinekumblustunnid.ee\/et\/","name":"NordLine k\u00fcmblust\u00fcnnide tootja","description":"","potentialAction":[{"@type":"SearchAction","target":{"@type":"EntryPoint","urlTemplate":"https:\/\/nordlinekumblustunnid.ee\/et\/?s={search_term_string}"},"query-input":{"@type":"PropertyValueSpecification","valueRequired":true,"valueName":"search_term_string"}}],"inLanguage":"et"}]}},"taxonomy_info":{"product_cat":[{"value":207,"label":"K\u00fcmblust\u00fcnni lisad"}]},"featured_image_src_large":["https:\/\/nordlinekumblustunnid.ee\/wp-content\/uploads\/2021\/11\/Kumblustunni-ahi-Kumblustunn-Hot-tube-\u041a\u0443\u043f\u0435\u043b\u044c-Kylpytynnyri-Nordline-puukutte-1024x762.jpg",1024,762,true],"author_info":[],"comment_info":"","_links":{"self":[{"href":"https:\/\/nordlinekumblustunnid.ee\/et\/wp-json\/wp\/v2\/product\/5762","targetHints":{"allow":["GET"]}}],"collection":[{"href":"https:\/\/nordlinekumblustunnid.ee\/et\/wp-json\/wp\/v2\/product"}],"about":[{"href":"https:\/\/nordlinekumblustunnid.ee\/et\/wp-json\/wp\/v2\/types\/product"}],"wp:featuredmedia":[{"embeddable":true,"href":"https:\/\/nordlinekumblustunnid.ee\/et\/wp-json\/wp\/v2\/media\/5763"}],"wp:attachment":[{"href":"https:\/\/nordlinekumblustunnid.ee\/et\/wp-json\/wp\/v2\/media?parent=5762"}],"wp:term":[{"taxonomy":"product_brand","embeddable":true,"href":"https:\/\/nordlinekumblustunnid.ee\/et\/wp-json\/wp\/v2\/product_brand?post=5762"},{"taxonomy":"product_cat","embeddable":true,"href":"https:\/\/nordlinekumblustunnid.ee\/et\/wp-json\/wp\/v2\/product_cat?post=5762"},{"taxonomy":"product_tag","embeddable":true,"href":"https:\/\/nordlinekumblustunnid.ee\/et\/wp-json\/wp\/v2\/product_tag?post=5762"}],"curies":[{"name":"wp","href":"https:\/\/api.w.org\/{rel}","templated":true}]}}