{"id":6666,"date":"2023-03-15T09:35:12","date_gmt":"2023-03-15T07:35:12","guid":{"rendered":"https:\/\/nordlinekumblustunnid.ee\/?post_type=product&#038;p=6666"},"modified":"2026-04-06T14:48:23","modified_gmt":"2026-04-06T11:48:23","slug":"kumblustunni-mullisusteem","status":"publish","type":"product","link":"https:\/\/nordlinekumblustunnid.ee\/et\/toode\/kumblustunni-mullisusteem\/","title":{"rendered":"K\u00fcmblust\u00fcnni mullis\u00fcsttem"},"content":{"rendered":"<h1>K\u00fcmblust\u00fcnni mullis\u00fcsttem<\/h1>\n<p>K\u00fcmblust\u00fcnni mullis\u00fcsteem on v\u00f5imas 12 d\u00fc\u00fcsiga \u00f5huga t\u00f6\u00f6tav lahendus. \u00d5hk pumbatakse l\u00e4bi komplektis olevate \u00f5hud\u00fc\u00fcside, mida v\u00f5ib paigaldada vastavalt soovile sobivale k\u00f5rgusele.<\/p>\n<h2>Komplekti kuuluvad:<\/h2>\n<p>D\u00fc\u00fcsid 12tk<br \/>\nToiteplokk<br \/>\n\u00d5hukompressor<br \/>\n\u00d5huvoolik toiteploki juhtimiseks<br \/>\nJagajad 3tk<br \/>\nJagajate vaheline voolik<\/p>\n","protected":false},"excerpt":{"rendered":"<p>K\u00fcmblust\u00fcnni mullis\u00fcsttem K\u00fcmblust\u00fcnni mullis\u00fcsteem on v\u00f5imas 12 d\u00fc\u00fcsiga \u00f5huga t\u00f6\u00f6tav lahendus. \u00d5hk pumbatakse l\u00e4bi komplektis olevate \u00f5hud\u00fc\u00fcside, mida v\u00f5ib paigaldada vastavalt soovile sobivale k\u00f5rgusele. Komplekti kuuluvad: D\u00fc\u00fcsid 12tk Toiteplokk \u00d5hukompressor \u00d5huvoolik toiteploki juhtimiseks Jagajad 3tk Jagajate vaheline voolik<\/p>\n","protected":false},"featured_media":6667,"template":"","meta":{"_kad_blocks_custom_css":"","_kad_blocks_head_custom_js":"","_kad_blocks_body_custom_js":"","_kad_blocks_footer_custom_js":"","_kad_post_transparent":"default","_kad_post_title":"","_kad_post_layout":"default","_kad_post_sidebar_id":"","_kad_post_content_style":"default","_kad_post_vertical_padding":"default","_kad_post_feature":"","_kad_post_feature_position":"","_kad_post_header":false,"_kad_post_footer":false,"_kad_post_classname":""},"product_brand":[],"product_cat":[207],"product_tag":[],"class_list":{"0":"post-6666","1":"product","2":"type-product","3":"status-publish","4":"has-post-thumbnail","6":"product_cat-kumblustunni-lisad","7":"product_shipping_class-pakiautomaati-mahtuv-kaup","8":"tm-has-options","10":"first","11":"onbackorder","12":"sale","13":"taxable","14":"shipping-taxable","15":"purchasable","16":"product-type-simple","17":"entry","18":"content-bg","19":"loop-entry"},"yoast_head":"<!-- This site is optimized with the Yoast SEO plugin v27.5 - https:\/\/yoast.com\/product\/yoast-seo-wordpress\/ -->\n<title>K\u00fcmblust\u00fcnni mullis\u00fcsteem - v\u00f5imas 12 d\u00fc\u00fcsiga lahendus<\/title>\n<meta name=\"description\" content=\"K\u00fcmblust\u00fcnni mullis\u00fcsteem on komplektne 12 d\u00fc\u00fcsiga v\u00f5imsa kompressoriga lahendus. Komplekt sisaldab k\u00f5ike vajalikku paigalduseks.\" \/>\n<meta name=\"robots\" content=\"index, follow, max-snippet:-1, max-image-preview:large, max-video-preview:-1\" \/>\n<link rel=\"canonical\" href=\"https:\/\/nordlinekumblustunnid.ee\/et\/toode\/kumblustunni-mullisusteem\/\" \/>\n<meta property=\"og:locale\" content=\"et_EE\" \/>\n<meta property=\"og:type\" content=\"article\" \/>\n<meta property=\"og:title\" content=\"K\u00fcmblust\u00fcnni mullis\u00fcsteem - v\u00f5imas 12 d\u00fc\u00fcsiga lahendus\" \/>\n<meta property=\"og:description\" content=\"K\u00fcmblust\u00fcnni mullis\u00fcsteem on komplektne 12 d\u00fc\u00fcsiga v\u00f5imsa kompressoriga lahendus. Komplekt sisaldab k\u00f5ike vajalikku paigalduseks.\" \/>\n<meta property=\"og:url\" content=\"https:\/\/nordlinekumblustunnid.ee\/et\/toode\/kumblustunni-mullisusteem\/\" \/>\n<meta property=\"og:site_name\" content=\"NordLine k\u00fcmblust\u00fcnnide tootja\" \/>\n<meta property=\"article:publisher\" content=\"https:\/\/www.facebook.com\/nordlineboats\" \/>\n<meta property=\"article:modified_time\" content=\"2026-04-06T11:48:23+00:00\" \/>\n<meta property=\"og:image\" content=\"https:\/\/nordlinekumblustunnid.ee\/wp-content\/uploads\/2023\/03\/Kumblustunni-mullisusteem-massaz-750W.jpg\" \/>\n\t<meta property=\"og:image:width\" content=\"1280\" \/>\n\t<meta property=\"og:image:height\" content=\"869\" \/>\n\t<meta property=\"og:image:type\" content=\"image\/jpeg\" \/>\n<meta name=\"twitter:card\" content=\"summary_large_image\" \/>\n<meta name=\"twitter:label1\" content=\"Est. reading time\" \/>\n\t<meta name=\"twitter:data1\" content=\"1 minut\" \/>\n<script type=\"application\/ld+json\" class=\"yoast-schema-graph\">{\"@context\":\"https:\\\/\\\/schema.org\",\"@graph\":[{\"@type\":\"WebPage\",\"@id\":\"https:\\\/\\\/nordlinekumblustunnid.ee\\\/et\\\/toode\\\/kumblustunni-mullisusteem\\\/\",\"url\":\"https:\\\/\\\/nordlinekumblustunnid.ee\\\/et\\\/toode\\\/kumblustunni-mullisusteem\\\/\",\"name\":\"K\u00fcmblust\u00fcnni mullis\u00fcsteem - v\u00f5imas 12 d\u00fc\u00fcsiga lahendus\",\"isPartOf\":{\"@id\":\"https:\\\/\\\/nordlinekumblustunnid.ee\\\/et\\\/#website\"},\"primaryImageOfPage\":{\"@id\":\"https:\\\/\\\/nordlinekumblustunnid.ee\\\/et\\\/toode\\\/kumblustunni-mullisusteem\\\/#primaryimage\"},\"image\":{\"@id\":\"https:\\\/\\\/nordlinekumblustunnid.ee\\\/et\\\/toode\\\/kumblustunni-mullisusteem\\\/#primaryimage\"},\"thumbnailUrl\":\"https:\\\/\\\/nordlinekumblustunnid.ee\\\/wp-content\\\/uploads\\\/2023\\\/03\\\/Kumblustunni-mullisusteem-massaz-750W.jpg\",\"datePublished\":\"2023-03-15T07:35:12+00:00\",\"dateModified\":\"2026-04-06T11:48:23+00:00\",\"description\":\"K\u00fcmblust\u00fcnni mullis\u00fcsteem on komplektne 12 d\u00fc\u00fcsiga v\u00f5imsa kompressoriga lahendus. Komplekt sisaldab k\u00f5ike vajalikku paigalduseks.\",\"breadcrumb\":{\"@id\":\"https:\\\/\\\/nordlinekumblustunnid.ee\\\/et\\\/toode\\\/kumblustunni-mullisusteem\\\/#breadcrumb\"},\"inLanguage\":\"et\",\"potentialAction\":[{\"@type\":\"ReadAction\",\"target\":[\"https:\\\/\\\/nordlinekumblustunnid.ee\\\/et\\\/toode\\\/kumblustunni-mullisusteem\\\/\"]}]},{\"@type\":\"ImageObject\",\"inLanguage\":\"et\",\"@id\":\"https:\\\/\\\/nordlinekumblustunnid.ee\\\/et\\\/toode\\\/kumblustunni-mullisusteem\\\/#primaryimage\",\"url\":\"https:\\\/\\\/nordlinekumblustunnid.ee\\\/wp-content\\\/uploads\\\/2023\\\/03\\\/Kumblustunni-mullisusteem-massaz-750W.jpg\",\"contentUrl\":\"https:\\\/\\\/nordlinekumblustunnid.ee\\\/wp-content\\\/uploads\\\/2023\\\/03\\\/Kumblustunni-mullisusteem-massaz-750W.jpg\",\"width\":1280,\"height\":869,\"caption\":\"K\u00fcmblust\u00fcnni mullis\u00fcsteem, massa\u017e 750W\"},{\"@type\":\"BreadcrumbList\",\"@id\":\"https:\\\/\\\/nordlinekumblustunnid.ee\\\/et\\\/toode\\\/kumblustunni-mullisusteem\\\/#breadcrumb\",\"itemListElement\":[{\"@type\":\"ListItem\",\"position\":1,\"name\":\"Home\",\"item\":\"https:\\\/\\\/nordlinekumblustunnid.ee\\\/et\\\/\"},{\"@type\":\"ListItem\",\"position\":2,\"name\":\"Pood\",\"item\":\"https:\\\/\\\/nordlinekumblustunnid.ee\\\/et\\\/pood\\\/\"},{\"@type\":\"ListItem\",\"position\":3,\"name\":\"K\u00fcmblust\u00fcnni mullis\u00fcsttem\"}]},{\"@type\":\"WebSite\",\"@id\":\"https:\\\/\\\/nordlinekumblustunnid.ee\\\/et\\\/#website\",\"url\":\"https:\\\/\\\/nordlinekumblustunnid.ee\\\/et\\\/\",\"name\":\"NordLine k\u00fcmblust\u00fcnnide tootja\",\"description\":\"\",\"potentialAction\":[{\"@type\":\"SearchAction\",\"target\":{\"@type\":\"EntryPoint\",\"urlTemplate\":\"https:\\\/\\\/nordlinekumblustunnid.ee\\\/et\\\/?s={search_term_string}\"},\"query-input\":{\"@type\":\"PropertyValueSpecification\",\"valueRequired\":true,\"valueName\":\"search_term_string\"}}],\"inLanguage\":\"et\"}]}<\/script>\n<!-- \/ Yoast SEO plugin. -->","yoast_head_json":{"title":"K\u00fcmblust\u00fcnni mullis\u00fcsteem - v\u00f5imas 12 d\u00fc\u00fcsiga lahendus","description":"K\u00fcmblust\u00fcnni mullis\u00fcsteem on komplektne 12 d\u00fc\u00fcsiga v\u00f5imsa kompressoriga lahendus. Komplekt sisaldab k\u00f5ike vajalikku paigalduseks.","robots":{"index":"index","follow":"follow","max-snippet":"max-snippet:-1","max-image-preview":"max-image-preview:large","max-video-preview":"max-video-preview:-1"},"canonical":"https:\/\/nordlinekumblustunnid.ee\/et\/toode\/kumblustunni-mullisusteem\/","og_locale":"et_EE","og_type":"article","og_title":"K\u00fcmblust\u00fcnni mullis\u00fcsteem - v\u00f5imas 12 d\u00fc\u00fcsiga lahendus","og_description":"K\u00fcmblust\u00fcnni mullis\u00fcsteem on komplektne 12 d\u00fc\u00fcsiga v\u00f5imsa kompressoriga lahendus. Komplekt sisaldab k\u00f5ike vajalikku paigalduseks.","og_url":"https:\/\/nordlinekumblustunnid.ee\/et\/toode\/kumblustunni-mullisusteem\/","og_site_name":"NordLine k\u00fcmblust\u00fcnnide tootja","article_publisher":"https:\/\/www.facebook.com\/nordlineboats","article_modified_time":"2026-04-06T11:48:23+00:00","og_image":[{"width":1280,"height":869,"url":"https:\/\/nordlinekumblustunnid.ee\/wp-content\/uploads\/2023\/03\/Kumblustunni-mullisusteem-massaz-750W.jpg","type":"image\/jpeg"}],"twitter_card":"summary_large_image","twitter_misc":{"Est. reading time":"1 minut"},"schema":{"@context":"https:\/\/schema.org","@graph":[{"@type":"WebPage","@id":"https:\/\/nordlinekumblustunnid.ee\/et\/toode\/kumblustunni-mullisusteem\/","url":"https:\/\/nordlinekumblustunnid.ee\/et\/toode\/kumblustunni-mullisusteem\/","name":"K\u00fcmblust\u00fcnni mullis\u00fcsteem - v\u00f5imas 12 d\u00fc\u00fcsiga lahendus","isPartOf":{"@id":"https:\/\/nordlinekumblustunnid.ee\/et\/#website"},"primaryImageOfPage":{"@id":"https:\/\/nordlinekumblustunnid.ee\/et\/toode\/kumblustunni-mullisusteem\/#primaryimage"},"image":{"@id":"https:\/\/nordlinekumblustunnid.ee\/et\/toode\/kumblustunni-mullisusteem\/#primaryimage"},"thumbnailUrl":"https:\/\/nordlinekumblustunnid.ee\/wp-content\/uploads\/2023\/03\/Kumblustunni-mullisusteem-massaz-750W.jpg","datePublished":"2023-03-15T07:35:12+00:00","dateModified":"2026-04-06T11:48:23+00:00","description":"K\u00fcmblust\u00fcnni mullis\u00fcsteem on komplektne 12 d\u00fc\u00fcsiga v\u00f5imsa kompressoriga lahendus. Komplekt sisaldab k\u00f5ike vajalikku paigalduseks.","breadcrumb":{"@id":"https:\/\/nordlinekumblustunnid.ee\/et\/toode\/kumblustunni-mullisusteem\/#breadcrumb"},"inLanguage":"et","potentialAction":[{"@type":"ReadAction","target":["https:\/\/nordlinekumblustunnid.ee\/et\/toode\/kumblustunni-mullisusteem\/"]}]},{"@type":"ImageObject","inLanguage":"et","@id":"https:\/\/nordlinekumblustunnid.ee\/et\/toode\/kumblustunni-mullisusteem\/#primaryimage","url":"https:\/\/nordlinekumblustunnid.ee\/wp-content\/uploads\/2023\/03\/Kumblustunni-mullisusteem-massaz-750W.jpg","contentUrl":"https:\/\/nordlinekumblustunnid.ee\/wp-content\/uploads\/2023\/03\/Kumblustunni-mullisusteem-massaz-750W.jpg","width":1280,"height":869,"caption":"K\u00fcmblust\u00fcnni mullis\u00fcsteem, massa\u017e 750W"},{"@type":"BreadcrumbList","@id":"https:\/\/nordlinekumblustunnid.ee\/et\/toode\/kumblustunni-mullisusteem\/#breadcrumb","itemListElement":[{"@type":"ListItem","position":1,"name":"Home","item":"https:\/\/nordlinekumblustunnid.ee\/et\/"},{"@type":"ListItem","position":2,"name":"Pood","item":"https:\/\/nordlinekumblustunnid.ee\/et\/pood\/"},{"@type":"ListItem","position":3,"name":"K\u00fcmblust\u00fcnni mullis\u00fcsttem"}]},{"@type":"WebSite","@id":"https:\/\/nordlinekumblustunnid.ee\/et\/#website","url":"https:\/\/nordlinekumblustunnid.ee\/et\/","name":"NordLine k\u00fcmblust\u00fcnnide tootja","description":"","potentialAction":[{"@type":"SearchAction","target":{"@type":"EntryPoint","urlTemplate":"https:\/\/nordlinekumblustunnid.ee\/et\/?s={search_term_string}"},"query-input":{"@type":"PropertyValueSpecification","valueRequired":true,"valueName":"search_term_string"}}],"inLanguage":"et"}]}},"taxonomy_info":{"product_cat":[{"value":207,"label":"K\u00fcmblust\u00fcnni lisad"}]},"featured_image_src_large":["https:\/\/nordlinekumblustunnid.ee\/wp-content\/uploads\/2023\/03\/Kumblustunni-mullisusteem-massaz-750W-1024x695.jpg",1024,695,true],"author_info":[],"comment_info":"","_links":{"self":[{"href":"https:\/\/nordlinekumblustunnid.ee\/et\/wp-json\/wp\/v2\/product\/6666","targetHints":{"allow":["GET"]}}],"collection":[{"href":"https:\/\/nordlinekumblustunnid.ee\/et\/wp-json\/wp\/v2\/product"}],"about":[{"href":"https:\/\/nordlinekumblustunnid.ee\/et\/wp-json\/wp\/v2\/types\/product"}],"wp:featuredmedia":[{"embeddable":true,"href":"https:\/\/nordlinekumblustunnid.ee\/et\/wp-json\/wp\/v2\/media\/6667"}],"wp:attachment":[{"href":"https:\/\/nordlinekumblustunnid.ee\/et\/wp-json\/wp\/v2\/media?parent=6666"}],"wp:term":[{"taxonomy":"product_brand","embeddable":true,"href":"https:\/\/nordlinekumblustunnid.ee\/et\/wp-json\/wp\/v2\/product_brand?post=6666"},{"taxonomy":"product_cat","embeddable":true,"href":"https:\/\/nordlinekumblustunnid.ee\/et\/wp-json\/wp\/v2\/product_cat?post=6666"},{"taxonomy":"product_tag","embeddable":true,"href":"https:\/\/nordlinekumblustunnid.ee\/et\/wp-json\/wp\/v2\/product_tag?post=6666"}],"curies":[{"name":"wp","href":"https:\/\/api.w.org\/{rel}","templated":true}]}}