{"id":6669,"date":"2023-03-15T09:56:12","date_gmt":"2023-03-15T07:56:12","guid":{"rendered":"https:\/\/nordlinekumblustunnid.ee\/?post_type=product&#038;p=6669"},"modified":"2025-09-09T10:06:47","modified_gmt":"2025-09-09T07:06:47","slug":"kumblustunni-puukutteahi-35kw","status":"publish","type":"product","link":"https:\/\/nordlinekumblustunnid.ee\/et\/toode\/kumblustunni-puukutteahi-35kw\/","title":{"rendered":"Puiduk\u00fctteahi 35 kW \u00fcmar"},"content":{"rendered":"<h1>Puiduk\u00fctteahi 35 kW \u00fcmar<\/h1>\n<p>K\u00fcmblust\u00fcnni v\u00e4lisahi on valmistatud kvaliteetsest roostvabast materjalist, mis on k\u00f5rge korrosioonitaluvusega ning kiire soojusvahetusega.<\/p>\n<p>Komplekti kuuluvad 2 meetri k\u00f5rgune roostevabast terasest korsten ja \u00fchenduskomplekt ahju \u00fchendamiseks t\u00fcnni k\u00fclge.<\/p>\n","protected":false},"excerpt":{"rendered":"<p>Puiduk\u00fctteahi 35 kW \u00fcmar K\u00fcmblust\u00fcnni v\u00e4lisahi on valmistatud kvaliteetsest roostvabast materjalist, mis on k\u00f5rge korrosioonitaluvusega ning kiire soojusvahetusega. Komplekti kuuluvad 2 meetri k\u00f5rgune roostevabast terasest korsten ja \u00fchenduskomplekt ahju \u00fchendamiseks t\u00fcnni k\u00fclge.<\/p>\n","protected":false},"featured_media":5674,"template":"","meta":{"_kad_blocks_custom_css":"","_kad_blocks_head_custom_js":"","_kad_blocks_body_custom_js":"","_kad_blocks_footer_custom_js":"","_kad_post_transparent":"default","_kad_post_title":"","_kad_post_layout":"default","_kad_post_sidebar_id":"","_kad_post_content_style":"default","_kad_post_vertical_padding":"default","_kad_post_feature":"","_kad_post_feature_position":"","_kad_post_header":false,"_kad_post_footer":false,"_kad_post_classname":""},"product_brand":[],"product_cat":[207],"product_tag":[],"class_list":{"0":"post-6669","1":"product","2":"type-product","3":"status-publish","4":"has-post-thumbnail","6":"product_cat-kumblustunni-lisad","7":"tm-has-options","9":"first","10":"instock","11":"sale","12":"taxable","13":"shipping-taxable","14":"purchasable","15":"product-type-simple","16":"entry","17":"content-bg","18":"loop-entry"},"yoast_head":"<!-- This site is optimized with the Yoast SEO plugin v27.5 - https:\/\/yoast.com\/product\/yoast-seo-wordpress\/ -->\n<title>K\u00fcmblust\u00fcnni puuk\u00fctteahi 35kW<\/title>\n<meta name=\"description\" content=\"Roostevabast tugev k\u00fcmblust\u00fcnni puuk\u00fctteahi v\u00f5imsusega 35kW. Kaasas 2 meetrine korsten koos s\u00e4demep\u00fc\u00fcdjaga, tuharest ja \u00fchendustarvikud.\" \/>\n<meta name=\"robots\" content=\"index, follow, max-snippet:-1, max-image-preview:large, max-video-preview:-1\" \/>\n<link rel=\"canonical\" href=\"https:\/\/nordlinekumblustunnid.ee\/et\/toode\/kumblustunni-puukutteahi-35kw\/\" \/>\n<meta property=\"og:locale\" content=\"et_EE\" \/>\n<meta property=\"og:type\" content=\"article\" \/>\n<meta property=\"og:title\" content=\"K\u00fcmblust\u00fcnni puuk\u00fctteahi 35kW\" \/>\n<meta property=\"og:description\" content=\"Roostevabast tugev k\u00fcmblust\u00fcnni puuk\u00fctteahi v\u00f5imsusega 35kW. Kaasas 2 meetrine korsten koos s\u00e4demep\u00fc\u00fcdjaga, tuharest ja \u00fchendustarvikud.\" \/>\n<meta property=\"og:url\" content=\"https:\/\/nordlinekumblustunnid.ee\/et\/toode\/kumblustunni-puukutteahi-35kw\/\" \/>\n<meta property=\"og:site_name\" content=\"NordLine k\u00fcmblust\u00fcnnide tootja\" \/>\n<meta property=\"article:publisher\" content=\"https:\/\/www.facebook.com\/nordlineboats\" \/>\n<meta property=\"article:modified_time\" content=\"2025-09-09T07:06:47+00:00\" \/>\n<meta property=\"og:image\" content=\"https:\/\/nordlinekumblustunnid.ee\/wp-content\/uploads\/2017\/10\/Puukutte-ahi-Kumblustunn-Hot-tube-\u041a\u0443\u043f\u0435\u043b\u044c-Kylpytynnyri-Nordline.jpg\" \/>\n\t<meta property=\"og:image:width\" content=\"1281\" \/>\n\t<meta property=\"og:image:height\" content=\"956\" \/>\n\t<meta property=\"og:image:type\" content=\"image\/jpeg\" \/>\n<meta name=\"twitter:card\" content=\"summary_large_image\" \/>\n<meta name=\"twitter:label1\" content=\"Est. reading time\" \/>\n\t<meta name=\"twitter:data1\" content=\"1 minut\" \/>\n<script type=\"application\/ld+json\" class=\"yoast-schema-graph\">{\"@context\":\"https:\\\/\\\/schema.org\",\"@graph\":[{\"@type\":\"WebPage\",\"@id\":\"https:\\\/\\\/nordlinekumblustunnid.ee\\\/et\\\/toode\\\/kumblustunni-puukutteahi-35kw\\\/\",\"url\":\"https:\\\/\\\/nordlinekumblustunnid.ee\\\/et\\\/toode\\\/kumblustunni-puukutteahi-35kw\\\/\",\"name\":\"K\u00fcmblust\u00fcnni puuk\u00fctteahi 35kW\",\"isPartOf\":{\"@id\":\"https:\\\/\\\/nordlinekumblustunnid.ee\\\/et\\\/#website\"},\"primaryImageOfPage\":{\"@id\":\"https:\\\/\\\/nordlinekumblustunnid.ee\\\/et\\\/toode\\\/kumblustunni-puukutteahi-35kw\\\/#primaryimage\"},\"image\":{\"@id\":\"https:\\\/\\\/nordlinekumblustunnid.ee\\\/et\\\/toode\\\/kumblustunni-puukutteahi-35kw\\\/#primaryimage\"},\"thumbnailUrl\":\"https:\\\/\\\/nordlinekumblustunnid.ee\\\/wp-content\\\/uploads\\\/2017\\\/10\\\/Puukutte-ahi-Kumblustunn-Hot-tube-\u041a\u0443\u043f\u0435\u043b\u044c-Kylpytynnyri-Nordline.jpg\",\"datePublished\":\"2023-03-15T07:56:12+00:00\",\"dateModified\":\"2025-09-09T07:06:47+00:00\",\"description\":\"Roostevabast tugev k\u00fcmblust\u00fcnni puuk\u00fctteahi v\u00f5imsusega 35kW. Kaasas 2 meetrine korsten koos s\u00e4demep\u00fc\u00fcdjaga, tuharest ja \u00fchendustarvikud.\",\"breadcrumb\":{\"@id\":\"https:\\\/\\\/nordlinekumblustunnid.ee\\\/et\\\/toode\\\/kumblustunni-puukutteahi-35kw\\\/#breadcrumb\"},\"inLanguage\":\"et\",\"potentialAction\":[{\"@type\":\"ReadAction\",\"target\":[\"https:\\\/\\\/nordlinekumblustunnid.ee\\\/et\\\/toode\\\/kumblustunni-puukutteahi-35kw\\\/\"]}]},{\"@type\":\"ImageObject\",\"inLanguage\":\"et\",\"@id\":\"https:\\\/\\\/nordlinekumblustunnid.ee\\\/et\\\/toode\\\/kumblustunni-puukutteahi-35kw\\\/#primaryimage\",\"url\":\"https:\\\/\\\/nordlinekumblustunnid.ee\\\/wp-content\\\/uploads\\\/2017\\\/10\\\/Puukutte-ahi-Kumblustunn-Hot-tube-\u041a\u0443\u043f\u0435\u043b\u044c-Kylpytynnyri-Nordline.jpg\",\"contentUrl\":\"https:\\\/\\\/nordlinekumblustunnid.ee\\\/wp-content\\\/uploads\\\/2017\\\/10\\\/Puukutte-ahi-Kumblustunn-Hot-tube-\u041a\u0443\u043f\u0435\u043b\u044c-Kylpytynnyri-Nordline.jpg\",\"width\":1281,\"height\":956,\"caption\":\"Puuk\u00fctte ahi K\u00fcmblust\u00fcnn, Hot tube, \u041a\u0443\u043f\u0435\u043b\u044c, Kylpytynnyri Nordline\"},{\"@type\":\"BreadcrumbList\",\"@id\":\"https:\\\/\\\/nordlinekumblustunnid.ee\\\/et\\\/toode\\\/kumblustunni-puukutteahi-35kw\\\/#breadcrumb\",\"itemListElement\":[{\"@type\":\"ListItem\",\"position\":1,\"name\":\"Home\",\"item\":\"https:\\\/\\\/nordlinekumblustunnid.ee\\\/et\\\/\"},{\"@type\":\"ListItem\",\"position\":2,\"name\":\"Pood\",\"item\":\"https:\\\/\\\/nordlinekumblustunnid.ee\\\/et\\\/pood\\\/\"},{\"@type\":\"ListItem\",\"position\":3,\"name\":\"Puiduk\u00fctteahi 35 kW \u00fcmar\"}]},{\"@type\":\"WebSite\",\"@id\":\"https:\\\/\\\/nordlinekumblustunnid.ee\\\/et\\\/#website\",\"url\":\"https:\\\/\\\/nordlinekumblustunnid.ee\\\/et\\\/\",\"name\":\"NordLine k\u00fcmblust\u00fcnnide tootja\",\"description\":\"\",\"potentialAction\":[{\"@type\":\"SearchAction\",\"target\":{\"@type\":\"EntryPoint\",\"urlTemplate\":\"https:\\\/\\\/nordlinekumblustunnid.ee\\\/et\\\/?s={search_term_string}\"},\"query-input\":{\"@type\":\"PropertyValueSpecification\",\"valueRequired\":true,\"valueName\":\"search_term_string\"}}],\"inLanguage\":\"et\"}]}<\/script>\n<!-- \/ Yoast SEO plugin. -->","yoast_head_json":{"title":"K\u00fcmblust\u00fcnni puuk\u00fctteahi 35kW","description":"Roostevabast tugev k\u00fcmblust\u00fcnni puuk\u00fctteahi v\u00f5imsusega 35kW. Kaasas 2 meetrine korsten koos s\u00e4demep\u00fc\u00fcdjaga, tuharest ja \u00fchendustarvikud.","robots":{"index":"index","follow":"follow","max-snippet":"max-snippet:-1","max-image-preview":"max-image-preview:large","max-video-preview":"max-video-preview:-1"},"canonical":"https:\/\/nordlinekumblustunnid.ee\/et\/toode\/kumblustunni-puukutteahi-35kw\/","og_locale":"et_EE","og_type":"article","og_title":"K\u00fcmblust\u00fcnni puuk\u00fctteahi 35kW","og_description":"Roostevabast tugev k\u00fcmblust\u00fcnni puuk\u00fctteahi v\u00f5imsusega 35kW. Kaasas 2 meetrine korsten koos s\u00e4demep\u00fc\u00fcdjaga, tuharest ja \u00fchendustarvikud.","og_url":"https:\/\/nordlinekumblustunnid.ee\/et\/toode\/kumblustunni-puukutteahi-35kw\/","og_site_name":"NordLine k\u00fcmblust\u00fcnnide tootja","article_publisher":"https:\/\/www.facebook.com\/nordlineboats","article_modified_time":"2025-09-09T07:06:47+00:00","og_image":[{"width":1281,"height":956,"url":"https:\/\/nordlinekumblustunnid.ee\/wp-content\/uploads\/2017\/10\/Puukutte-ahi-Kumblustunn-Hot-tube-\u041a\u0443\u043f\u0435\u043b\u044c-Kylpytynnyri-Nordline.jpg","type":"image\/jpeg"}],"twitter_card":"summary_large_image","twitter_misc":{"Est. reading time":"1 minut"},"schema":{"@context":"https:\/\/schema.org","@graph":[{"@type":"WebPage","@id":"https:\/\/nordlinekumblustunnid.ee\/et\/toode\/kumblustunni-puukutteahi-35kw\/","url":"https:\/\/nordlinekumblustunnid.ee\/et\/toode\/kumblustunni-puukutteahi-35kw\/","name":"K\u00fcmblust\u00fcnni puuk\u00fctteahi 35kW","isPartOf":{"@id":"https:\/\/nordlinekumblustunnid.ee\/et\/#website"},"primaryImageOfPage":{"@id":"https:\/\/nordlinekumblustunnid.ee\/et\/toode\/kumblustunni-puukutteahi-35kw\/#primaryimage"},"image":{"@id":"https:\/\/nordlinekumblustunnid.ee\/et\/toode\/kumblustunni-puukutteahi-35kw\/#primaryimage"},"thumbnailUrl":"https:\/\/nordlinekumblustunnid.ee\/wp-content\/uploads\/2017\/10\/Puukutte-ahi-Kumblustunn-Hot-tube-\u041a\u0443\u043f\u0435\u043b\u044c-Kylpytynnyri-Nordline.jpg","datePublished":"2023-03-15T07:56:12+00:00","dateModified":"2025-09-09T07:06:47+00:00","description":"Roostevabast tugev k\u00fcmblust\u00fcnni puuk\u00fctteahi v\u00f5imsusega 35kW. Kaasas 2 meetrine korsten koos s\u00e4demep\u00fc\u00fcdjaga, tuharest ja \u00fchendustarvikud.","breadcrumb":{"@id":"https:\/\/nordlinekumblustunnid.ee\/et\/toode\/kumblustunni-puukutteahi-35kw\/#breadcrumb"},"inLanguage":"et","potentialAction":[{"@type":"ReadAction","target":["https:\/\/nordlinekumblustunnid.ee\/et\/toode\/kumblustunni-puukutteahi-35kw\/"]}]},{"@type":"ImageObject","inLanguage":"et","@id":"https:\/\/nordlinekumblustunnid.ee\/et\/toode\/kumblustunni-puukutteahi-35kw\/#primaryimage","url":"https:\/\/nordlinekumblustunnid.ee\/wp-content\/uploads\/2017\/10\/Puukutte-ahi-Kumblustunn-Hot-tube-\u041a\u0443\u043f\u0435\u043b\u044c-Kylpytynnyri-Nordline.jpg","contentUrl":"https:\/\/nordlinekumblustunnid.ee\/wp-content\/uploads\/2017\/10\/Puukutte-ahi-Kumblustunn-Hot-tube-\u041a\u0443\u043f\u0435\u043b\u044c-Kylpytynnyri-Nordline.jpg","width":1281,"height":956,"caption":"Puuk\u00fctte ahi K\u00fcmblust\u00fcnn, Hot tube, \u041a\u0443\u043f\u0435\u043b\u044c, Kylpytynnyri Nordline"},{"@type":"BreadcrumbList","@id":"https:\/\/nordlinekumblustunnid.ee\/et\/toode\/kumblustunni-puukutteahi-35kw\/#breadcrumb","itemListElement":[{"@type":"ListItem","position":1,"name":"Home","item":"https:\/\/nordlinekumblustunnid.ee\/et\/"},{"@type":"ListItem","position":2,"name":"Pood","item":"https:\/\/nordlinekumblustunnid.ee\/et\/pood\/"},{"@type":"ListItem","position":3,"name":"Puiduk\u00fctteahi 35 kW \u00fcmar"}]},{"@type":"WebSite","@id":"https:\/\/nordlinekumblustunnid.ee\/et\/#website","url":"https:\/\/nordlinekumblustunnid.ee\/et\/","name":"NordLine k\u00fcmblust\u00fcnnide tootja","description":"","potentialAction":[{"@type":"SearchAction","target":{"@type":"EntryPoint","urlTemplate":"https:\/\/nordlinekumblustunnid.ee\/et\/?s={search_term_string}"},"query-input":{"@type":"PropertyValueSpecification","valueRequired":true,"valueName":"search_term_string"}}],"inLanguage":"et"}]}},"taxonomy_info":{"product_cat":[{"value":207,"label":"K\u00fcmblust\u00fcnni lisad"}]},"featured_image_src_large":["https:\/\/nordlinekumblustunnid.ee\/wp-content\/uploads\/2017\/10\/Puukutte-ahi-Kumblustunn-Hot-tube-\u041a\u0443\u043f\u0435\u043b\u044c-Kylpytynnyri-Nordline-1024x764.jpg",1024,764,true],"author_info":[],"comment_info":"","_links":{"self":[{"href":"https:\/\/nordlinekumblustunnid.ee\/et\/wp-json\/wp\/v2\/product\/6669","targetHints":{"allow":["GET"]}}],"collection":[{"href":"https:\/\/nordlinekumblustunnid.ee\/et\/wp-json\/wp\/v2\/product"}],"about":[{"href":"https:\/\/nordlinekumblustunnid.ee\/et\/wp-json\/wp\/v2\/types\/product"}],"wp:featuredmedia":[{"embeddable":true,"href":"https:\/\/nordlinekumblustunnid.ee\/et\/wp-json\/wp\/v2\/media\/5674"}],"wp:attachment":[{"href":"https:\/\/nordlinekumblustunnid.ee\/et\/wp-json\/wp\/v2\/media?parent=6669"}],"wp:term":[{"taxonomy":"product_brand","embeddable":true,"href":"https:\/\/nordlinekumblustunnid.ee\/et\/wp-json\/wp\/v2\/product_brand?post=6669"},{"taxonomy":"product_cat","embeddable":true,"href":"https:\/\/nordlinekumblustunnid.ee\/et\/wp-json\/wp\/v2\/product_cat?post=6669"},{"taxonomy":"product_tag","embeddable":true,"href":"https:\/\/nordlinekumblustunnid.ee\/et\/wp-json\/wp\/v2\/product_tag?post=6669"}],"curies":[{"name":"wp","href":"https:\/\/api.w.org\/{rel}","templated":true}]}}