{"id":6676,"date":"2023-03-15T10:21:17","date_gmt":"2023-03-15T08:21:17","guid":{"rendered":"https:\/\/nordlinekumblustunnid.ee\/?post_type=product&#038;p=6676"},"modified":"2023-03-15T10:24:01","modified_gmt":"2023-03-15T08:24:01","slug":"kumblustunni-trepp","status":"publish","type":"product","link":"https:\/\/nordlinekumblustunnid.ee\/et\/toode\/kumblustunni-trepp\/","title":{"rendered":"K\u00fcmblust\u00fcnni puidust trepp"},"content":{"rendered":"<h1>K\u00fcmblust\u00fcnni puidust trepp<\/h1>\n<p>K\u00fcmblust\u00fcnni puidust trepp lihtsustab oluliselt t\u00fcnni minekut. Trepp on varustatud mugava k\u00e4epidemega. Sobib nii \u00fcmarale, kui ka kandilisele t\u00fcnnile.<\/p>\n","protected":false},"excerpt":{"rendered":"<p>K\u00fcmblust\u00fcnni puidust trepp K\u00fcmblust\u00fcnni puidust trepp lihtsustab oluliselt t\u00fcnni minekut. Trepp on varustatud mugava k\u00e4epidemega. Sobib nii \u00fcmarale, kui ka kandilisele t\u00fcnnile.<\/p>\n","protected":false},"featured_media":5706,"template":"","meta":{"_kad_blocks_custom_css":"","_kad_blocks_head_custom_js":"","_kad_blocks_body_custom_js":"","_kad_blocks_footer_custom_js":"","_kad_post_transparent":"default","_kad_post_title":"","_kad_post_layout":"default","_kad_post_sidebar_id":"","_kad_post_content_style":"default","_kad_post_vertical_padding":"default","_kad_post_feature":"","_kad_post_feature_position":"","_kad_post_header":false,"_kad_post_footer":false,"_kad_post_classname":""},"product_brand":[],"product_cat":[207],"product_tag":[],"class_list":{"0":"post-6676","1":"product","2":"type-product","3":"status-publish","4":"has-post-thumbnail","6":"product_cat-kumblustunni-lisad","7":"tm-has-options","9":"first","10":"instock","11":"taxable","12":"shipping-taxable","13":"purchasable","14":"product-type-simple","15":"entry","16":"content-bg","17":"loop-entry"},"yoast_head":"<!-- This site is optimized with the Yoast SEO plugin v27.5 - https:\/\/yoast.com\/product\/yoast-seo-wordpress\/ -->\n<title>K\u00fcmblust\u00fcnni trepp<\/title>\n<meta name=\"description\" content=\"K\u00fcmblust\u00fcnni puidust trepp lihtsustab oluliselt t\u00fcnni minekut. Trepp on varustatud mugava k\u00e4epidemega. Sobib nii \u00fcmarale, kui ka kandilisele t\u00fcnnile.\u00a0\" \/>\n<meta name=\"robots\" content=\"index, follow, max-snippet:-1, max-image-preview:large, max-video-preview:-1\" \/>\n<link rel=\"canonical\" href=\"https:\/\/nordlinekumblustunnid.ee\/et\/toode\/kumblustunni-trepp\/\" \/>\n<meta property=\"og:locale\" content=\"et_EE\" \/>\n<meta property=\"og:type\" content=\"article\" \/>\n<meta property=\"og:title\" content=\"K\u00fcmblust\u00fcnni trepp\" \/>\n<meta property=\"og:description\" content=\"K\u00fcmblust\u00fcnni puidust trepp lihtsustab oluliselt t\u00fcnni minekut. Trepp on varustatud mugava k\u00e4epidemega. Sobib nii \u00fcmarale, kui ka kandilisele t\u00fcnnile.\u00a0\" \/>\n<meta property=\"og:url\" content=\"https:\/\/nordlinekumblustunnid.ee\/et\/toode\/kumblustunni-trepp\/\" \/>\n<meta property=\"og:site_name\" content=\"NordLine k\u00fcmblust\u00fcnnide tootja\" \/>\n<meta property=\"article:publisher\" content=\"https:\/\/www.facebook.com\/nordlineboats\" \/>\n<meta property=\"article:modified_time\" content=\"2023-03-15T08:24:01+00:00\" \/>\n<meta property=\"og:image\" content=\"https:\/\/nordlinekumblustunnid.ee\/wp-content\/uploads\/2017\/10\/kumblustunni-nordline-comfort-trepp.jpg\" \/>\n\t<meta property=\"og:image:width\" content=\"454\" \/>\n\t<meta property=\"og:image:height\" content=\"960\" \/>\n\t<meta property=\"og:image:type\" content=\"image\/jpeg\" \/>\n<meta name=\"twitter:card\" content=\"summary_large_image\" \/>\n<meta name=\"twitter:label1\" content=\"Est. reading time\" \/>\n\t<meta name=\"twitter:data1\" content=\"1 minut\" \/>\n<script type=\"application\/ld+json\" class=\"yoast-schema-graph\">{\"@context\":\"https:\\\/\\\/schema.org\",\"@graph\":[{\"@type\":\"WebPage\",\"@id\":\"https:\\\/\\\/nordlinekumblustunnid.ee\\\/et\\\/toode\\\/kumblustunni-trepp\\\/\",\"url\":\"https:\\\/\\\/nordlinekumblustunnid.ee\\\/et\\\/toode\\\/kumblustunni-trepp\\\/\",\"name\":\"K\u00fcmblust\u00fcnni trepp\",\"isPartOf\":{\"@id\":\"https:\\\/\\\/nordlinekumblustunnid.ee\\\/et\\\/#website\"},\"primaryImageOfPage\":{\"@id\":\"https:\\\/\\\/nordlinekumblustunnid.ee\\\/et\\\/toode\\\/kumblustunni-trepp\\\/#primaryimage\"},\"image\":{\"@id\":\"https:\\\/\\\/nordlinekumblustunnid.ee\\\/et\\\/toode\\\/kumblustunni-trepp\\\/#primaryimage\"},\"thumbnailUrl\":\"https:\\\/\\\/nordlinekumblustunnid.ee\\\/wp-content\\\/uploads\\\/2017\\\/10\\\/kumblustunni-nordline-comfort-trepp.jpg\",\"datePublished\":\"2023-03-15T08:21:17+00:00\",\"dateModified\":\"2023-03-15T08:24:01+00:00\",\"description\":\"K\u00fcmblust\u00fcnni puidust trepp lihtsustab oluliselt t\u00fcnni minekut. Trepp on varustatud mugava k\u00e4epidemega. Sobib nii \u00fcmarale, kui ka kandilisele t\u00fcnnile.\u00a0\",\"breadcrumb\":{\"@id\":\"https:\\\/\\\/nordlinekumblustunnid.ee\\\/et\\\/toode\\\/kumblustunni-trepp\\\/#breadcrumb\"},\"inLanguage\":\"et\",\"potentialAction\":[{\"@type\":\"ReadAction\",\"target\":[\"https:\\\/\\\/nordlinekumblustunnid.ee\\\/et\\\/toode\\\/kumblustunni-trepp\\\/\"]}]},{\"@type\":\"ImageObject\",\"inLanguage\":\"et\",\"@id\":\"https:\\\/\\\/nordlinekumblustunnid.ee\\\/et\\\/toode\\\/kumblustunni-trepp\\\/#primaryimage\",\"url\":\"https:\\\/\\\/nordlinekumblustunnid.ee\\\/wp-content\\\/uploads\\\/2017\\\/10\\\/kumblustunni-nordline-comfort-trepp.jpg\",\"contentUrl\":\"https:\\\/\\\/nordlinekumblustunnid.ee\\\/wp-content\\\/uploads\\\/2017\\\/10\\\/kumblustunni-nordline-comfort-trepp.jpg\",\"width\":454,\"height\":960,\"caption\":\"k\u00fcmblust\u00fcnni nordline comfort trepp\"},{\"@type\":\"BreadcrumbList\",\"@id\":\"https:\\\/\\\/nordlinekumblustunnid.ee\\\/et\\\/toode\\\/kumblustunni-trepp\\\/#breadcrumb\",\"itemListElement\":[{\"@type\":\"ListItem\",\"position\":1,\"name\":\"Home\",\"item\":\"https:\\\/\\\/nordlinekumblustunnid.ee\\\/et\\\/\"},{\"@type\":\"ListItem\",\"position\":2,\"name\":\"Pood\",\"item\":\"https:\\\/\\\/nordlinekumblustunnid.ee\\\/et\\\/pood\\\/\"},{\"@type\":\"ListItem\",\"position\":3,\"name\":\"K\u00fcmblust\u00fcnni puidust trepp\"}]},{\"@type\":\"WebSite\",\"@id\":\"https:\\\/\\\/nordlinekumblustunnid.ee\\\/et\\\/#website\",\"url\":\"https:\\\/\\\/nordlinekumblustunnid.ee\\\/et\\\/\",\"name\":\"NordLine k\u00fcmblust\u00fcnnide tootja\",\"description\":\"\",\"potentialAction\":[{\"@type\":\"SearchAction\",\"target\":{\"@type\":\"EntryPoint\",\"urlTemplate\":\"https:\\\/\\\/nordlinekumblustunnid.ee\\\/et\\\/?s={search_term_string}\"},\"query-input\":{\"@type\":\"PropertyValueSpecification\",\"valueRequired\":true,\"valueName\":\"search_term_string\"}}],\"inLanguage\":\"et\"}]}<\/script>\n<!-- \/ Yoast SEO plugin. -->","yoast_head_json":{"title":"K\u00fcmblust\u00fcnni trepp","description":"K\u00fcmblust\u00fcnni puidust trepp lihtsustab oluliselt t\u00fcnni minekut. Trepp on varustatud mugava k\u00e4epidemega. Sobib nii \u00fcmarale, kui ka kandilisele t\u00fcnnile.\u00a0","robots":{"index":"index","follow":"follow","max-snippet":"max-snippet:-1","max-image-preview":"max-image-preview:large","max-video-preview":"max-video-preview:-1"},"canonical":"https:\/\/nordlinekumblustunnid.ee\/et\/toode\/kumblustunni-trepp\/","og_locale":"et_EE","og_type":"article","og_title":"K\u00fcmblust\u00fcnni trepp","og_description":"K\u00fcmblust\u00fcnni puidust trepp lihtsustab oluliselt t\u00fcnni minekut. Trepp on varustatud mugava k\u00e4epidemega. Sobib nii \u00fcmarale, kui ka kandilisele t\u00fcnnile.\u00a0","og_url":"https:\/\/nordlinekumblustunnid.ee\/et\/toode\/kumblustunni-trepp\/","og_site_name":"NordLine k\u00fcmblust\u00fcnnide tootja","article_publisher":"https:\/\/www.facebook.com\/nordlineboats","article_modified_time":"2023-03-15T08:24:01+00:00","og_image":[{"width":454,"height":960,"url":"https:\/\/nordlinekumblustunnid.ee\/wp-content\/uploads\/2017\/10\/kumblustunni-nordline-comfort-trepp.jpg","type":"image\/jpeg"}],"twitter_card":"summary_large_image","twitter_misc":{"Est. reading time":"1 minut"},"schema":{"@context":"https:\/\/schema.org","@graph":[{"@type":"WebPage","@id":"https:\/\/nordlinekumblustunnid.ee\/et\/toode\/kumblustunni-trepp\/","url":"https:\/\/nordlinekumblustunnid.ee\/et\/toode\/kumblustunni-trepp\/","name":"K\u00fcmblust\u00fcnni trepp","isPartOf":{"@id":"https:\/\/nordlinekumblustunnid.ee\/et\/#website"},"primaryImageOfPage":{"@id":"https:\/\/nordlinekumblustunnid.ee\/et\/toode\/kumblustunni-trepp\/#primaryimage"},"image":{"@id":"https:\/\/nordlinekumblustunnid.ee\/et\/toode\/kumblustunni-trepp\/#primaryimage"},"thumbnailUrl":"https:\/\/nordlinekumblustunnid.ee\/wp-content\/uploads\/2017\/10\/kumblustunni-nordline-comfort-trepp.jpg","datePublished":"2023-03-15T08:21:17+00:00","dateModified":"2023-03-15T08:24:01+00:00","description":"K\u00fcmblust\u00fcnni puidust trepp lihtsustab oluliselt t\u00fcnni minekut. Trepp on varustatud mugava k\u00e4epidemega. Sobib nii \u00fcmarale, kui ka kandilisele t\u00fcnnile.\u00a0","breadcrumb":{"@id":"https:\/\/nordlinekumblustunnid.ee\/et\/toode\/kumblustunni-trepp\/#breadcrumb"},"inLanguage":"et","potentialAction":[{"@type":"ReadAction","target":["https:\/\/nordlinekumblustunnid.ee\/et\/toode\/kumblustunni-trepp\/"]}]},{"@type":"ImageObject","inLanguage":"et","@id":"https:\/\/nordlinekumblustunnid.ee\/et\/toode\/kumblustunni-trepp\/#primaryimage","url":"https:\/\/nordlinekumblustunnid.ee\/wp-content\/uploads\/2017\/10\/kumblustunni-nordline-comfort-trepp.jpg","contentUrl":"https:\/\/nordlinekumblustunnid.ee\/wp-content\/uploads\/2017\/10\/kumblustunni-nordline-comfort-trepp.jpg","width":454,"height":960,"caption":"k\u00fcmblust\u00fcnni nordline comfort trepp"},{"@type":"BreadcrumbList","@id":"https:\/\/nordlinekumblustunnid.ee\/et\/toode\/kumblustunni-trepp\/#breadcrumb","itemListElement":[{"@type":"ListItem","position":1,"name":"Home","item":"https:\/\/nordlinekumblustunnid.ee\/et\/"},{"@type":"ListItem","position":2,"name":"Pood","item":"https:\/\/nordlinekumblustunnid.ee\/et\/pood\/"},{"@type":"ListItem","position":3,"name":"K\u00fcmblust\u00fcnni puidust trepp"}]},{"@type":"WebSite","@id":"https:\/\/nordlinekumblustunnid.ee\/et\/#website","url":"https:\/\/nordlinekumblustunnid.ee\/et\/","name":"NordLine k\u00fcmblust\u00fcnnide tootja","description":"","potentialAction":[{"@type":"SearchAction","target":{"@type":"EntryPoint","urlTemplate":"https:\/\/nordlinekumblustunnid.ee\/et\/?s={search_term_string}"},"query-input":{"@type":"PropertyValueSpecification","valueRequired":true,"valueName":"search_term_string"}}],"inLanguage":"et"}]}},"taxonomy_info":{"product_cat":[{"value":207,"label":"K\u00fcmblust\u00fcnni lisad"}]},"featured_image_src_large":["https:\/\/nordlinekumblustunnid.ee\/wp-content\/uploads\/2017\/10\/kumblustunni-nordline-comfort-trepp.jpg",454,960,false],"author_info":[],"comment_info":"","_links":{"self":[{"href":"https:\/\/nordlinekumblustunnid.ee\/et\/wp-json\/wp\/v2\/product\/6676","targetHints":{"allow":["GET"]}}],"collection":[{"href":"https:\/\/nordlinekumblustunnid.ee\/et\/wp-json\/wp\/v2\/product"}],"about":[{"href":"https:\/\/nordlinekumblustunnid.ee\/et\/wp-json\/wp\/v2\/types\/product"}],"wp:featuredmedia":[{"embeddable":true,"href":"https:\/\/nordlinekumblustunnid.ee\/et\/wp-json\/wp\/v2\/media\/5706"}],"wp:attachment":[{"href":"https:\/\/nordlinekumblustunnid.ee\/et\/wp-json\/wp\/v2\/media?parent=6676"}],"wp:term":[{"taxonomy":"product_brand","embeddable":true,"href":"https:\/\/nordlinekumblustunnid.ee\/et\/wp-json\/wp\/v2\/product_brand?post=6676"},{"taxonomy":"product_cat","embeddable":true,"href":"https:\/\/nordlinekumblustunnid.ee\/et\/wp-json\/wp\/v2\/product_cat?post=6676"},{"taxonomy":"product_tag","embeddable":true,"href":"https:\/\/nordlinekumblustunnid.ee\/et\/wp-json\/wp\/v2\/product_tag?post=6676"}],"curies":[{"name":"wp","href":"https:\/\/api.w.org\/{rel}","templated":true}]}}