{"id":6677,"date":"2023-03-15T10:24:21","date_gmt":"2023-03-15T08:24:21","guid":{"rendered":"https:\/\/nordlinekumblustunnid.ee\/?post_type=product&#038;p=6677"},"modified":"2024-04-22T09:38:36","modified_gmt":"2024-04-22T06:38:36","slug":"kumblustunni-elektrikute-6kw","status":"publish","type":"product","link":"https:\/\/nordlinekumblustunnid.ee\/et\/toode\/kumblustunni-elektrikute-6kw\/","title":{"rendered":"K\u00fcmblust\u00fcnni elektrik\u00fcte 6kW"},"content":{"rendered":"<h1>K\u00fcmblust\u00fcnni elektrik\u00fcte 6kW<\/h1>\n<p>Valmistatud termoplastiga tugevdatud klaasplastist, mis on tugev ja korrosioonikindel. Horisontaalse paigaldusega ei j\u00e4\u00e4 soojendisse \u00f5hku ja ei kahjustu k\u00fcttekeha. Soojendi on varustatud l\u00e4bivoolu anduriga ja \u00fclekuumenemiskaitsega, mis mis kaitsevad k\u00fcttekeha soojendi elemendi kuivale j\u00e4\u00e4misel. Kaasasolevad kinnitused v\u00f5imaldavad kiiret ja paindlikku paigaldust. Soojendi \u00fchendatakse 50 mm PVC torudega. Minimaalne vee l\u00e4bivool 90 l\/min (5,4 m3\/h).<\/p>\n","protected":false},"excerpt":{"rendered":"<p>K\u00fcmblust\u00fcnni elektrik\u00fcte 6kW Valmistatud termoplastiga tugevdatud klaasplastist, mis on tugev ja korrosioonikindel. Horisontaalse paigaldusega ei j\u00e4\u00e4 soojendisse \u00f5hku ja ei kahjustu k\u00fcttekeha. Soojendi on varustatud l\u00e4bivoolu anduriga ja \u00fclekuumenemiskaitsega, mis mis kaitsevad k\u00fcttekeha soojendi elemendi kuivale j\u00e4\u00e4misel. Kaasasolevad kinnitused v\u00f5imaldavad kiiret ja paindlikku paigaldust. Soojendi \u00fchendatakse 50 mm PVC torudega. Minimaalne vee l\u00e4bivool 90 l\/min&#8230;<\/p>\n","protected":false},"featured_media":5686,"template":"","meta":{"_kad_blocks_custom_css":"","_kad_blocks_head_custom_js":"","_kad_blocks_body_custom_js":"","_kad_blocks_footer_custom_js":"","_kad_post_transparent":"default","_kad_post_title":"","_kad_post_layout":"default","_kad_post_sidebar_id":"","_kad_post_content_style":"default","_kad_post_vertical_padding":"default","_kad_post_feature":"","_kad_post_feature_position":"","_kad_post_header":false,"_kad_post_footer":false,"_kad_post_classname":""},"product_brand":[],"product_cat":[207],"product_tag":[],"class_list":{"0":"post-6677","1":"product","2":"type-product","3":"status-publish","4":"has-post-thumbnail","6":"product_cat-kumblustunni-lisad","7":"tm-has-options","9":"first","10":"instock","11":"taxable","12":"shipping-taxable","13":"purchasable","14":"product-type-simple","15":"entry","16":"content-bg","17":"loop-entry"},"yoast_head":"<!-- This site is optimized with the Yoast SEO plugin v27.5 - https:\/\/yoast.com\/product\/yoast-seo-wordpress\/ -->\n<title>K\u00fcmblust\u00fcnni elektrik\u00fcte 6kW<\/title>\n<meta name=\"description\" content=\"Soojendi on varustatud l\u00e4bivoolu anduriga ja \u00fclekuumenemiskaitsega, mis mis kaitsevad k\u00fcttekeha soojendi elemendi kuivale j\u00e4\u00e4misel.\" \/>\n<meta name=\"robots\" content=\"index, follow, max-snippet:-1, max-image-preview:large, max-video-preview:-1\" \/>\n<link rel=\"canonical\" href=\"https:\/\/nordlinekumblustunnid.ee\/et\/toode\/kumblustunni-elektrikute-6kw\/\" \/>\n<meta property=\"og:locale\" content=\"et_EE\" \/>\n<meta property=\"og:type\" content=\"article\" \/>\n<meta property=\"og:title\" content=\"K\u00fcmblust\u00fcnni elektrik\u00fcte 6kW\" \/>\n<meta property=\"og:description\" content=\"Soojendi on varustatud l\u00e4bivoolu anduriga ja \u00fclekuumenemiskaitsega, mis mis kaitsevad k\u00fcttekeha soojendi elemendi kuivale j\u00e4\u00e4misel.\" \/>\n<meta property=\"og:url\" content=\"https:\/\/nordlinekumblustunnid.ee\/et\/toode\/kumblustunni-elektrikute-6kw\/\" \/>\n<meta property=\"og:site_name\" content=\"NordLine k\u00fcmblust\u00fcnnide tootja\" \/>\n<meta property=\"article:publisher\" content=\"https:\/\/www.facebook.com\/nordlineboats\" \/>\n<meta property=\"article:modified_time\" content=\"2024-04-22T06:38:36+00:00\" \/>\n<meta property=\"og:image\" content=\"https:\/\/nordlinekumblustunnid.ee\/wp-content\/uploads\/2017\/10\/Kumblustunni-elektri-kute.jpg\" \/>\n\t<meta property=\"og:image:width\" content=\"1064\" \/>\n\t<meta property=\"og:image:height\" content=\"736\" \/>\n\t<meta property=\"og:image:type\" content=\"image\/png\" \/>\n<meta name=\"twitter:card\" content=\"summary_large_image\" \/>\n<meta name=\"twitter:label1\" content=\"Est. reading time\" \/>\n\t<meta name=\"twitter:data1\" content=\"1 minut\" \/>\n<script type=\"application\/ld+json\" class=\"yoast-schema-graph\">{\"@context\":\"https:\\\/\\\/schema.org\",\"@graph\":[{\"@type\":\"WebPage\",\"@id\":\"https:\\\/\\\/nordlinekumblustunnid.ee\\\/et\\\/toode\\\/kumblustunni-elektrikute-6kw\\\/\",\"url\":\"https:\\\/\\\/nordlinekumblustunnid.ee\\\/et\\\/toode\\\/kumblustunni-elektrikute-6kw\\\/\",\"name\":\"K\u00fcmblust\u00fcnni elektrik\u00fcte 6kW\",\"isPartOf\":{\"@id\":\"https:\\\/\\\/nordlinekumblustunnid.ee\\\/et\\\/#website\"},\"primaryImageOfPage\":{\"@id\":\"https:\\\/\\\/nordlinekumblustunnid.ee\\\/et\\\/toode\\\/kumblustunni-elektrikute-6kw\\\/#primaryimage\"},\"image\":{\"@id\":\"https:\\\/\\\/nordlinekumblustunnid.ee\\\/et\\\/toode\\\/kumblustunni-elektrikute-6kw\\\/#primaryimage\"},\"thumbnailUrl\":\"https:\\\/\\\/nordlinekumblustunnid.ee\\\/wp-content\\\/uploads\\\/2017\\\/10\\\/Kumblustunni-elektri-kute.jpg\",\"datePublished\":\"2023-03-15T08:24:21+00:00\",\"dateModified\":\"2024-04-22T06:38:36+00:00\",\"description\":\"Soojendi on varustatud l\u00e4bivoolu anduriga ja \u00fclekuumenemiskaitsega, mis mis kaitsevad k\u00fcttekeha soojendi elemendi kuivale j\u00e4\u00e4misel.\",\"breadcrumb\":{\"@id\":\"https:\\\/\\\/nordlinekumblustunnid.ee\\\/et\\\/toode\\\/kumblustunni-elektrikute-6kw\\\/#breadcrumb\"},\"inLanguage\":\"et\",\"potentialAction\":[{\"@type\":\"ReadAction\",\"target\":[\"https:\\\/\\\/nordlinekumblustunnid.ee\\\/et\\\/toode\\\/kumblustunni-elektrikute-6kw\\\/\"]}]},{\"@type\":\"ImageObject\",\"inLanguage\":\"et\",\"@id\":\"https:\\\/\\\/nordlinekumblustunnid.ee\\\/et\\\/toode\\\/kumblustunni-elektrikute-6kw\\\/#primaryimage\",\"url\":\"https:\\\/\\\/nordlinekumblustunnid.ee\\\/wp-content\\\/uploads\\\/2017\\\/10\\\/Kumblustunni-elektri-kute.jpg\",\"contentUrl\":\"https:\\\/\\\/nordlinekumblustunnid.ee\\\/wp-content\\\/uploads\\\/2017\\\/10\\\/Kumblustunni-elektri-kute.jpg\",\"width\":1064,\"height\":736,\"caption\":\"K\u00fcmblust\u00fcnni elektri k\u00fcte\"},{\"@type\":\"BreadcrumbList\",\"@id\":\"https:\\\/\\\/nordlinekumblustunnid.ee\\\/et\\\/toode\\\/kumblustunni-elektrikute-6kw\\\/#breadcrumb\",\"itemListElement\":[{\"@type\":\"ListItem\",\"position\":1,\"name\":\"Home\",\"item\":\"https:\\\/\\\/nordlinekumblustunnid.ee\\\/et\\\/\"},{\"@type\":\"ListItem\",\"position\":2,\"name\":\"Pood\",\"item\":\"https:\\\/\\\/nordlinekumblustunnid.ee\\\/et\\\/pood\\\/\"},{\"@type\":\"ListItem\",\"position\":3,\"name\":\"K\u00fcmblust\u00fcnni elektrik\u00fcte 6kW\"}]},{\"@type\":\"WebSite\",\"@id\":\"https:\\\/\\\/nordlinekumblustunnid.ee\\\/et\\\/#website\",\"url\":\"https:\\\/\\\/nordlinekumblustunnid.ee\\\/et\\\/\",\"name\":\"NordLine k\u00fcmblust\u00fcnnide tootja\",\"description\":\"\",\"potentialAction\":[{\"@type\":\"SearchAction\",\"target\":{\"@type\":\"EntryPoint\",\"urlTemplate\":\"https:\\\/\\\/nordlinekumblustunnid.ee\\\/et\\\/?s={search_term_string}\"},\"query-input\":{\"@type\":\"PropertyValueSpecification\",\"valueRequired\":true,\"valueName\":\"search_term_string\"}}],\"inLanguage\":\"et\"}]}<\/script>\n<!-- \/ Yoast SEO plugin. -->","yoast_head_json":{"title":"K\u00fcmblust\u00fcnni elektrik\u00fcte 6kW","description":"Soojendi on varustatud l\u00e4bivoolu anduriga ja \u00fclekuumenemiskaitsega, mis mis kaitsevad k\u00fcttekeha soojendi elemendi kuivale j\u00e4\u00e4misel.","robots":{"index":"index","follow":"follow","max-snippet":"max-snippet:-1","max-image-preview":"max-image-preview:large","max-video-preview":"max-video-preview:-1"},"canonical":"https:\/\/nordlinekumblustunnid.ee\/et\/toode\/kumblustunni-elektrikute-6kw\/","og_locale":"et_EE","og_type":"article","og_title":"K\u00fcmblust\u00fcnni elektrik\u00fcte 6kW","og_description":"Soojendi on varustatud l\u00e4bivoolu anduriga ja \u00fclekuumenemiskaitsega, mis mis kaitsevad k\u00fcttekeha soojendi elemendi kuivale j\u00e4\u00e4misel.","og_url":"https:\/\/nordlinekumblustunnid.ee\/et\/toode\/kumblustunni-elektrikute-6kw\/","og_site_name":"NordLine k\u00fcmblust\u00fcnnide tootja","article_publisher":"https:\/\/www.facebook.com\/nordlineboats","article_modified_time":"2024-04-22T06:38:36+00:00","og_image":[{"width":1064,"height":736,"url":"https:\/\/nordlinekumblustunnid.ee\/wp-content\/uploads\/2017\/10\/Kumblustunni-elektri-kute.jpg","type":"image\/png"}],"twitter_card":"summary_large_image","twitter_misc":{"Est. reading time":"1 minut"},"schema":{"@context":"https:\/\/schema.org","@graph":[{"@type":"WebPage","@id":"https:\/\/nordlinekumblustunnid.ee\/et\/toode\/kumblustunni-elektrikute-6kw\/","url":"https:\/\/nordlinekumblustunnid.ee\/et\/toode\/kumblustunni-elektrikute-6kw\/","name":"K\u00fcmblust\u00fcnni elektrik\u00fcte 6kW","isPartOf":{"@id":"https:\/\/nordlinekumblustunnid.ee\/et\/#website"},"primaryImageOfPage":{"@id":"https:\/\/nordlinekumblustunnid.ee\/et\/toode\/kumblustunni-elektrikute-6kw\/#primaryimage"},"image":{"@id":"https:\/\/nordlinekumblustunnid.ee\/et\/toode\/kumblustunni-elektrikute-6kw\/#primaryimage"},"thumbnailUrl":"https:\/\/nordlinekumblustunnid.ee\/wp-content\/uploads\/2017\/10\/Kumblustunni-elektri-kute.jpg","datePublished":"2023-03-15T08:24:21+00:00","dateModified":"2024-04-22T06:38:36+00:00","description":"Soojendi on varustatud l\u00e4bivoolu anduriga ja \u00fclekuumenemiskaitsega, mis mis kaitsevad k\u00fcttekeha soojendi elemendi kuivale j\u00e4\u00e4misel.","breadcrumb":{"@id":"https:\/\/nordlinekumblustunnid.ee\/et\/toode\/kumblustunni-elektrikute-6kw\/#breadcrumb"},"inLanguage":"et","potentialAction":[{"@type":"ReadAction","target":["https:\/\/nordlinekumblustunnid.ee\/et\/toode\/kumblustunni-elektrikute-6kw\/"]}]},{"@type":"ImageObject","inLanguage":"et","@id":"https:\/\/nordlinekumblustunnid.ee\/et\/toode\/kumblustunni-elektrikute-6kw\/#primaryimage","url":"https:\/\/nordlinekumblustunnid.ee\/wp-content\/uploads\/2017\/10\/Kumblustunni-elektri-kute.jpg","contentUrl":"https:\/\/nordlinekumblustunnid.ee\/wp-content\/uploads\/2017\/10\/Kumblustunni-elektri-kute.jpg","width":1064,"height":736,"caption":"K\u00fcmblust\u00fcnni elektri k\u00fcte"},{"@type":"BreadcrumbList","@id":"https:\/\/nordlinekumblustunnid.ee\/et\/toode\/kumblustunni-elektrikute-6kw\/#breadcrumb","itemListElement":[{"@type":"ListItem","position":1,"name":"Home","item":"https:\/\/nordlinekumblustunnid.ee\/et\/"},{"@type":"ListItem","position":2,"name":"Pood","item":"https:\/\/nordlinekumblustunnid.ee\/et\/pood\/"},{"@type":"ListItem","position":3,"name":"K\u00fcmblust\u00fcnni elektrik\u00fcte 6kW"}]},{"@type":"WebSite","@id":"https:\/\/nordlinekumblustunnid.ee\/et\/#website","url":"https:\/\/nordlinekumblustunnid.ee\/et\/","name":"NordLine k\u00fcmblust\u00fcnnide tootja","description":"","potentialAction":[{"@type":"SearchAction","target":{"@type":"EntryPoint","urlTemplate":"https:\/\/nordlinekumblustunnid.ee\/et\/?s={search_term_string}"},"query-input":{"@type":"PropertyValueSpecification","valueRequired":true,"valueName":"search_term_string"}}],"inLanguage":"et"}]}},"taxonomy_info":{"product_cat":[{"value":207,"label":"K\u00fcmblust\u00fcnni lisad"}]},"featured_image_src_large":["https:\/\/nordlinekumblustunnid.ee\/wp-content\/uploads\/2017\/10\/Kumblustunni-elektri-kute-1024x708.jpg",1024,708,true],"author_info":[],"comment_info":"","_links":{"self":[{"href":"https:\/\/nordlinekumblustunnid.ee\/et\/wp-json\/wp\/v2\/product\/6677","targetHints":{"allow":["GET"]}}],"collection":[{"href":"https:\/\/nordlinekumblustunnid.ee\/et\/wp-json\/wp\/v2\/product"}],"about":[{"href":"https:\/\/nordlinekumblustunnid.ee\/et\/wp-json\/wp\/v2\/types\/product"}],"wp:featuredmedia":[{"embeddable":true,"href":"https:\/\/nordlinekumblustunnid.ee\/et\/wp-json\/wp\/v2\/media\/5686"}],"wp:attachment":[{"href":"https:\/\/nordlinekumblustunnid.ee\/et\/wp-json\/wp\/v2\/media?parent=6677"}],"wp:term":[{"taxonomy":"product_brand","embeddable":true,"href":"https:\/\/nordlinekumblustunnid.ee\/et\/wp-json\/wp\/v2\/product_brand?post=6677"},{"taxonomy":"product_cat","embeddable":true,"href":"https:\/\/nordlinekumblustunnid.ee\/et\/wp-json\/wp\/v2\/product_cat?post=6677"},{"taxonomy":"product_tag","embeddable":true,"href":"https:\/\/nordlinekumblustunnid.ee\/et\/wp-json\/wp\/v2\/product_tag?post=6677"}],"curies":[{"name":"wp","href":"https:\/\/api.w.org\/{rel}","templated":true}]}}