{"id":6699,"date":"2023-03-15T14:51:21","date_gmt":"2023-03-15T12:51:21","guid":{"rendered":"https:\/\/nordlinekumblustunnid.ee\/?post_type=product&#038;p=6699"},"modified":"2026-01-31T22:46:50","modified_gmt":"2026-01-31T20:46:50","slug":"kumblustunn-round-22","status":"publish","type":"product","link":"https:\/\/nordlinekumblustunnid.ee\/et\/toode\/kumblustunn-round-22\/","title":{"rendered":"K\u00fcmblust\u00fcnn Round 22"},"content":{"rendered":"<h1>K\u00fcmblust\u00fcnn Round 22<\/h1>\n<p>K\u00fcmblust\u00fcnn Round 22 on keskmise suurusega t\u00fcnn, mille k\u00fctmiseks kasutatakse v\u00e4list ahju. Sobib h\u00e4sti umbes 6 inimesele. Lihtne paigaldada ja hooldada. V\u00f5imalik tellida erinevates v\u00e4rvitoonides.<\/p>\n<h2><strong>V\u00f5imalus ise komplektreerida<\/strong><\/h2>\n<p>Komplekti saab valida t\u00e4pselt sellise nagu soovite. V\u00f5ib osta ka ainult sisu, kui soovite k\u00fcmblust\u00fcnni s\u00fcvistada terrassi sisse. Kompleteerida saate vastavalt soovile.<\/p>\n<h2><strong>Klaasfiibrist sisu<\/strong><\/h2>\n<p>K\u00fcmblust\u00fcnni klaasfiibrist sisu on v\u00e4ga tugev ja pika elueaga. T\u00fcnn on valmistatud 4-6 kihilisest materjalist ja peab h\u00e4sti vastu l\u00f6\u00f6kidele ja p\u00f5rutustele. Klaasfiibri pind on absoluutselt veekindel ja vastupidav p\u00e4iksele. Kasutatud on ultraviolett kiirgusele eriti vastupidavat pinnakatet. Pinda on v\u00e4ga kerge puhtana hoida ja pesta. Pind s\u00e4ilib pikka aega l\u00e4ikivana ja tuhmudes on seda v\u00f5imalik poleerida suurema l\u00e4ike saamiseks. Klaasfiibri sisse on v\u00e4ga lihtne paigaldada lisaseadmeid nagu led tuled ja mullis\u00fcsteem.<\/p>\n<h2><strong>V\u00e4rvivalik<\/strong><\/h2>\n<p>V\u00e4rvivalik on vastavalt soovile <a href=\"http:\/\/www.ralcolors.com\" target=\"_blank\" rel=\"noopener noreferrer\">RAL v\u00e4rvikaardi<\/a> j\u00e4rgi. M\u00f5ningate toonide puhul v\u00f5ib hind erineda standardsest hinnast. Standardselt saadaval tumehallid, hallid, helehallid, sinised k\u00fcmblust\u00fcnnid<\/p>\n<h2><strong>Vee \u00e4ravoolus\u00fcsteem<\/strong><\/h2>\n<p>Vee \u00e4ravooluks on t\u00fcnn varustatud vastava \u00e4ravoolus\u00fcsteemiga. Pole vajadust p\u00f5hjakorgi paigaldamiseks ega eemaldamiseks. Vesi v\u00e4ljub k\u00fcljelt kraani kaudu, kuhu saab \u00fchendada vooliku vee kaugemale juhtimiseks.<\/p>\n<h2><strong>K\u00fcmblust\u00fcnni ahi<\/strong><\/h2>\n<p>K\u00fcmblust\u00fcnni integreeritud ahi on valmistatud merealumiiniumist, mis on k\u00f5rge korrosioonitaluvusega ning kiire soojusvahetusega. Ahju sisemuses on malmist tuharest ja terasest leegisuunaja. Ahi soojeneb s\u00f5ltuvalt ilmast 10-15 kraadi tunnis. Seega paari tunniga v\u00f5ib vesi olla juba kasutusvalmis.<\/p>\n<h2><strong>Paigaldamine<\/strong><\/h2>\n<p><span style=\"font-family: var(--global-body-font-family);\">Valmiskomplektid ei vaja eraldi paigaldust. Piisab kui on loodis aluspind. Ainuke, mida on vaja teha, on voolikute \u00fchendamine ahjuga. K\u00f5ik vajalik \u00fchendamiseks on kaasas.<\/span><\/p>\n<p><strong style=\"font-family: var(--global-body-font-family);\">Helista 50 55 152 v\u00f5i kirjuta meile info@nordlinekumblustunnid.ee \u00a0Vastame sulle esimesel v\u00f5imalusel.<\/strong><\/p>\n<div class=\"pooleks\">\n<p>&nbsp;<\/p>\n<\/div>\n","protected":false},"excerpt":{"rendered":"<p>K\u00fcmblust\u00fcnn Round 22 K\u00fcmblust\u00fcnn Round 22 on keskmise suurusega t\u00fcnn, mille k\u00fctmiseks kasutatakse v\u00e4list ahju. Sobib h\u00e4sti umbes 6 inimesele. Lihtne paigaldada ja hooldada. V\u00f5imalik tellida erinevates v\u00e4rvitoonides. V\u00f5imalus ise komplektreerida Komplekti saab valida t\u00e4pselt sellise nagu soovite. V\u00f5ib osta ka ainult sisu, kui soovite k\u00fcmblust\u00fcnni s\u00fcvistada terrassi sisse. Kompleteerida saate vastavalt soovile. Klaasfiibrist sisu&#8230;<\/p>\n","protected":false},"featured_media":6703,"template":"","meta":{"_kad_blocks_custom_css":"","_kad_blocks_head_custom_js":"","_kad_blocks_body_custom_js":"","_kad_blocks_footer_custom_js":"","_kad_post_transparent":"default","_kad_post_title":"","_kad_post_layout":"default","_kad_post_sidebar_id":"","_kad_post_content_style":"default","_kad_post_vertical_padding":"default","_kad_post_feature":"","_kad_post_feature_position":"","_kad_post_header":false,"_kad_post_footer":false,"_kad_post_classname":""},"product_brand":[],"product_cat":[29],"product_tag":[],"class_list":{"0":"post-6699","1":"product","2":"type-product","3":"status-publish","4":"has-post-thumbnail","6":"product_cat-kumblustunnid","7":"product_shipping_class-kaup-mis-ei-mahu-euroalusele","8":"tm-has-options","10":"first","11":"instock","12":"taxable","13":"shipping-taxable","14":"purchasable","15":"product-type-simple","16":"entry","17":"content-bg","18":"loop-entry"},"yoast_head":"<!-- This site is optimized with the Yoast SEO plugin v27.5 - https:\/\/yoast.com\/product\/yoast-seo-wordpress\/ -->\n<title>K\u00dcMBLUST\u00dcNN NORDLINE COMPACT - v\u00e4ga mugav ja tugev<\/title>\n<meta name=\"description\" content=\"Sisaldab klaasfiibrist sisu, laudisest \u00fcmbrist, vee \u00e4ravoolu trappi ja puuk\u00fctte ahju. K\u00fcmblust\u00fcnn on koheselt valmis kasutamiseks.\" \/>\n<meta name=\"robots\" content=\"index, follow, max-snippet:-1, max-image-preview:large, max-video-preview:-1\" \/>\n<link rel=\"canonical\" href=\"https:\/\/nordlinekumblustunnid.ee\/et\/toode\/kumblustunn-round-22\/\" \/>\n<meta property=\"og:locale\" content=\"et_EE\" \/>\n<meta property=\"og:type\" content=\"article\" \/>\n<meta property=\"og:title\" content=\"K\u00dcMBLUST\u00dcNN NORDLINE COMPACT - v\u00e4ga mugav ja tugev\" \/>\n<meta property=\"og:description\" content=\"Sisaldab klaasfiibrist sisu, laudisest \u00fcmbrist, vee \u00e4ravoolu trappi ja puuk\u00fctte ahju. K\u00fcmblust\u00fcnn on koheselt valmis kasutamiseks.\" \/>\n<meta property=\"og:url\" content=\"https:\/\/nordlinekumblustunnid.ee\/et\/toode\/kumblustunn-round-22\/\" \/>\n<meta property=\"og:site_name\" content=\"NordLine k\u00fcmblust\u00fcnnide tootja\" \/>\n<meta property=\"article:publisher\" content=\"https:\/\/www.facebook.com\/nordlineboats\" \/>\n<meta property=\"article:modified_time\" content=\"2026-01-31T20:46:50+00:00\" \/>\n<meta property=\"og:image\" content=\"https:\/\/nordlinekumblustunnid.ee\/wp-content\/uploads\/2023\/03\/Kumblustunn-Nordline-Round-22-umar.jpg\" \/>\n\t<meta property=\"og:image:width\" content=\"1000\" \/>\n\t<meta property=\"og:image:height\" content=\"1000\" \/>\n\t<meta property=\"og:image:type\" content=\"image\/jpeg\" \/>\n<meta name=\"twitter:card\" content=\"summary_large_image\" \/>\n<meta name=\"twitter:label1\" content=\"Est. reading time\" \/>\n\t<meta name=\"twitter:data1\" content=\"2 minutit\" \/>\n<script type=\"application\/ld+json\" class=\"yoast-schema-graph\">{\"@context\":\"https:\\\/\\\/schema.org\",\"@graph\":[{\"@type\":\"WebPage\",\"@id\":\"https:\\\/\\\/nordlinekumblustunnid.ee\\\/et\\\/toode\\\/kumblustunn-round-22\\\/\",\"url\":\"https:\\\/\\\/nordlinekumblustunnid.ee\\\/et\\\/toode\\\/kumblustunn-round-22\\\/\",\"name\":\"K\u00dcMBLUST\u00dcNN NORDLINE COMPACT - v\u00e4ga mugav ja tugev\",\"isPartOf\":{\"@id\":\"https:\\\/\\\/nordlinekumblustunnid.ee\\\/et\\\/#website\"},\"primaryImageOfPage\":{\"@id\":\"https:\\\/\\\/nordlinekumblustunnid.ee\\\/et\\\/toode\\\/kumblustunn-round-22\\\/#primaryimage\"},\"image\":{\"@id\":\"https:\\\/\\\/nordlinekumblustunnid.ee\\\/et\\\/toode\\\/kumblustunn-round-22\\\/#primaryimage\"},\"thumbnailUrl\":\"https:\\\/\\\/nordlinekumblustunnid.ee\\\/wp-content\\\/uploads\\\/2023\\\/03\\\/Kumblustunn-Nordline-Round-22-umar.jpg\",\"datePublished\":\"2023-03-15T12:51:21+00:00\",\"dateModified\":\"2026-01-31T20:46:50+00:00\",\"description\":\"Sisaldab klaasfiibrist sisu, laudisest \u00fcmbrist, vee \u00e4ravoolu trappi ja puuk\u00fctte ahju. K\u00fcmblust\u00fcnn on koheselt valmis kasutamiseks.\",\"breadcrumb\":{\"@id\":\"https:\\\/\\\/nordlinekumblustunnid.ee\\\/et\\\/toode\\\/kumblustunn-round-22\\\/#breadcrumb\"},\"inLanguage\":\"et\",\"potentialAction\":[{\"@type\":\"ReadAction\",\"target\":[\"https:\\\/\\\/nordlinekumblustunnid.ee\\\/et\\\/toode\\\/kumblustunn-round-22\\\/\"]}]},{\"@type\":\"ImageObject\",\"inLanguage\":\"et\",\"@id\":\"https:\\\/\\\/nordlinekumblustunnid.ee\\\/et\\\/toode\\\/kumblustunn-round-22\\\/#primaryimage\",\"url\":\"https:\\\/\\\/nordlinekumblustunnid.ee\\\/wp-content\\\/uploads\\\/2023\\\/03\\\/Kumblustunn-Nordline-Round-22-umar.jpg\",\"contentUrl\":\"https:\\\/\\\/nordlinekumblustunnid.ee\\\/wp-content\\\/uploads\\\/2023\\\/03\\\/Kumblustunn-Nordline-Round-22-umar.jpg\",\"width\":1000,\"height\":1000,\"caption\":\"K\u00fcmblust\u00fcnn Nordline Round 22 \u00fcmar\"},{\"@type\":\"BreadcrumbList\",\"@id\":\"https:\\\/\\\/nordlinekumblustunnid.ee\\\/et\\\/toode\\\/kumblustunn-round-22\\\/#breadcrumb\",\"itemListElement\":[{\"@type\":\"ListItem\",\"position\":1,\"name\":\"Home\",\"item\":\"https:\\\/\\\/nordlinekumblustunnid.ee\\\/et\\\/\"},{\"@type\":\"ListItem\",\"position\":2,\"name\":\"Pood\",\"item\":\"https:\\\/\\\/nordlinekumblustunnid.ee\\\/et\\\/pood\\\/\"},{\"@type\":\"ListItem\",\"position\":3,\"name\":\"K\u00fcmblust\u00fcnn Round 22\"}]},{\"@type\":\"WebSite\",\"@id\":\"https:\\\/\\\/nordlinekumblustunnid.ee\\\/et\\\/#website\",\"url\":\"https:\\\/\\\/nordlinekumblustunnid.ee\\\/et\\\/\",\"name\":\"NordLine k\u00fcmblust\u00fcnnide tootja\",\"description\":\"\",\"potentialAction\":[{\"@type\":\"SearchAction\",\"target\":{\"@type\":\"EntryPoint\",\"urlTemplate\":\"https:\\\/\\\/nordlinekumblustunnid.ee\\\/et\\\/?s={search_term_string}\"},\"query-input\":{\"@type\":\"PropertyValueSpecification\",\"valueRequired\":true,\"valueName\":\"search_term_string\"}}],\"inLanguage\":\"et\"}]}<\/script>\n<!-- \/ Yoast SEO plugin. -->","yoast_head_json":{"title":"K\u00dcMBLUST\u00dcNN NORDLINE COMPACT - v\u00e4ga mugav ja tugev","description":"Sisaldab klaasfiibrist sisu, laudisest \u00fcmbrist, vee \u00e4ravoolu trappi ja puuk\u00fctte ahju. K\u00fcmblust\u00fcnn on koheselt valmis kasutamiseks.","robots":{"index":"index","follow":"follow","max-snippet":"max-snippet:-1","max-image-preview":"max-image-preview:large","max-video-preview":"max-video-preview:-1"},"canonical":"https:\/\/nordlinekumblustunnid.ee\/et\/toode\/kumblustunn-round-22\/","og_locale":"et_EE","og_type":"article","og_title":"K\u00dcMBLUST\u00dcNN NORDLINE COMPACT - v\u00e4ga mugav ja tugev","og_description":"Sisaldab klaasfiibrist sisu, laudisest \u00fcmbrist, vee \u00e4ravoolu trappi ja puuk\u00fctte ahju. K\u00fcmblust\u00fcnn on koheselt valmis kasutamiseks.","og_url":"https:\/\/nordlinekumblustunnid.ee\/et\/toode\/kumblustunn-round-22\/","og_site_name":"NordLine k\u00fcmblust\u00fcnnide tootja","article_publisher":"https:\/\/www.facebook.com\/nordlineboats","article_modified_time":"2026-01-31T20:46:50+00:00","og_image":[{"width":1000,"height":1000,"url":"https:\/\/nordlinekumblustunnid.ee\/wp-content\/uploads\/2023\/03\/Kumblustunn-Nordline-Round-22-umar.jpg","type":"image\/jpeg"}],"twitter_card":"summary_large_image","twitter_misc":{"Est. reading time":"2 minutit"},"schema":{"@context":"https:\/\/schema.org","@graph":[{"@type":"WebPage","@id":"https:\/\/nordlinekumblustunnid.ee\/et\/toode\/kumblustunn-round-22\/","url":"https:\/\/nordlinekumblustunnid.ee\/et\/toode\/kumblustunn-round-22\/","name":"K\u00dcMBLUST\u00dcNN NORDLINE COMPACT - v\u00e4ga mugav ja tugev","isPartOf":{"@id":"https:\/\/nordlinekumblustunnid.ee\/et\/#website"},"primaryImageOfPage":{"@id":"https:\/\/nordlinekumblustunnid.ee\/et\/toode\/kumblustunn-round-22\/#primaryimage"},"image":{"@id":"https:\/\/nordlinekumblustunnid.ee\/et\/toode\/kumblustunn-round-22\/#primaryimage"},"thumbnailUrl":"https:\/\/nordlinekumblustunnid.ee\/wp-content\/uploads\/2023\/03\/Kumblustunn-Nordline-Round-22-umar.jpg","datePublished":"2023-03-15T12:51:21+00:00","dateModified":"2026-01-31T20:46:50+00:00","description":"Sisaldab klaasfiibrist sisu, laudisest \u00fcmbrist, vee \u00e4ravoolu trappi ja puuk\u00fctte ahju. K\u00fcmblust\u00fcnn on koheselt valmis kasutamiseks.","breadcrumb":{"@id":"https:\/\/nordlinekumblustunnid.ee\/et\/toode\/kumblustunn-round-22\/#breadcrumb"},"inLanguage":"et","potentialAction":[{"@type":"ReadAction","target":["https:\/\/nordlinekumblustunnid.ee\/et\/toode\/kumblustunn-round-22\/"]}]},{"@type":"ImageObject","inLanguage":"et","@id":"https:\/\/nordlinekumblustunnid.ee\/et\/toode\/kumblustunn-round-22\/#primaryimage","url":"https:\/\/nordlinekumblustunnid.ee\/wp-content\/uploads\/2023\/03\/Kumblustunn-Nordline-Round-22-umar.jpg","contentUrl":"https:\/\/nordlinekumblustunnid.ee\/wp-content\/uploads\/2023\/03\/Kumblustunn-Nordline-Round-22-umar.jpg","width":1000,"height":1000,"caption":"K\u00fcmblust\u00fcnn Nordline Round 22 \u00fcmar"},{"@type":"BreadcrumbList","@id":"https:\/\/nordlinekumblustunnid.ee\/et\/toode\/kumblustunn-round-22\/#breadcrumb","itemListElement":[{"@type":"ListItem","position":1,"name":"Home","item":"https:\/\/nordlinekumblustunnid.ee\/et\/"},{"@type":"ListItem","position":2,"name":"Pood","item":"https:\/\/nordlinekumblustunnid.ee\/et\/pood\/"},{"@type":"ListItem","position":3,"name":"K\u00fcmblust\u00fcnn Round 22"}]},{"@type":"WebSite","@id":"https:\/\/nordlinekumblustunnid.ee\/et\/#website","url":"https:\/\/nordlinekumblustunnid.ee\/et\/","name":"NordLine k\u00fcmblust\u00fcnnide tootja","description":"","potentialAction":[{"@type":"SearchAction","target":{"@type":"EntryPoint","urlTemplate":"https:\/\/nordlinekumblustunnid.ee\/et\/?s={search_term_string}"},"query-input":{"@type":"PropertyValueSpecification","valueRequired":true,"valueName":"search_term_string"}}],"inLanguage":"et"}]}},"taxonomy_info":{"product_cat":[{"value":29,"label":"K\u00fcmblust\u00fcnnid"}]},"featured_image_src_large":["https:\/\/nordlinekumblustunnid.ee\/wp-content\/uploads\/2023\/03\/Kumblustunn-Nordline-Round-22-umar.jpg",1000,1000,false],"author_info":[],"comment_info":"","_links":{"self":[{"href":"https:\/\/nordlinekumblustunnid.ee\/et\/wp-json\/wp\/v2\/product\/6699","targetHints":{"allow":["GET"]}}],"collection":[{"href":"https:\/\/nordlinekumblustunnid.ee\/et\/wp-json\/wp\/v2\/product"}],"about":[{"href":"https:\/\/nordlinekumblustunnid.ee\/et\/wp-json\/wp\/v2\/types\/product"}],"wp:featuredmedia":[{"embeddable":true,"href":"https:\/\/nordlinekumblustunnid.ee\/et\/wp-json\/wp\/v2\/media\/6703"}],"wp:attachment":[{"href":"https:\/\/nordlinekumblustunnid.ee\/et\/wp-json\/wp\/v2\/media?parent=6699"}],"wp:term":[{"taxonomy":"product_brand","embeddable":true,"href":"https:\/\/nordlinekumblustunnid.ee\/et\/wp-json\/wp\/v2\/product_brand?post=6699"},{"taxonomy":"product_cat","embeddable":true,"href":"https:\/\/nordlinekumblustunnid.ee\/et\/wp-json\/wp\/v2\/product_cat?post=6699"},{"taxonomy":"product_tag","embeddable":true,"href":"https:\/\/nordlinekumblustunnid.ee\/et\/wp-json\/wp\/v2\/product_tag?post=6699"}],"curies":[{"name":"wp","href":"https:\/\/api.w.org\/{rel}","templated":true}]}}