{"id":6754,"date":"2023-03-16T11:35:23","date_gmt":"2023-03-16T09:35:23","guid":{"rendered":"https:\/\/nordlinekumblustunnid.ee\/?post_type=product&#038;p=6754"},"modified":"2025-09-15T15:50:14","modified_gmt":"2025-09-15T12:50:14","slug":"kumblustunni-massaazisusteem","status":"publish","type":"product","link":"https:\/\/nordlinekumblustunnid.ee\/et\/toode\/kumblustunni-massaazisusteem\/","title":{"rendered":"K\u00fcmblust\u00fcnni massaa\u017eis\u00fcsteem"},"content":{"rendered":"<h1>K\u00fcmblust\u00fcnni massaa\u017eis\u00fcsteem<\/h1>\n<p>K\u00fcmblust\u00fcnni massaa\u017eis\u00fcsteem on v\u00e4ga luksuslik lahendus, mis muudab k\u00fcmblust\u00fcnnis aja veetmise spa naudingu sarnaseks. 8 d\u00fc\u00fcsiga v\u00f5imas s\u00fcsteem tagab vee korraliku liikumise k\u00fcmblust\u00fcnni igas punktis.<\/p>\n<h2>Komplekti kuuluvad:<\/h2>\n<p>D\u00fc\u00fcsid 8tk<br \/>\n\u00d5hukompressor<br \/>\nVoolikud<br \/>\nSurvel\u00fclitid<\/p>\n","protected":false},"excerpt":{"rendered":"<p>K\u00fcmblust\u00fcnni massaa\u017eis\u00fcsteem K\u00fcmblust\u00fcnni massaa\u017eis\u00fcsteem on v\u00e4ga luksuslik lahendus, mis muudab k\u00fcmblust\u00fcnnis aja veetmise spa naudingu sarnaseks. 8 d\u00fc\u00fcsiga v\u00f5imas s\u00fcsteem tagab vee korraliku liikumise k\u00fcmblust\u00fcnni igas punktis. Komplekti kuuluvad: D\u00fc\u00fcsid 8tk \u00d5hukompressor Voolikud Survel\u00fclitid<\/p>\n","protected":false},"featured_media":6756,"template":"","meta":{"_kad_blocks_custom_css":"","_kad_blocks_head_custom_js":"","_kad_blocks_body_custom_js":"","_kad_blocks_footer_custom_js":"","_kad_post_transparent":"default","_kad_post_title":"","_kad_post_layout":"default","_kad_post_sidebar_id":"","_kad_post_content_style":"default","_kad_post_vertical_padding":"default","_kad_post_feature":"","_kad_post_feature_position":"","_kad_post_header":false,"_kad_post_footer":false,"_kad_post_classname":""},"product_brand":[],"product_cat":[207],"product_tag":[],"class_list":{"0":"post-6754","1":"product","2":"type-product","3":"status-publish","4":"has-post-thumbnail","6":"product_cat-kumblustunni-lisad","7":"tm-has-options","9":"first","10":"onbackorder","11":"sale","12":"taxable","13":"shipping-taxable","14":"purchasable","15":"product-type-simple","16":"entry","17":"content-bg","18":"loop-entry"},"yoast_head":"<!-- This site is optimized with the Yoast SEO plugin v27.5 - https:\/\/yoast.com\/product\/yoast-seo-wordpress\/ -->\n<title>K\u00fcmblust\u00fcnni massaa\u017eis\u00fcsteem - v\u00f5imas 8 d\u00fc\u00fcsiga lahendus %<\/title>\n<meta name=\"description\" content=\"K\u00fcmblust\u00fcnni massaa\u017eis\u00fcsteem on komplektne 8 d\u00fc\u00fcsiga v\u00f5imsa kompressoriga lahendus. Komplekt sisaldab k\u00f5ike vajalikku paigalduseks.\" \/>\n<meta name=\"robots\" content=\"index, follow, max-snippet:-1, max-image-preview:large, max-video-preview:-1\" \/>\n<link rel=\"canonical\" href=\"https:\/\/nordlinekumblustunnid.ee\/et\/toode\/kumblustunni-massaazisusteem\/\" \/>\n<meta property=\"og:locale\" content=\"et_EE\" \/>\n<meta property=\"og:type\" content=\"article\" \/>\n<meta property=\"og:title\" content=\"K\u00fcmblust\u00fcnni massaa\u017eis\u00fcsteem - v\u00f5imas 8 d\u00fc\u00fcsiga lahendus %\" \/>\n<meta property=\"og:description\" content=\"K\u00fcmblust\u00fcnni massaa\u017eis\u00fcsteem on komplektne 8 d\u00fc\u00fcsiga v\u00f5imsa kompressoriga lahendus. Komplekt sisaldab k\u00f5ike vajalikku paigalduseks.\" \/>\n<meta property=\"og:url\" content=\"https:\/\/nordlinekumblustunnid.ee\/et\/toode\/kumblustunni-massaazisusteem\/\" \/>\n<meta property=\"og:site_name\" content=\"NordLine k\u00fcmblust\u00fcnnide tootja\" \/>\n<meta property=\"article:publisher\" content=\"https:\/\/www.facebook.com\/nordlineboats\" \/>\n<meta property=\"article:modified_time\" content=\"2025-09-15T12:50:14+00:00\" \/>\n<meta property=\"og:image\" content=\"https:\/\/nordlinekumblustunnid.ee\/wp-content\/uploads\/2023\/03\/Kumblustunni-massazisusteem-Nordline.jpg\" \/>\n\t<meta property=\"og:image:width\" content=\"1280\" \/>\n\t<meta property=\"og:image:height\" content=\"899\" \/>\n\t<meta property=\"og:image:type\" content=\"image\/jpeg\" \/>\n<meta name=\"twitter:card\" content=\"summary_large_image\" \/>\n<meta name=\"twitter:label1\" content=\"Est. reading time\" \/>\n\t<meta name=\"twitter:data1\" content=\"1 minut\" \/>\n<script type=\"application\/ld+json\" class=\"yoast-schema-graph\">{\"@context\":\"https:\\\/\\\/schema.org\",\"@graph\":[{\"@type\":\"WebPage\",\"@id\":\"https:\\\/\\\/nordlinekumblustunnid.ee\\\/et\\\/toode\\\/kumblustunni-massaazisusteem\\\/\",\"url\":\"https:\\\/\\\/nordlinekumblustunnid.ee\\\/et\\\/toode\\\/kumblustunni-massaazisusteem\\\/\",\"name\":\"K\u00fcmblust\u00fcnni massaa\u017eis\u00fcsteem - v\u00f5imas 8 d\u00fc\u00fcsiga lahendus %\",\"isPartOf\":{\"@id\":\"https:\\\/\\\/nordlinekumblustunnid.ee\\\/et\\\/#website\"},\"primaryImageOfPage\":{\"@id\":\"https:\\\/\\\/nordlinekumblustunnid.ee\\\/et\\\/toode\\\/kumblustunni-massaazisusteem\\\/#primaryimage\"},\"image\":{\"@id\":\"https:\\\/\\\/nordlinekumblustunnid.ee\\\/et\\\/toode\\\/kumblustunni-massaazisusteem\\\/#primaryimage\"},\"thumbnailUrl\":\"https:\\\/\\\/nordlinekumblustunnid.ee\\\/wp-content\\\/uploads\\\/2023\\\/03\\\/Kumblustunni-massazisusteem-Nordline.jpg\",\"datePublished\":\"2023-03-16T09:35:23+00:00\",\"dateModified\":\"2025-09-15T12:50:14+00:00\",\"description\":\"K\u00fcmblust\u00fcnni massaa\u017eis\u00fcsteem on komplektne 8 d\u00fc\u00fcsiga v\u00f5imsa kompressoriga lahendus. Komplekt sisaldab k\u00f5ike vajalikku paigalduseks.\",\"breadcrumb\":{\"@id\":\"https:\\\/\\\/nordlinekumblustunnid.ee\\\/et\\\/toode\\\/kumblustunni-massaazisusteem\\\/#breadcrumb\"},\"inLanguage\":\"et\",\"potentialAction\":[{\"@type\":\"ReadAction\",\"target\":[\"https:\\\/\\\/nordlinekumblustunnid.ee\\\/et\\\/toode\\\/kumblustunni-massaazisusteem\\\/\"]}]},{\"@type\":\"ImageObject\",\"inLanguage\":\"et\",\"@id\":\"https:\\\/\\\/nordlinekumblustunnid.ee\\\/et\\\/toode\\\/kumblustunni-massaazisusteem\\\/#primaryimage\",\"url\":\"https:\\\/\\\/nordlinekumblustunnid.ee\\\/wp-content\\\/uploads\\\/2023\\\/03\\\/Kumblustunni-massazisusteem-Nordline.jpg\",\"contentUrl\":\"https:\\\/\\\/nordlinekumblustunnid.ee\\\/wp-content\\\/uploads\\\/2023\\\/03\\\/Kumblustunni-massazisusteem-Nordline.jpg\",\"width\":1280,\"height\":899,\"caption\":\"K\u00fcmblust\u00fcnni massa\u017eis\u00fcsteem Nordline\"},{\"@type\":\"BreadcrumbList\",\"@id\":\"https:\\\/\\\/nordlinekumblustunnid.ee\\\/et\\\/toode\\\/kumblustunni-massaazisusteem\\\/#breadcrumb\",\"itemListElement\":[{\"@type\":\"ListItem\",\"position\":1,\"name\":\"Home\",\"item\":\"https:\\\/\\\/nordlinekumblustunnid.ee\\\/et\\\/\"},{\"@type\":\"ListItem\",\"position\":2,\"name\":\"Pood\",\"item\":\"https:\\\/\\\/nordlinekumblustunnid.ee\\\/et\\\/pood\\\/\"},{\"@type\":\"ListItem\",\"position\":3,\"name\":\"K\u00fcmblust\u00fcnni massaa\u017eis\u00fcsteem\"}]},{\"@type\":\"WebSite\",\"@id\":\"https:\\\/\\\/nordlinekumblustunnid.ee\\\/et\\\/#website\",\"url\":\"https:\\\/\\\/nordlinekumblustunnid.ee\\\/et\\\/\",\"name\":\"NordLine k\u00fcmblust\u00fcnnide tootja\",\"description\":\"\",\"potentialAction\":[{\"@type\":\"SearchAction\",\"target\":{\"@type\":\"EntryPoint\",\"urlTemplate\":\"https:\\\/\\\/nordlinekumblustunnid.ee\\\/et\\\/?s={search_term_string}\"},\"query-input\":{\"@type\":\"PropertyValueSpecification\",\"valueRequired\":true,\"valueName\":\"search_term_string\"}}],\"inLanguage\":\"et\"}]}<\/script>\n<!-- \/ Yoast SEO plugin. -->","yoast_head_json":{"title":"K\u00fcmblust\u00fcnni massaa\u017eis\u00fcsteem - v\u00f5imas 8 d\u00fc\u00fcsiga lahendus %","description":"K\u00fcmblust\u00fcnni massaa\u017eis\u00fcsteem on komplektne 8 d\u00fc\u00fcsiga v\u00f5imsa kompressoriga lahendus. Komplekt sisaldab k\u00f5ike vajalikku paigalduseks.","robots":{"index":"index","follow":"follow","max-snippet":"max-snippet:-1","max-image-preview":"max-image-preview:large","max-video-preview":"max-video-preview:-1"},"canonical":"https:\/\/nordlinekumblustunnid.ee\/et\/toode\/kumblustunni-massaazisusteem\/","og_locale":"et_EE","og_type":"article","og_title":"K\u00fcmblust\u00fcnni massaa\u017eis\u00fcsteem - v\u00f5imas 8 d\u00fc\u00fcsiga lahendus %","og_description":"K\u00fcmblust\u00fcnni massaa\u017eis\u00fcsteem on komplektne 8 d\u00fc\u00fcsiga v\u00f5imsa kompressoriga lahendus. Komplekt sisaldab k\u00f5ike vajalikku paigalduseks.","og_url":"https:\/\/nordlinekumblustunnid.ee\/et\/toode\/kumblustunni-massaazisusteem\/","og_site_name":"NordLine k\u00fcmblust\u00fcnnide tootja","article_publisher":"https:\/\/www.facebook.com\/nordlineboats","article_modified_time":"2025-09-15T12:50:14+00:00","og_image":[{"width":1280,"height":899,"url":"https:\/\/nordlinekumblustunnid.ee\/wp-content\/uploads\/2023\/03\/Kumblustunni-massazisusteem-Nordline.jpg","type":"image\/jpeg"}],"twitter_card":"summary_large_image","twitter_misc":{"Est. reading time":"1 minut"},"schema":{"@context":"https:\/\/schema.org","@graph":[{"@type":"WebPage","@id":"https:\/\/nordlinekumblustunnid.ee\/et\/toode\/kumblustunni-massaazisusteem\/","url":"https:\/\/nordlinekumblustunnid.ee\/et\/toode\/kumblustunni-massaazisusteem\/","name":"K\u00fcmblust\u00fcnni massaa\u017eis\u00fcsteem - v\u00f5imas 8 d\u00fc\u00fcsiga lahendus %","isPartOf":{"@id":"https:\/\/nordlinekumblustunnid.ee\/et\/#website"},"primaryImageOfPage":{"@id":"https:\/\/nordlinekumblustunnid.ee\/et\/toode\/kumblustunni-massaazisusteem\/#primaryimage"},"image":{"@id":"https:\/\/nordlinekumblustunnid.ee\/et\/toode\/kumblustunni-massaazisusteem\/#primaryimage"},"thumbnailUrl":"https:\/\/nordlinekumblustunnid.ee\/wp-content\/uploads\/2023\/03\/Kumblustunni-massazisusteem-Nordline.jpg","datePublished":"2023-03-16T09:35:23+00:00","dateModified":"2025-09-15T12:50:14+00:00","description":"K\u00fcmblust\u00fcnni massaa\u017eis\u00fcsteem on komplektne 8 d\u00fc\u00fcsiga v\u00f5imsa kompressoriga lahendus. Komplekt sisaldab k\u00f5ike vajalikku paigalduseks.","breadcrumb":{"@id":"https:\/\/nordlinekumblustunnid.ee\/et\/toode\/kumblustunni-massaazisusteem\/#breadcrumb"},"inLanguage":"et","potentialAction":[{"@type":"ReadAction","target":["https:\/\/nordlinekumblustunnid.ee\/et\/toode\/kumblustunni-massaazisusteem\/"]}]},{"@type":"ImageObject","inLanguage":"et","@id":"https:\/\/nordlinekumblustunnid.ee\/et\/toode\/kumblustunni-massaazisusteem\/#primaryimage","url":"https:\/\/nordlinekumblustunnid.ee\/wp-content\/uploads\/2023\/03\/Kumblustunni-massazisusteem-Nordline.jpg","contentUrl":"https:\/\/nordlinekumblustunnid.ee\/wp-content\/uploads\/2023\/03\/Kumblustunni-massazisusteem-Nordline.jpg","width":1280,"height":899,"caption":"K\u00fcmblust\u00fcnni massa\u017eis\u00fcsteem Nordline"},{"@type":"BreadcrumbList","@id":"https:\/\/nordlinekumblustunnid.ee\/et\/toode\/kumblustunni-massaazisusteem\/#breadcrumb","itemListElement":[{"@type":"ListItem","position":1,"name":"Home","item":"https:\/\/nordlinekumblustunnid.ee\/et\/"},{"@type":"ListItem","position":2,"name":"Pood","item":"https:\/\/nordlinekumblustunnid.ee\/et\/pood\/"},{"@type":"ListItem","position":3,"name":"K\u00fcmblust\u00fcnni massaa\u017eis\u00fcsteem"}]},{"@type":"WebSite","@id":"https:\/\/nordlinekumblustunnid.ee\/et\/#website","url":"https:\/\/nordlinekumblustunnid.ee\/et\/","name":"NordLine k\u00fcmblust\u00fcnnide tootja","description":"","potentialAction":[{"@type":"SearchAction","target":{"@type":"EntryPoint","urlTemplate":"https:\/\/nordlinekumblustunnid.ee\/et\/?s={search_term_string}"},"query-input":{"@type":"PropertyValueSpecification","valueRequired":true,"valueName":"search_term_string"}}],"inLanguage":"et"}]}},"taxonomy_info":{"product_cat":[{"value":207,"label":"K\u00fcmblust\u00fcnni lisad"}]},"featured_image_src_large":["https:\/\/nordlinekumblustunnid.ee\/wp-content\/uploads\/2023\/03\/Kumblustunni-massazisusteem-Nordline-1024x719.jpg",1024,719,true],"author_info":[],"comment_info":"","_links":{"self":[{"href":"https:\/\/nordlinekumblustunnid.ee\/et\/wp-json\/wp\/v2\/product\/6754","targetHints":{"allow":["GET"]}}],"collection":[{"href":"https:\/\/nordlinekumblustunnid.ee\/et\/wp-json\/wp\/v2\/product"}],"about":[{"href":"https:\/\/nordlinekumblustunnid.ee\/et\/wp-json\/wp\/v2\/types\/product"}],"wp:featuredmedia":[{"embeddable":true,"href":"https:\/\/nordlinekumblustunnid.ee\/et\/wp-json\/wp\/v2\/media\/6756"}],"wp:attachment":[{"href":"https:\/\/nordlinekumblustunnid.ee\/et\/wp-json\/wp\/v2\/media?parent=6754"}],"wp:term":[{"taxonomy":"product_brand","embeddable":true,"href":"https:\/\/nordlinekumblustunnid.ee\/et\/wp-json\/wp\/v2\/product_brand?post=6754"},{"taxonomy":"product_cat","embeddable":true,"href":"https:\/\/nordlinekumblustunnid.ee\/et\/wp-json\/wp\/v2\/product_cat?post=6754"},{"taxonomy":"product_tag","embeddable":true,"href":"https:\/\/nordlinekumblustunnid.ee\/et\/wp-json\/wp\/v2\/product_tag?post=6754"}],"curies":[{"name":"wp","href":"https:\/\/api.w.org\/{rel}","templated":true}]}}