{"id":6853,"date":"2023-11-27T09:21:01","date_gmt":"2023-11-27T07:21:01","guid":{"rendered":"https:\/\/nordlinekumblustunnid.ee\/?post_type=product&#038;p=6853"},"modified":"2023-11-27T10:14:19","modified_gmt":"2023-11-27T08:14:19","slug":"kumblustunni-rent","status":"publish","type":"product","link":"https:\/\/nordlinekumblustunnid.ee\/et\/toode\/kumblustunni-rent\/","title":{"rendered":"K\u00fcmblust\u00fcnni rent"},"content":{"rendered":"<h1>K\u00fcmblust\u00fcnn<\/h1>\n<p>K\u00fcmblust\u00fcnn on suur ja mahukas kasutamiseks kuni 10 inimesele. Seda on v\u00e4ga mugav transportida ja v\u00f5in maanteel s\u00f5ita t\u00e4iesti tavalise kiirusega.<\/p>\n<p>Selle komplekti eeliseks on v\u00e4ga luksuslik lisavarustus. Mullis\u00fcsteem koos LED valgustusega teeb olemise m\u00f5nusaks ja nauditavaks, eriti pimedal ajal. Stereos\u00fcsteemi saate kasutada nii raadiona, kui \u00fchendada bluetoothi abil oma telefoniga.<\/p>\n<p>Suur 35kW ahi k\u00fctab t\u00fcnni kiirelt ja hoiab kaua temperatuuri. Kogu k\u00fcmblust\u00fcnn on soojustatud ja seega soe ka veel j\u00e4rgmisel p\u00e4eval.<\/p>\n<h2>Komplekti kuulub:<\/h2>\n<ul>\n<li>Haagisel k\u00fcmblust\u00fcnn<\/li>\n<li>Mullis\u00fcsteem<\/li>\n<li>LED valgustus<\/li>\n<li>Stereo s\u00fcsteem<\/li>\n<li>Puuk\u00fctteahi<\/li>\n<\/ul>\n<p>K\u00fcmblust\u00fcnni saate k\u00e4tte ja tagastada E-R 10.00 &#8211; 17.00<\/p>\n<p><strong style=\"font-family: var(--global-body-font-family);\">Helista 50 55 152 v\u00f5i kirjuta meile info@nordlinekumblustunnid.ee \u00a0Vastame sulle esimesel v\u00f5imalusel.<\/strong><\/p>\n<div class=\"pooleks\">\n<p>&nbsp;<\/p>\n<\/div>\n","protected":false},"excerpt":{"rendered":"<p>K\u00fcmblust\u00fcnni varustuses on:<br \/>\n* mullis\u00fcsteem<br \/>\n* LED valgustus<br \/>\n* stereos\u00fcsteem<br \/>\n* puiduk\u00fctteahi<\/p>\n","protected":false},"featured_media":6859,"template":"","meta":{"_kad_blocks_custom_css":"","_kad_blocks_head_custom_js":"","_kad_blocks_body_custom_js":"","_kad_blocks_footer_custom_js":"","_kad_post_transparent":"default","_kad_post_title":"","_kad_post_layout":"default","_kad_post_sidebar_id":"","_kad_post_content_style":"default","_kad_post_vertical_padding":"default","_kad_post_feature":"","_kad_post_feature_position":"","_kad_post_header":false,"_kad_post_footer":false,"_kad_post_classname":""},"product_brand":[],"product_cat":[111],"product_tag":[],"class_list":{"0":"post-6853","1":"product","2":"type-product","3":"status-publish","4":"has-post-thumbnail","6":"product_cat-uncategorized-et","7":"product_shipping_class-kaup-mis-ei-mahu-euroalusele","8":"tm-has-options","10":"first","11":"instock","12":"taxable","13":"shipping-taxable","14":"purchasable","15":"product-type-simple","16":"entry","17":"content-bg","18":"loop-entry"},"yoast_head":"<!-- This site is optimized with the Yoast SEO plugin v27.5 - https:\/\/yoast.com\/product\/yoast-seo-wordpress\/ -->\n<title>K\u00dcMBLUST\u00dcNNI RENT TARTUS - v\u00e4ga suur ja paljude lisadega!<\/title>\n<meta name=\"description\" content=\"K\u00fcmblust\u00fcnnil on mullis\u00fcsteem, LED valgustus, stereos\u00fcsteem blutooth \u00fchendusega, puiduk\u00fctteahi. K\u00fcmblust\u00fcnn mahutab kuni 10 inimest.\" \/>\n<meta name=\"robots\" content=\"index, follow, max-snippet:-1, max-image-preview:large, max-video-preview:-1\" \/>\n<link rel=\"canonical\" href=\"https:\/\/nordlinekumblustunnid.ee\/et\/toode\/kumblustunni-rent\/\" \/>\n<meta property=\"og:locale\" content=\"et_EE\" \/>\n<meta property=\"og:type\" content=\"article\" \/>\n<meta property=\"og:title\" content=\"K\u00dcMBLUST\u00dcNNI RENT TARTUS - v\u00e4ga suur ja paljude lisadega!\" \/>\n<meta property=\"og:description\" content=\"K\u00fcmblust\u00fcnnil on mullis\u00fcsteem, LED valgustus, stereos\u00fcsteem blutooth \u00fchendusega, puiduk\u00fctteahi. K\u00fcmblust\u00fcnn mahutab kuni 10 inimest.\" \/>\n<meta property=\"og:url\" content=\"https:\/\/nordlinekumblustunnid.ee\/et\/toode\/kumblustunni-rent\/\" \/>\n<meta property=\"og:site_name\" content=\"NordLine k\u00fcmblust\u00fcnnide tootja\" \/>\n<meta property=\"article:publisher\" content=\"https:\/\/www.facebook.com\/nordlineboats\" \/>\n<meta property=\"article:modified_time\" content=\"2023-11-27T08:14:19+00:00\" \/>\n<meta property=\"og:image\" content=\"https:\/\/nordlinekumblustunnid.ee\/wp-content\/uploads\/2023\/11\/2023-10-21-11.24.22.jpg\" \/>\n\t<meta property=\"og:image:width\" content=\"1280\" \/>\n\t<meta property=\"og:image:height\" content=\"747\" \/>\n\t<meta property=\"og:image:type\" content=\"image\/jpeg\" \/>\n<meta name=\"twitter:card\" content=\"summary_large_image\" \/>\n<meta name=\"twitter:label1\" content=\"Est. reading time\" \/>\n\t<meta name=\"twitter:data1\" content=\"1 minut\" \/>\n<script type=\"application\/ld+json\" class=\"yoast-schema-graph\">{\"@context\":\"https:\\\/\\\/schema.org\",\"@graph\":[{\"@type\":\"WebPage\",\"@id\":\"https:\\\/\\\/nordlinekumblustunnid.ee\\\/et\\\/toode\\\/kumblustunni-rent\\\/\",\"url\":\"https:\\\/\\\/nordlinekumblustunnid.ee\\\/et\\\/toode\\\/kumblustunni-rent\\\/\",\"name\":\"K\u00dcMBLUST\u00dcNNI RENT TARTUS - v\u00e4ga suur ja paljude lisadega!\",\"isPartOf\":{\"@id\":\"https:\\\/\\\/nordlinekumblustunnid.ee\\\/et\\\/#website\"},\"primaryImageOfPage\":{\"@id\":\"https:\\\/\\\/nordlinekumblustunnid.ee\\\/et\\\/toode\\\/kumblustunni-rent\\\/#primaryimage\"},\"image\":{\"@id\":\"https:\\\/\\\/nordlinekumblustunnid.ee\\\/et\\\/toode\\\/kumblustunni-rent\\\/#primaryimage\"},\"thumbnailUrl\":\"https:\\\/\\\/nordlinekumblustunnid.ee\\\/wp-content\\\/uploads\\\/2023\\\/11\\\/2023-10-21-11.24.22.jpg\",\"datePublished\":\"2023-11-27T07:21:01+00:00\",\"dateModified\":\"2023-11-27T08:14:19+00:00\",\"description\":\"K\u00fcmblust\u00fcnnil on mullis\u00fcsteem, LED valgustus, stereos\u00fcsteem blutooth \u00fchendusega, puiduk\u00fctteahi. K\u00fcmblust\u00fcnn mahutab kuni 10 inimest.\",\"breadcrumb\":{\"@id\":\"https:\\\/\\\/nordlinekumblustunnid.ee\\\/et\\\/toode\\\/kumblustunni-rent\\\/#breadcrumb\"},\"inLanguage\":\"et\",\"potentialAction\":[{\"@type\":\"ReadAction\",\"target\":[\"https:\\\/\\\/nordlinekumblustunnid.ee\\\/et\\\/toode\\\/kumblustunni-rent\\\/\"]}]},{\"@type\":\"ImageObject\",\"inLanguage\":\"et\",\"@id\":\"https:\\\/\\\/nordlinekumblustunnid.ee\\\/et\\\/toode\\\/kumblustunni-rent\\\/#primaryimage\",\"url\":\"https:\\\/\\\/nordlinekumblustunnid.ee\\\/wp-content\\\/uploads\\\/2023\\\/11\\\/2023-10-21-11.24.22.jpg\",\"contentUrl\":\"https:\\\/\\\/nordlinekumblustunnid.ee\\\/wp-content\\\/uploads\\\/2023\\\/11\\\/2023-10-21-11.24.22.jpg\",\"width\":1280,\"height\":747,\"caption\":\"K\u00fcmblust\u00fcnni rent Tartus\"},{\"@type\":\"BreadcrumbList\",\"@id\":\"https:\\\/\\\/nordlinekumblustunnid.ee\\\/et\\\/toode\\\/kumblustunni-rent\\\/#breadcrumb\",\"itemListElement\":[{\"@type\":\"ListItem\",\"position\":1,\"name\":\"Home\",\"item\":\"https:\\\/\\\/nordlinekumblustunnid.ee\\\/et\\\/\"},{\"@type\":\"ListItem\",\"position\":2,\"name\":\"Pood\",\"item\":\"https:\\\/\\\/nordlinekumblustunnid.ee\\\/et\\\/pood\\\/\"},{\"@type\":\"ListItem\",\"position\":3,\"name\":\"K\u00fcmblust\u00fcnni rent\"}]},{\"@type\":\"WebSite\",\"@id\":\"https:\\\/\\\/nordlinekumblustunnid.ee\\\/et\\\/#website\",\"url\":\"https:\\\/\\\/nordlinekumblustunnid.ee\\\/et\\\/\",\"name\":\"NordLine k\u00fcmblust\u00fcnnide tootja\",\"description\":\"\",\"potentialAction\":[{\"@type\":\"SearchAction\",\"target\":{\"@type\":\"EntryPoint\",\"urlTemplate\":\"https:\\\/\\\/nordlinekumblustunnid.ee\\\/et\\\/?s={search_term_string}\"},\"query-input\":{\"@type\":\"PropertyValueSpecification\",\"valueRequired\":true,\"valueName\":\"search_term_string\"}}],\"inLanguage\":\"et\"}]}<\/script>\n<!-- \/ Yoast SEO plugin. -->","yoast_head_json":{"title":"K\u00dcMBLUST\u00dcNNI RENT TARTUS - v\u00e4ga suur ja paljude lisadega!","description":"K\u00fcmblust\u00fcnnil on mullis\u00fcsteem, LED valgustus, stereos\u00fcsteem blutooth \u00fchendusega, puiduk\u00fctteahi. K\u00fcmblust\u00fcnn mahutab kuni 10 inimest.","robots":{"index":"index","follow":"follow","max-snippet":"max-snippet:-1","max-image-preview":"max-image-preview:large","max-video-preview":"max-video-preview:-1"},"canonical":"https:\/\/nordlinekumblustunnid.ee\/et\/toode\/kumblustunni-rent\/","og_locale":"et_EE","og_type":"article","og_title":"K\u00dcMBLUST\u00dcNNI RENT TARTUS - v\u00e4ga suur ja paljude lisadega!","og_description":"K\u00fcmblust\u00fcnnil on mullis\u00fcsteem, LED valgustus, stereos\u00fcsteem blutooth \u00fchendusega, puiduk\u00fctteahi. K\u00fcmblust\u00fcnn mahutab kuni 10 inimest.","og_url":"https:\/\/nordlinekumblustunnid.ee\/et\/toode\/kumblustunni-rent\/","og_site_name":"NordLine k\u00fcmblust\u00fcnnide tootja","article_publisher":"https:\/\/www.facebook.com\/nordlineboats","article_modified_time":"2023-11-27T08:14:19+00:00","og_image":[{"width":1280,"height":747,"url":"https:\/\/nordlinekumblustunnid.ee\/wp-content\/uploads\/2023\/11\/2023-10-21-11.24.22.jpg","type":"image\/jpeg"}],"twitter_card":"summary_large_image","twitter_misc":{"Est. reading time":"1 minut"},"schema":{"@context":"https:\/\/schema.org","@graph":[{"@type":"WebPage","@id":"https:\/\/nordlinekumblustunnid.ee\/et\/toode\/kumblustunni-rent\/","url":"https:\/\/nordlinekumblustunnid.ee\/et\/toode\/kumblustunni-rent\/","name":"K\u00dcMBLUST\u00dcNNI RENT TARTUS - v\u00e4ga suur ja paljude lisadega!","isPartOf":{"@id":"https:\/\/nordlinekumblustunnid.ee\/et\/#website"},"primaryImageOfPage":{"@id":"https:\/\/nordlinekumblustunnid.ee\/et\/toode\/kumblustunni-rent\/#primaryimage"},"image":{"@id":"https:\/\/nordlinekumblustunnid.ee\/et\/toode\/kumblustunni-rent\/#primaryimage"},"thumbnailUrl":"https:\/\/nordlinekumblustunnid.ee\/wp-content\/uploads\/2023\/11\/2023-10-21-11.24.22.jpg","datePublished":"2023-11-27T07:21:01+00:00","dateModified":"2023-11-27T08:14:19+00:00","description":"K\u00fcmblust\u00fcnnil on mullis\u00fcsteem, LED valgustus, stereos\u00fcsteem blutooth \u00fchendusega, puiduk\u00fctteahi. K\u00fcmblust\u00fcnn mahutab kuni 10 inimest.","breadcrumb":{"@id":"https:\/\/nordlinekumblustunnid.ee\/et\/toode\/kumblustunni-rent\/#breadcrumb"},"inLanguage":"et","potentialAction":[{"@type":"ReadAction","target":["https:\/\/nordlinekumblustunnid.ee\/et\/toode\/kumblustunni-rent\/"]}]},{"@type":"ImageObject","inLanguage":"et","@id":"https:\/\/nordlinekumblustunnid.ee\/et\/toode\/kumblustunni-rent\/#primaryimage","url":"https:\/\/nordlinekumblustunnid.ee\/wp-content\/uploads\/2023\/11\/2023-10-21-11.24.22.jpg","contentUrl":"https:\/\/nordlinekumblustunnid.ee\/wp-content\/uploads\/2023\/11\/2023-10-21-11.24.22.jpg","width":1280,"height":747,"caption":"K\u00fcmblust\u00fcnni rent Tartus"},{"@type":"BreadcrumbList","@id":"https:\/\/nordlinekumblustunnid.ee\/et\/toode\/kumblustunni-rent\/#breadcrumb","itemListElement":[{"@type":"ListItem","position":1,"name":"Home","item":"https:\/\/nordlinekumblustunnid.ee\/et\/"},{"@type":"ListItem","position":2,"name":"Pood","item":"https:\/\/nordlinekumblustunnid.ee\/et\/pood\/"},{"@type":"ListItem","position":3,"name":"K\u00fcmblust\u00fcnni rent"}]},{"@type":"WebSite","@id":"https:\/\/nordlinekumblustunnid.ee\/et\/#website","url":"https:\/\/nordlinekumblustunnid.ee\/et\/","name":"NordLine k\u00fcmblust\u00fcnnide tootja","description":"","potentialAction":[{"@type":"SearchAction","target":{"@type":"EntryPoint","urlTemplate":"https:\/\/nordlinekumblustunnid.ee\/et\/?s={search_term_string}"},"query-input":{"@type":"PropertyValueSpecification","valueRequired":true,"valueName":"search_term_string"}}],"inLanguage":"et"}]}},"taxonomy_info":{"product_cat":[{"value":111,"label":"Uncategorized @et"}]},"featured_image_src_large":["https:\/\/nordlinekumblustunnid.ee\/wp-content\/uploads\/2023\/11\/2023-10-21-11.24.22-1024x598.jpg",1024,598,true],"author_info":[],"comment_info":"","_links":{"self":[{"href":"https:\/\/nordlinekumblustunnid.ee\/et\/wp-json\/wp\/v2\/product\/6853","targetHints":{"allow":["GET"]}}],"collection":[{"href":"https:\/\/nordlinekumblustunnid.ee\/et\/wp-json\/wp\/v2\/product"}],"about":[{"href":"https:\/\/nordlinekumblustunnid.ee\/et\/wp-json\/wp\/v2\/types\/product"}],"wp:featuredmedia":[{"embeddable":true,"href":"https:\/\/nordlinekumblustunnid.ee\/et\/wp-json\/wp\/v2\/media\/6859"}],"wp:attachment":[{"href":"https:\/\/nordlinekumblustunnid.ee\/et\/wp-json\/wp\/v2\/media?parent=6853"}],"wp:term":[{"taxonomy":"product_brand","embeddable":true,"href":"https:\/\/nordlinekumblustunnid.ee\/et\/wp-json\/wp\/v2\/product_brand?post=6853"},{"taxonomy":"product_cat","embeddable":true,"href":"https:\/\/nordlinekumblustunnid.ee\/et\/wp-json\/wp\/v2\/product_cat?post=6853"},{"taxonomy":"product_tag","embeddable":true,"href":"https:\/\/nordlinekumblustunnid.ee\/et\/wp-json\/wp\/v2\/product_tag?post=6853"}],"curies":[{"name":"wp","href":"https:\/\/api.w.org\/{rel}","templated":true}]}}