{"id":6925,"date":"2024-09-06T09:06:15","date_gmt":"2024-09-06T06:06:15","guid":{"rendered":"https:\/\/nordlinekumblustunnid.ee\/?post_type=product&#038;p=6925"},"modified":"2024-09-06T09:12:11","modified_gmt":"2024-09-06T06:12:11","slug":"puidukutteahi-35-kw-2","status":"publish","type":"product","link":"https:\/\/nordlinekumblustunnid.ee\/et\/toode\/puidukutteahi-35-kw-2\/","title":{"rendered":"Puiduk\u00fctteahi 35 kW"},"content":{"rendered":"<h1>Puiduk\u00fctteahi 35 kW<\/h1>\n<p>K\u00fcmblust\u00fcnni v\u00e4lisahi on valmistatud kvaliteetsest materjalist, mis on k\u00f5rge korrosioonitaluvusega ning kiire soojusvahetusega.<\/p>\n<p>Komplekti kuuluvad 2 meetri k\u00f5rgune korsten ja \u00fchenduskomplekt ahju \u00fchendamiseks t\u00fcnni k\u00fclge.<\/p>\n","protected":false},"excerpt":{"rendered":"<p>Puiduk\u00fctteahi 35 kW K\u00fcmblust\u00fcnni v\u00e4lisahi on valmistatud kvaliteetsest materjalist, mis on k\u00f5rge korrosioonitaluvusega ning kiire soojusvahetusega. Komplekti kuuluvad 2 meetri k\u00f5rgune korsten ja \u00fchenduskomplekt ahju \u00fchendamiseks t\u00fcnni k\u00fclge.<\/p>\n","protected":false},"featured_media":6926,"template":"","meta":{"_kad_blocks_custom_css":"","_kad_blocks_head_custom_js":"","_kad_blocks_body_custom_js":"","_kad_blocks_footer_custom_js":"","_kad_post_transparent":"default","_kad_post_title":"","_kad_post_layout":"default","_kad_post_sidebar_id":"","_kad_post_content_style":"default","_kad_post_vertical_padding":"default","_kad_post_feature":"","_kad_post_feature_position":"","_kad_post_header":false,"_kad_post_footer":false,"_kad_post_classname":""},"product_brand":[],"product_cat":[207],"product_tag":[],"class_list":{"0":"post-6925","1":"product","2":"type-product","3":"status-publish","4":"has-post-thumbnail","6":"product_cat-kumblustunni-lisad","7":"tm-has-options","9":"first","10":"instock","11":"taxable","12":"shipping-taxable","13":"purchasable","14":"product-type-simple","15":"entry","16":"content-bg","17":"loop-entry"},"yoast_head":"<!-- This site is optimized with the Yoast SEO plugin v27.5 - https:\/\/yoast.com\/product\/yoast-seo-wordpress\/ -->\n<title>K\u00fcmblust\u00fcnni puuk\u00fctteahi 27kW<\/title>\n<meta name=\"description\" content=\"Roostevabast tugev k\u00fcmblust\u00fcnni puuk\u00fctteahi v\u00f5imsusega 27kW. Kaasas 2 meetrine korsten koos s\u00e4demep\u00fc\u00fcdjaga, tuharest ja \u00fchendustarvikud.\" \/>\n<meta name=\"robots\" content=\"index, follow, max-snippet:-1, max-image-preview:large, max-video-preview:-1\" \/>\n<link rel=\"canonical\" href=\"https:\/\/nordlinekumblustunnid.ee\/et\/toode\/puidukutteahi-35-kw-2\/\" \/>\n<meta property=\"og:locale\" content=\"et_EE\" \/>\n<meta property=\"og:type\" content=\"article\" \/>\n<meta property=\"og:title\" content=\"K\u00fcmblust\u00fcnni puuk\u00fctteahi 27kW\" \/>\n<meta property=\"og:description\" content=\"Roostevabast tugev k\u00fcmblust\u00fcnni puuk\u00fctteahi v\u00f5imsusega 27kW. Kaasas 2 meetrine korsten koos s\u00e4demep\u00fc\u00fcdjaga, tuharest ja \u00fchendustarvikud.\" \/>\n<meta property=\"og:url\" content=\"https:\/\/nordlinekumblustunnid.ee\/et\/toode\/puidukutteahi-35-kw-2\/\" \/>\n<meta property=\"og:site_name\" content=\"NordLine k\u00fcmblust\u00fcnnide tootja\" \/>\n<meta property=\"article:publisher\" content=\"https:\/\/www.facebook.com\/nordlineboats\" \/>\n<meta property=\"article:modified_time\" content=\"2024-09-06T06:12:11+00:00\" \/>\n<meta property=\"og:image\" content=\"https:\/\/nordlinekumblustunnid.ee\/wp-content\/uploads\/2024\/09\/20230828_110305-scaled.jpg\" \/>\n\t<meta property=\"og:image:width\" content=\"2560\" \/>\n\t<meta property=\"og:image:height\" content=\"1918\" \/>\n\t<meta property=\"og:image:type\" content=\"image\/jpeg\" \/>\n<meta name=\"twitter:card\" content=\"summary_large_image\" \/>\n<meta name=\"twitter:label1\" content=\"Est. reading time\" \/>\n\t<meta name=\"twitter:data1\" content=\"1 minut\" \/>\n<script type=\"application\/ld+json\" class=\"yoast-schema-graph\">{\"@context\":\"https:\\\/\\\/schema.org\",\"@graph\":[{\"@type\":\"WebPage\",\"@id\":\"https:\\\/\\\/nordlinekumblustunnid.ee\\\/et\\\/toode\\\/puidukutteahi-35-kw-2\\\/\",\"url\":\"https:\\\/\\\/nordlinekumblustunnid.ee\\\/et\\\/toode\\\/puidukutteahi-35-kw-2\\\/\",\"name\":\"K\u00fcmblust\u00fcnni puuk\u00fctteahi 27kW\",\"isPartOf\":{\"@id\":\"https:\\\/\\\/nordlinekumblustunnid.ee\\\/et\\\/#website\"},\"primaryImageOfPage\":{\"@id\":\"https:\\\/\\\/nordlinekumblustunnid.ee\\\/et\\\/toode\\\/puidukutteahi-35-kw-2\\\/#primaryimage\"},\"image\":{\"@id\":\"https:\\\/\\\/nordlinekumblustunnid.ee\\\/et\\\/toode\\\/puidukutteahi-35-kw-2\\\/#primaryimage\"},\"thumbnailUrl\":\"https:\\\/\\\/nordlinekumblustunnid.ee\\\/wp-content\\\/uploads\\\/2024\\\/09\\\/20230828_110305-scaled.jpg\",\"datePublished\":\"2024-09-06T06:06:15+00:00\",\"dateModified\":\"2024-09-06T06:12:11+00:00\",\"description\":\"Roostevabast tugev k\u00fcmblust\u00fcnni puuk\u00fctteahi v\u00f5imsusega 27kW. Kaasas 2 meetrine korsten koos s\u00e4demep\u00fc\u00fcdjaga, tuharest ja \u00fchendustarvikud.\",\"breadcrumb\":{\"@id\":\"https:\\\/\\\/nordlinekumblustunnid.ee\\\/et\\\/toode\\\/puidukutteahi-35-kw-2\\\/#breadcrumb\"},\"inLanguage\":\"et\",\"potentialAction\":[{\"@type\":\"ReadAction\",\"target\":[\"https:\\\/\\\/nordlinekumblustunnid.ee\\\/et\\\/toode\\\/puidukutteahi-35-kw-2\\\/\"]}]},{\"@type\":\"ImageObject\",\"inLanguage\":\"et\",\"@id\":\"https:\\\/\\\/nordlinekumblustunnid.ee\\\/et\\\/toode\\\/puidukutteahi-35-kw-2\\\/#primaryimage\",\"url\":\"https:\\\/\\\/nordlinekumblustunnid.ee\\\/wp-content\\\/uploads\\\/2024\\\/09\\\/20230828_110305-scaled.jpg\",\"contentUrl\":\"https:\\\/\\\/nordlinekumblustunnid.ee\\\/wp-content\\\/uploads\\\/2024\\\/09\\\/20230828_110305-scaled.jpg\",\"width\":2560,\"height\":1918,\"caption\":\"K\u00fcmblust\u00fcnni ahi 35kW kandiline\"},{\"@type\":\"BreadcrumbList\",\"@id\":\"https:\\\/\\\/nordlinekumblustunnid.ee\\\/et\\\/toode\\\/puidukutteahi-35-kw-2\\\/#breadcrumb\",\"itemListElement\":[{\"@type\":\"ListItem\",\"position\":1,\"name\":\"Home\",\"item\":\"https:\\\/\\\/nordlinekumblustunnid.ee\\\/et\\\/\"},{\"@type\":\"ListItem\",\"position\":2,\"name\":\"Pood\",\"item\":\"https:\\\/\\\/nordlinekumblustunnid.ee\\\/et\\\/pood\\\/\"},{\"@type\":\"ListItem\",\"position\":3,\"name\":\"Puiduk\u00fctteahi 35 kW\"}]},{\"@type\":\"WebSite\",\"@id\":\"https:\\\/\\\/nordlinekumblustunnid.ee\\\/et\\\/#website\",\"url\":\"https:\\\/\\\/nordlinekumblustunnid.ee\\\/et\\\/\",\"name\":\"NordLine k\u00fcmblust\u00fcnnide tootja\",\"description\":\"\",\"potentialAction\":[{\"@type\":\"SearchAction\",\"target\":{\"@type\":\"EntryPoint\",\"urlTemplate\":\"https:\\\/\\\/nordlinekumblustunnid.ee\\\/et\\\/?s={search_term_string}\"},\"query-input\":{\"@type\":\"PropertyValueSpecification\",\"valueRequired\":true,\"valueName\":\"search_term_string\"}}],\"inLanguage\":\"et\"}]}<\/script>\n<!-- \/ Yoast SEO plugin. -->","yoast_head_json":{"title":"K\u00fcmblust\u00fcnni puuk\u00fctteahi 27kW","description":"Roostevabast tugev k\u00fcmblust\u00fcnni puuk\u00fctteahi v\u00f5imsusega 27kW. Kaasas 2 meetrine korsten koos s\u00e4demep\u00fc\u00fcdjaga, tuharest ja \u00fchendustarvikud.","robots":{"index":"index","follow":"follow","max-snippet":"max-snippet:-1","max-image-preview":"max-image-preview:large","max-video-preview":"max-video-preview:-1"},"canonical":"https:\/\/nordlinekumblustunnid.ee\/et\/toode\/puidukutteahi-35-kw-2\/","og_locale":"et_EE","og_type":"article","og_title":"K\u00fcmblust\u00fcnni puuk\u00fctteahi 27kW","og_description":"Roostevabast tugev k\u00fcmblust\u00fcnni puuk\u00fctteahi v\u00f5imsusega 27kW. Kaasas 2 meetrine korsten koos s\u00e4demep\u00fc\u00fcdjaga, tuharest ja \u00fchendustarvikud.","og_url":"https:\/\/nordlinekumblustunnid.ee\/et\/toode\/puidukutteahi-35-kw-2\/","og_site_name":"NordLine k\u00fcmblust\u00fcnnide tootja","article_publisher":"https:\/\/www.facebook.com\/nordlineboats","article_modified_time":"2024-09-06T06:12:11+00:00","og_image":[{"width":2560,"height":1918,"url":"https:\/\/nordlinekumblustunnid.ee\/wp-content\/uploads\/2024\/09\/20230828_110305-scaled.jpg","type":"image\/jpeg"}],"twitter_card":"summary_large_image","twitter_misc":{"Est. reading time":"1 minut"},"schema":{"@context":"https:\/\/schema.org","@graph":[{"@type":"WebPage","@id":"https:\/\/nordlinekumblustunnid.ee\/et\/toode\/puidukutteahi-35-kw-2\/","url":"https:\/\/nordlinekumblustunnid.ee\/et\/toode\/puidukutteahi-35-kw-2\/","name":"K\u00fcmblust\u00fcnni puuk\u00fctteahi 27kW","isPartOf":{"@id":"https:\/\/nordlinekumblustunnid.ee\/et\/#website"},"primaryImageOfPage":{"@id":"https:\/\/nordlinekumblustunnid.ee\/et\/toode\/puidukutteahi-35-kw-2\/#primaryimage"},"image":{"@id":"https:\/\/nordlinekumblustunnid.ee\/et\/toode\/puidukutteahi-35-kw-2\/#primaryimage"},"thumbnailUrl":"https:\/\/nordlinekumblustunnid.ee\/wp-content\/uploads\/2024\/09\/20230828_110305-scaled.jpg","datePublished":"2024-09-06T06:06:15+00:00","dateModified":"2024-09-06T06:12:11+00:00","description":"Roostevabast tugev k\u00fcmblust\u00fcnni puuk\u00fctteahi v\u00f5imsusega 27kW. Kaasas 2 meetrine korsten koos s\u00e4demep\u00fc\u00fcdjaga, tuharest ja \u00fchendustarvikud.","breadcrumb":{"@id":"https:\/\/nordlinekumblustunnid.ee\/et\/toode\/puidukutteahi-35-kw-2\/#breadcrumb"},"inLanguage":"et","potentialAction":[{"@type":"ReadAction","target":["https:\/\/nordlinekumblustunnid.ee\/et\/toode\/puidukutteahi-35-kw-2\/"]}]},{"@type":"ImageObject","inLanguage":"et","@id":"https:\/\/nordlinekumblustunnid.ee\/et\/toode\/puidukutteahi-35-kw-2\/#primaryimage","url":"https:\/\/nordlinekumblustunnid.ee\/wp-content\/uploads\/2024\/09\/20230828_110305-scaled.jpg","contentUrl":"https:\/\/nordlinekumblustunnid.ee\/wp-content\/uploads\/2024\/09\/20230828_110305-scaled.jpg","width":2560,"height":1918,"caption":"K\u00fcmblust\u00fcnni ahi 35kW kandiline"},{"@type":"BreadcrumbList","@id":"https:\/\/nordlinekumblustunnid.ee\/et\/toode\/puidukutteahi-35-kw-2\/#breadcrumb","itemListElement":[{"@type":"ListItem","position":1,"name":"Home","item":"https:\/\/nordlinekumblustunnid.ee\/et\/"},{"@type":"ListItem","position":2,"name":"Pood","item":"https:\/\/nordlinekumblustunnid.ee\/et\/pood\/"},{"@type":"ListItem","position":3,"name":"Puiduk\u00fctteahi 35 kW"}]},{"@type":"WebSite","@id":"https:\/\/nordlinekumblustunnid.ee\/et\/#website","url":"https:\/\/nordlinekumblustunnid.ee\/et\/","name":"NordLine k\u00fcmblust\u00fcnnide tootja","description":"","potentialAction":[{"@type":"SearchAction","target":{"@type":"EntryPoint","urlTemplate":"https:\/\/nordlinekumblustunnid.ee\/et\/?s={search_term_string}"},"query-input":{"@type":"PropertyValueSpecification","valueRequired":true,"valueName":"search_term_string"}}],"inLanguage":"et"}]}},"taxonomy_info":{"product_cat":[{"value":207,"label":"K\u00fcmblust\u00fcnni lisad"}]},"featured_image_src_large":["https:\/\/nordlinekumblustunnid.ee\/wp-content\/uploads\/2024\/09\/20230828_110305-1024x767.jpg",1024,767,true],"author_info":[],"comment_info":"","_links":{"self":[{"href":"https:\/\/nordlinekumblustunnid.ee\/et\/wp-json\/wp\/v2\/product\/6925","targetHints":{"allow":["GET"]}}],"collection":[{"href":"https:\/\/nordlinekumblustunnid.ee\/et\/wp-json\/wp\/v2\/product"}],"about":[{"href":"https:\/\/nordlinekumblustunnid.ee\/et\/wp-json\/wp\/v2\/types\/product"}],"wp:featuredmedia":[{"embeddable":true,"href":"https:\/\/nordlinekumblustunnid.ee\/et\/wp-json\/wp\/v2\/media\/6926"}],"wp:attachment":[{"href":"https:\/\/nordlinekumblustunnid.ee\/et\/wp-json\/wp\/v2\/media?parent=6925"}],"wp:term":[{"taxonomy":"product_brand","embeddable":true,"href":"https:\/\/nordlinekumblustunnid.ee\/et\/wp-json\/wp\/v2\/product_brand?post=6925"},{"taxonomy":"product_cat","embeddable":true,"href":"https:\/\/nordlinekumblustunnid.ee\/et\/wp-json\/wp\/v2\/product_cat?post=6925"},{"taxonomy":"product_tag","embeddable":true,"href":"https:\/\/nordlinekumblustunnid.ee\/et\/wp-json\/wp\/v2\/product_tag?post=6925"}],"curies":[{"name":"wp","href":"https:\/\/api.w.org\/{rel}","templated":true}]}}